{"id":969,"date":"2016-04-25T19:09:32","date_gmt":"2016-04-25T19:09:32","guid":{"rendered":"https:\/\/watermarktheatre.com\/?page_id=969"},"modified":"2023-05-06T16:57:07","modified_gmt":"2023-05-06T19:57:07","slug":"gracie-finley","status":"publish","type":"page","link":"https:\/\/www.watermarktheatre.com\/fr\/gracie-finley\/","title":{"rendered":"Gracie Finley"},"content":{"rendered":"<p><img loading=\"lazy\" decoding=\"async\" class=\"size-medium wp-image-318 alignleft\" src=\"http:\/\/watermarktheatre.com\/wp-content\/uploads\/2016\/03\/gracie_finley-300x212.jpg\" alt=\"gracie_finley\" width=\"300\" height=\"212\" srcset=\"https:\/\/www.watermarktheatre.com\/wp-content\/uploads\/2016\/03\/gracie_finley-300x212.jpg 300w, https:\/\/www.watermarktheatre.com\/wp-content\/uploads\/2016\/03\/gracie_finley-768x543.jpg 768w, https:\/\/www.watermarktheatre.com\/wp-content\/uploads\/2016\/03\/gracie_finley-1024x724.jpg 1024w, https:\/\/www.watermarktheatre.com\/wp-content\/uploads\/2016\/03\/gracie_finley.jpg 1297w\" sizes=\"auto, (max-width: 300px) 100vw, 300px\" \/><strong>Clairee dans Steel Magnolias<\/strong><\/p>\n<p><span style=\"font-weight: 400;\">C\u2019est une septi\u00e8me saison pour Gracie au Watermark, car elle a jou\u00e9 dans <\/span><i><span style=\"font-weight: 400;\">The Shore Field, Alice in Wonderland, The Lion in Winter, Romeo and Juliet, An Ideal Husband, Blithe Spirit, The Glass Menagerie, Mrs. Warren\u2019s Profession,<\/span><\/i><span style=\"font-weight: 400;\">\u00a0<\/span><i><span style=\"font-weight: 400;\">Barefoot in the Park et The Gin Game<\/span><\/i><span style=\"font-weight: 400;\">. Gracie, qui a \u00e9t\u00e9 \u00e9lev\u00e9e \u00e0 Charlottetown et a pass\u00e9 ses \u00e9t\u00e9s \u00e0 Alberton, est bien connue sur l\u2019\u00cele, car elle a incarn\u00e9 Anne Shirley dans <\/span><i><span style=\"font-weight: 400;\">Anne of Green Gables: The Musical<\/span><\/i><span style=\"font-weight: 400;\"> de 1968 \u00e0 1974 et encore de 1984 \u00e0 1985.\u00a0<\/span><\/p>\n<p><span style=\"font-weight: 400;\">Mme Finley a aussi jou\u00e9 des r\u00f4les dans <\/span><i><span style=\"font-weight: 400;\">Mary Queen of Scots, Jane Eyre, Sunshine Town, Private Turvey <\/span><\/i><span style=\"font-weight: 400;\">et<\/span><i><span style=\"font-weight: 400;\"> Life Can be Like Wow, Joey\u2026<\/span><\/i><span style=\"font-weight: 400;\"> au Festival de Charlottetown, dans <\/span><i><span style=\"font-weight: 400;\">Butterflies are Free<\/span><\/i><span style=\"font-weight: 400;\"> au Th\u00e9\u00e2tre Nouveau-Brunswick et dans <\/span><i><span style=\"font-weight: 400;\">Rumpelstiltskin<\/span><\/i><span style=\"font-weight: 400;\"> au Neptune Theatre.<\/span><\/p>\n","protected":false},"excerpt":{"rendered":"<p>Clairee dans Steel Magnolias C\u2019est une septi\u00e8me saison pour Gracie au Watermark, car elle a jou\u00e9 dans The Shore Field, Alice in Wonderland, The Lion in Winter, Romeo and Juliet, &hellip; <a href=\"https:\/\/www.watermarktheatre.com\/fr\/gracie-finley\/\">Continued<\/a><\/p>\n","protected":false},"author":3,"featured_media":0,"parent":0,"menu_order":0,"comment_status":"closed","ping_status":"closed","template":"","meta":{"footnotes":""},"class_list":["post-969","page","type-page","status-publish","hentry"],"_links":{"self":[{"href":"https:\/\/www.watermarktheatre.com\/fr\/wp-json\/wp\/v2\/pages\/969","targetHints":{"allow":["GET"]}}],"collection":[{"href":"https:\/\/www.watermarktheatre.com\/fr\/wp-json\/wp\/v2\/pages"}],"about":[{"href":"https:\/\/www.watermarktheatre.com\/fr\/wp-json\/wp\/v2\/types\/page"}],"author":[{"embeddable":true,"href":"https:\/\/www.watermarktheatre.com\/fr\/wp-json\/wp\/v2\/users\/3"}],"replies":[{"embeddable":true,"href":"https:\/\/www.watermarktheatre.com\/fr\/wp-json\/wp\/v2\/comments?post=969"}],"version-history":[{"count":12,"href":"https:\/\/www.watermarktheatre.com\/fr\/wp-json\/wp\/v2\/pages\/969\/revisions"}],"predecessor-version":[{"id":6517,"href":"https:\/\/www.watermarktheatre.com\/fr\/wp-json\/wp\/v2\/pages\/969\/revisions\/6517"}],"wp:attachment":[{"href":"https:\/\/www.watermarktheatre.com\/fr\/wp-json\/wp\/v2\/media?parent=969"}],"curies":[{"name":"wp","href":"https:\/\/api.w.org\/{rel}","templated":true}]}}