{"id":940,"date":"2016-04-25T18:38:12","date_gmt":"2016-04-25T18:38:12","guid":{"rendered":"https:\/\/watermarktheatre.com\/?page_id=940"},"modified":"2026-04-06T21:20:20","modified_gmt":"2026-04-07T00:20:20","slug":"creative-team","status":"publish","type":"page","link":"https:\/\/www.watermarktheatre.com\/fr\/on-stage\/creative-team\/","title":{"rendered":"\u00c9quipe de cr\u00e9ation &#8211; 2026"},"content":{"rendered":"<h4 style=\"text-align: center;\"><strong>Cliquez sur le nom pour visionner la biographie<\/strong><\/h4>\n<h4 style=\"text-align: center;\">\u00a0 Metteuses en sc\u00e8ne<\/h4>\n<p style=\"text-align: center;\"><a href=\"http:\/\/watermarktheatre.com\/fr\/the-company\/artistic-director\/\">Robert Tsonos<\/a><\/p>\n<p style=\"text-align: center;\">Rebecca Parent<\/p>\n<h4 style=\"text-align: center;\">Concepteurs<\/h4>\n<p style=\"text-align: center;\">Sabrina Balliana<\/p>\n<p style=\"text-align: center;\">Kahentan\u00f3:ron Brianna Montour<\/p>\n<p style=\"text-align: center;\">James Clement<\/p>\n<p style=\"text-align: center;\">Pat Caron<\/p>\n<h4 style=\"text-align: center;\">Acteurs<\/h4>\n<div style=\"text-align: center;\"><span class=\"gs_tkn\">\u00c0\u00a0<\/span><span class=\"gs_tkn\">annoncer<\/span><\/div>\n<h4 style=\"text-align: center;\">Stage Manager<\/h4>\n<p style=\"text-align: center;\">Susan D. Currie<\/p>\n<p style=\"text-align: center;\">\n","protected":false},"excerpt":{"rendered":"<p>Cliquez sur le nom pour visionner la biographie \u00a0 Metteuses en sc\u00e8ne Robert Tsonos Rebecca Parent Concepteurs Sabrina Balliana Kahentan\u00f3:ron Brianna Montour James Clement Pat Caron Acteurs \u00c0\u00a0annoncer Stage Manager &hellip; <a href=\"https:\/\/www.watermarktheatre.com\/fr\/on-stage\/creative-team\/\">Continued<\/a><\/p>\n","protected":false},"author":3,"featured_media":0,"parent":883,"menu_order":0,"comment_status":"closed","ping_status":"closed","template":"","meta":{"footnotes":""},"class_list":["post-940","page","type-page","status-publish","hentry"],"_links":{"self":[{"href":"https:\/\/www.watermarktheatre.com\/fr\/wp-json\/wp\/v2\/pages\/940","targetHints":{"allow":["GET"]}}],"collection":[{"href":"https:\/\/www.watermarktheatre.com\/fr\/wp-json\/wp\/v2\/pages"}],"about":[{"href":"https:\/\/www.watermarktheatre.com\/fr\/wp-json\/wp\/v2\/types\/page"}],"author":[{"embeddable":true,"href":"https:\/\/www.watermarktheatre.com\/fr\/wp-json\/wp\/v2\/users\/3"}],"replies":[{"embeddable":true,"href":"https:\/\/www.watermarktheatre.com\/fr\/wp-json\/wp\/v2\/comments?post=940"}],"version-history":[{"count":135,"href":"https:\/\/www.watermarktheatre.com\/fr\/wp-json\/wp\/v2\/pages\/940\/revisions"}],"predecessor-version":[{"id":8269,"href":"https:\/\/www.watermarktheatre.com\/fr\/wp-json\/wp\/v2\/pages\/940\/revisions\/8269"}],"up":[{"embeddable":true,"href":"https:\/\/www.watermarktheatre.com\/fr\/wp-json\/wp\/v2\/pages\/883"}],"wp:attachment":[{"href":"https:\/\/www.watermarktheatre.com\/fr\/wp-json\/wp\/v2\/media?parent=940"}],"curies":[{"name":"wp","href":"https:\/\/api.w.org\/{rel}","templated":true}]}}