{"id":935,"date":"2016-04-25T18:32:42","date_gmt":"2016-04-25T18:32:42","guid":{"rendered":"https:\/\/watermarktheatre.com\/?page_id=935"},"modified":"2025-02-25T10:06:16","modified_gmt":"2025-02-25T14:06:16","slug":"work-with-us","status":"publish","type":"page","link":"https:\/\/www.watermarktheatre.com\/fr\/support-us\/work-with-us\/","title":{"rendered":"TRAVAILLER AVEC NOUS"},"content":{"rendered":"<h3>B\u00c9N\u00c9VOLES<\/h3>\n<p>Nous AIMONS les b\u00e9n\u00e9voles. Si vous avez du temps \u00e0 nous consacrer, nous serions des plus heureux de vous rencontrer.<\/p>\n<p>Nos b\u00e9n\u00e9voles travaillent comme ouvreurs et guichetiers, donnent un coup de main lors de nos festivals et de nos activit\u00e9s, s\u2019occupent du jardinage, remplissent des enveloppes et participent \u00e0 l\u2019entretien autour du b\u00e2timent.<\/p>\n<p>Si vous croyez avoir du temps pour nous, faites-le savoir par \u00e9crit \u00e0 admin@watermarktheatre.com en indiquant vos secteurs d\u2019int\u00e9r\u00eat et votre disponibilit\u00e9.<\/p>\n<p>Ensuite de quoi nous vous assignerons une t\u00e2che!<\/p>\n<p>&nbsp;<\/p>\n<h3>AUDITIONS<\/h3>\n<p>Chaque ann\u00e9e, les auditions g\u00e9n\u00e9rales se tiennent \u00e0 l\u2019\u00cele-du-Prince-\u00c9douard en decembre et \u00e0 Toronto en janvier. Pour obtenir une audition, veuillez en pr\u00e9senter la demande au directeur artistique, Robert Tsonos, par courriel \u00e0 l\u2019adresse <a href=\"mailto:artisticdirector@watermarktheatre.com\" target=\"_blank\" rel=\"noopener\">artisticdirector@<wbr \/>watermarktheatre.com<\/a>, un mois avant la tenue des auditions.<\/p>\n<p>&nbsp;<\/p>\n<h3>MEMBRES DU CONSEIL D\u2019ADMINISTRATION<\/h3>\n<p>Les personnes qui offrent leurs services b\u00e9n\u00e9volement pour faire partie du conseil d\u2019administration sont toujours les bienvenues. Si vous pensez avoir quelque chose \u00e0 contribuer \u00e0 notre conseil d\u2019administration, veuillez communiquer avec nous: admin@watermarktheatre.com<\/p>\n","protected":false},"excerpt":{"rendered":"<p>B\u00c9N\u00c9VOLES Nous AIMONS les b\u00e9n\u00e9voles. Si vous avez du temps \u00e0 nous consacrer, nous serions des plus heureux de vous rencontrer. Nos b\u00e9n\u00e9voles travaillent comme ouvreurs et guichetiers, donnent un &hellip; <a href=\"https:\/\/www.watermarktheatre.com\/fr\/support-us\/work-with-us\/\">Continued<\/a><\/p>\n","protected":false},"author":3,"featured_media":0,"parent":915,"menu_order":0,"comment_status":"closed","ping_status":"closed","template":"","meta":{"footnotes":""},"class_list":["post-935","page","type-page","status-publish","hentry"],"_links":{"self":[{"href":"https:\/\/www.watermarktheatre.com\/fr\/wp-json\/wp\/v2\/pages\/935","targetHints":{"allow":["GET"]}}],"collection":[{"href":"https:\/\/www.watermarktheatre.com\/fr\/wp-json\/wp\/v2\/pages"}],"about":[{"href":"https:\/\/www.watermarktheatre.com\/fr\/wp-json\/wp\/v2\/types\/page"}],"author":[{"embeddable":true,"href":"https:\/\/www.watermarktheatre.com\/fr\/wp-json\/wp\/v2\/users\/3"}],"replies":[{"embeddable":true,"href":"https:\/\/www.watermarktheatre.com\/fr\/wp-json\/wp\/v2\/comments?post=935"}],"version-history":[{"count":9,"href":"https:\/\/www.watermarktheatre.com\/fr\/wp-json\/wp\/v2\/pages\/935\/revisions"}],"predecessor-version":[{"id":7415,"href":"https:\/\/www.watermarktheatre.com\/fr\/wp-json\/wp\/v2\/pages\/935\/revisions\/7415"}],"up":[{"embeddable":true,"href":"https:\/\/www.watermarktheatre.com\/fr\/wp-json\/wp\/v2\/pages\/915"}],"wp:attachment":[{"href":"https:\/\/www.watermarktheatre.com\/fr\/wp-json\/wp\/v2\/media?parent=935"}],"curies":[{"name":"wp","href":"https:\/\/api.w.org\/{rel}","templated":true}]}}