{"id":930,"date":"2016-04-25T18:30:17","date_gmt":"2016-04-25T18:30:17","guid":{"rendered":"https:\/\/watermarktheatre.com\/?page_id=930"},"modified":"2023-05-06T17:09:31","modified_gmt":"2023-05-06T20:09:31","slug":"venue-rentals","status":"publish","type":"page","link":"https:\/\/www.watermarktheatre.com\/fr\/support-us\/venue-rentals\/","title":{"rendered":"LOCATION DES INSTALLATIONS"},"content":{"rendered":"<h3>LOUEZ LE WATERMARK THEATRE<\/h3>\n<div>\n<p><a href=\"http:\/\/watermarktheatre.com\/wp-content\/uploads\/2016\/03\/Theatre_Terraxe.jpg\"><img loading=\"lazy\" decoding=\"async\" class=\"size-medium wp-image-764 alignleft\" src=\"http:\/\/watermarktheatre.com\/wp-content\/uploads\/2016\/03\/Theatre_Terraxe-225x300.jpg\" alt=\"Theatre_Terraxe\" width=\"225\" height=\"300\" srcset=\"https:\/\/www.watermarktheatre.com\/wp-content\/uploads\/2016\/03\/Theatre_Terraxe-225x300.jpg 225w, https:\/\/www.watermarktheatre.com\/wp-content\/uploads\/2016\/03\/Theatre_Terraxe-768x1024.jpg 768w, https:\/\/www.watermarktheatre.com\/wp-content\/uploads\/2016\/03\/Theatre_Terraxe.jpg 1200w\" sizes=\"auto, (max-width: 225px) 100vw, 225px\" \/><\/a>Mariages, spectacles, r\u00e9ceptions, activit\u00e9s corporatives et r\u00e9unions, magasins \u00e9ph\u00e9m\u00e8res, galeries&#8230;<\/p>\n<p>Pour obtenir un devis et les tarifs, veuillez communiquer par \u00e9crit avec la directrice g\u00e9n\u00e9rale \u00e0 admin@watermarktheatre.com.<\/p>\n<p>&nbsp;<\/p>\n<\/div>\n","protected":false},"excerpt":{"rendered":"<p>LOUEZ LE WATERMARK THEATRE Mariages, spectacles, r\u00e9ceptions, activit\u00e9s corporatives et r\u00e9unions, magasins \u00e9ph\u00e9m\u00e8res, galeries&#8230; Pour obtenir un devis et les tarifs, veuillez communiquer par \u00e9crit avec la directrice g\u00e9n\u00e9rale \u00e0 &hellip; <a href=\"https:\/\/www.watermarktheatre.com\/fr\/support-us\/venue-rentals\/\">Continued<\/a><\/p>\n","protected":false},"author":3,"featured_media":0,"parent":915,"menu_order":0,"comment_status":"closed","ping_status":"closed","template":"","meta":{"footnotes":""},"class_list":["post-930","page","type-page","status-publish","hentry"],"_links":{"self":[{"href":"https:\/\/www.watermarktheatre.com\/fr\/wp-json\/wp\/v2\/pages\/930","targetHints":{"allow":["GET"]}}],"collection":[{"href":"https:\/\/www.watermarktheatre.com\/fr\/wp-json\/wp\/v2\/pages"}],"about":[{"href":"https:\/\/www.watermarktheatre.com\/fr\/wp-json\/wp\/v2\/types\/page"}],"author":[{"embeddable":true,"href":"https:\/\/www.watermarktheatre.com\/fr\/wp-json\/wp\/v2\/users\/3"}],"replies":[{"embeddable":true,"href":"https:\/\/www.watermarktheatre.com\/fr\/wp-json\/wp\/v2\/comments?post=930"}],"version-history":[{"count":5,"href":"https:\/\/www.watermarktheatre.com\/fr\/wp-json\/wp\/v2\/pages\/930\/revisions"}],"predecessor-version":[{"id":6536,"href":"https:\/\/www.watermarktheatre.com\/fr\/wp-json\/wp\/v2\/pages\/930\/revisions\/6536"}],"up":[{"embeddable":true,"href":"https:\/\/www.watermarktheatre.com\/fr\/wp-json\/wp\/v2\/pages\/915"}],"wp:attachment":[{"href":"https:\/\/www.watermarktheatre.com\/fr\/wp-json\/wp\/v2\/media?parent=930"}],"curies":[{"name":"wp","href":"https:\/\/api.w.org\/{rel}","templated":true}]}}