{"id":926,"date":"2016-04-25T18:26:11","date_gmt":"2016-04-25T18:26:11","guid":{"rendered":"https:\/\/watermarktheatre.com\/?page_id=926"},"modified":"2025-05-05T12:42:40","modified_gmt":"2025-05-05T15:42:40","slug":"buy-out-the-house","status":"publish","type":"page","link":"https:\/\/www.watermarktheatre.com\/fr\/support-us\/buy-out-the-house\/","title":{"rendered":"R\u00c9SERVEZ LE TH\u00c9\u00c2TRE AU COMPLET"},"content":{"rendered":"<p>PASSEZ UNE BELLE APR\u00c8S-MIDI OU SOIR\u00c9E AU TH\u00c9\u00c2TRE AVEC DES ACTEURS PROFESSIONNELS, DANS LE SPLENDIDE NORTH RUSTICO! R\u00c9SERVEZ NOTRE TH\u00c9\u00c2TRE DE 100 PLACES, NOTRE BAR ET NOTRE BELLE TERRASSE POUR VOS F\u00caTES DU PERSONNEL, LES ACTIVIT\u00c9S DE RECONNAISSANCE DES CLIENTS OU DE FINANCEMENT!<\/p>\n<h3><b>LISEZ CE QUE LES GENS QUI ONT R\u00c9SERV\u00c9 LE TH\u00c9\u00c2TRE AU COMPLET EN DISENT!<\/b><\/h3>\n<p>&nbsp;<\/p>\n<p><i><span style=\"font-weight: 400;\">\u201c\u2026 C\u2019est l\u2019endroit parfait pour tenir une activit\u00e9 sociale ou de financement, et nos membres ont vraiment appr\u00e9ci\u00e9 l\u2019atmosph\u00e8re d\u00e9tendue et accueillante du Watermark Theatre. Le personnel a \u00e9t\u00e9 fantastique et il s\u2019est occup\u00e9 de tous les d\u00e9tails de la soir\u00e9e. Ce fut un plaisir de travailler avec lui. L\u2019activit\u00e9 s\u2019est d\u00e9roul\u00e9e sans heurts et elle a \u00e9t\u00e9 facile \u00e0 coordonner et agr\u00e9able pour nos membres&#8230; nous n\u2019avons que des \u00e9loges \u00e0 donner par rapport \u00e0 la repr\u00e9sentation et au lieu!\u201d <\/span><\/i><span style=\"font-weight: 400;\">\u00a0\u00a0Sara Roach-Lewis, Women\u2019s Network<\/span><\/p>\n<p><span style=\"font-weight: 400;\">\u201c\u2026<\/span><i><span style=\"font-weight: 400;\">Nous r\u00e9servons le th\u00e9\u00e2tre au complet depuis quelques \u00e9t\u00e9s parce que l\u2019activit\u00e9 est exceptionnelle et suscite l\u2019engagement du clients. Les r\u00e9troactions de nos clients ont \u00e9t\u00e9 incroyables! Les entreprises qui cherchent \u00e0 faire vivre une exp\u00e9rience tout \u00e0 fait hors de l\u2019ordinaire \u00e0 leurs clients ou \u00e0 leur personnel doivent absolument r\u00e9server une sortie au Watermark Theatre.\u201d \u00a0<\/span><\/i><span style=\"font-weight: 400;\">Eddie Curran<\/span><i><span style=\"font-weight: 400;\">, <\/span><\/i><span style=\"font-weight: 400;\">Gestion de patrimoine Scotia<\/span><\/p>\n<p>&nbsp;<\/p>\n<p><span style=\"font-weight: 400;\">POUR VOTRE ACHAT, CONTACTEZ-NOUS PAR T\u00c9L\u00c9PHONE AU 902-963-3963 OU PAR COURRIEL \u00c0 <a href=\"mailto:ADMIN@WATERMARKTHEATRE.COM\">ADMIN@WATERMARKTHEATRE.COM<\/a><\/span><\/p>\n","protected":false},"excerpt":{"rendered":"<p>PASSEZ UNE BELLE APR\u00c8S-MIDI OU SOIR\u00c9E AU TH\u00c9\u00c2TRE AVEC DES ACTEURS PROFESSIONNELS, DANS LE SPLENDIDE NORTH RUSTICO! R\u00c9SERVEZ NOTRE TH\u00c9\u00c2TRE DE 100 PLACES, NOTRE BAR ET NOTRE BELLE TERRASSE POUR &hellip; <a href=\"https:\/\/www.watermarktheatre.com\/fr\/support-us\/buy-out-the-house\/\">Continued<\/a><\/p>\n","protected":false},"author":3,"featured_media":0,"parent":915,"menu_order":0,"comment_status":"closed","ping_status":"closed","template":"","meta":{"footnotes":""},"class_list":["post-926","page","type-page","status-publish","hentry"],"_links":{"self":[{"href":"https:\/\/www.watermarktheatre.com\/fr\/wp-json\/wp\/v2\/pages\/926","targetHints":{"allow":["GET"]}}],"collection":[{"href":"https:\/\/www.watermarktheatre.com\/fr\/wp-json\/wp\/v2\/pages"}],"about":[{"href":"https:\/\/www.watermarktheatre.com\/fr\/wp-json\/wp\/v2\/types\/page"}],"author":[{"embeddable":true,"href":"https:\/\/www.watermarktheatre.com\/fr\/wp-json\/wp\/v2\/users\/3"}],"replies":[{"embeddable":true,"href":"https:\/\/www.watermarktheatre.com\/fr\/wp-json\/wp\/v2\/comments?post=926"}],"version-history":[{"count":12,"href":"https:\/\/www.watermarktheatre.com\/fr\/wp-json\/wp\/v2\/pages\/926\/revisions"}],"predecessor-version":[{"id":7737,"href":"https:\/\/www.watermarktheatre.com\/fr\/wp-json\/wp\/v2\/pages\/926\/revisions\/7737"}],"up":[{"embeddable":true,"href":"https:\/\/www.watermarktheatre.com\/fr\/wp-json\/wp\/v2\/pages\/915"}],"wp:attachment":[{"href":"https:\/\/www.watermarktheatre.com\/fr\/wp-json\/wp\/v2\/media?parent=926"}],"curies":[{"name":"wp","href":"https:\/\/api.w.org\/{rel}","templated":true}]}}