{"id":921,"date":"2016-04-25T18:18:01","date_gmt":"2016-04-25T18:18:01","guid":{"rendered":"https:\/\/watermarktheatre.com\/?page_id=921"},"modified":"2025-05-05T12:42:02","modified_gmt":"2025-05-05T15:42:02","slug":"corporate-giving","status":"publish","type":"page","link":"https:\/\/www.watermarktheatre.com\/fr\/support-us\/corporate-giving\/","title":{"rendered":"Corporate Giving"},"content":{"rendered":"<h3>PARTENAIRES COMMERCIAUX DU TH\u00c9\u00c2TRE<\/h3>\n<p>LA SAISON DU WATERMARK THEATRE A \u00c9T\u00c9 PLEINEMENT R\u00c9USSIE EN 2024! NOS PROGRAMMES ONT \u00c9T\u00c9 DISTRIBU\u00c9S DE JUIN \u00c0 SEPTEMBRE PARTOUT DANS LE CANADA ATLANTIQUE ET NOS PR\u00c9SENTATIONS ONT \u00c9T\u00c9 ACCLAM\u00c9ES PAR LA CRITIQUE.<\/p>\n<h4>AVANTAGES POUR LES PARTENAIRES COMMERCIAUX DU TH\u00c9\u00c2TRE<\/h4>\n<ul>\n<li>Publication de votre annonce publicitaire sur un quart de page, en couleur, dans notre programme de 2025<\/li>\n<li>Affichage sur notre site Web de votre logo et d\u2019un lien \u00e0 votre page Web pendant la saison 2025<\/li>\n<li>Publication de votre logo dans nos bulletins \u00e9lectroniques chaque mois.<\/li>\n<li>10 billets \u00e0 utiliser pour une seule repr\u00e9sentation ou \u00e0 r\u00e9partir entre plusieurs repr\u00e9sentations. Employez ces billets pour r\u00e9compenser vos employ\u00e9s ou pour cultiver des relations avec les clients!<\/li>\n<\/ul>\n<h4>TARIF POUR LES PARTENAIRES COMMERCIAUX DU TH\u00c9\u00c2TRE<\/h4>\n<ul>\n<li>Tarif r\u00e9duit pour achat h\u00e2tif (jusqu\u2019au 1er decembre 2024) 1 250 $, TVH en sus<\/li>\n<li>Tarif r\u00e9gulier 1 500 $, TVH en sus<\/li>\n<\/ul>\n<p>POUR VOTRE ACHAT, CONTACTEZ-NOUS PAR T\u00c9L\u00c9PHONE AU 902-963-3963 OU PAR COURRIEL \u00c0 <a href=\"mailto:ADMIN@WATERMARKTHEATRE.COM\">ADMIN@WATERMARKTHEATRE.COM<\/a><\/p>\n<h3>PROGRAMME DU WATERMARK THEATRE<\/h3>\n<p>LE WATERMARK THEATRE A ENCORE EU UN \u00c9NORME SUCC\u00c8S EN 2024. ENTRE JUIN ET SEPTEMBRE, 5 000 DE NOS PROGRAMMES ONT \u00c9T\u00c9 DISTRIBU\u00c9S PARTOUT DANS LE CANADA ATLANTIQUE.<\/p>\n<p>&nbsp;<\/p>\n<p><strong>EMPLACEMENT DE L\u2019ANNONCE \u2013 TAILLE \u2013 TARIF R\u00c9GULIER (jusqu\u2019au 31 mai)<\/strong><\/p>\n<p>QUATRI\u00c8ME DE COUVERTURE \u2013 5 po x 8 po \u2013 1650 $<\/p>\n<p>DEUXI\u00c8ME PAGE DE COUVERTURE \u2013 5 po x 8 po \u2013 1650 $<\/p>\n<p>PLEINE PAGE \u2013 5 po x 8 po \u2013 1000 $<\/p>\n<p>DEMI-PAGE \u2013 5 po x 4 po \u2013 700 $<\/p>\n<p>QUART DE PAGE \u2013 2,5 po x 4 po &#8211; 500 $<\/p>\n<p>&nbsp;<\/p>\n<p>TOUTES LES ANNONCES SONT EN COULEUR.<\/p>\n<p>LA TVH SERA PER\u00c7UE SUR TOUTES LES VENTES.<\/p>\n<p>POUR VOTRE ACHAT, CONTACTEZ-NOUS PAR T\u00c9L\u00c9PHONE AU 902-963-3963 OU PAR COURRIEL \u00c0 <a href=\"mailto:ADMIN@WATERMARKTHEATRE.COM\">ADMIN@WATERMARKTHEATRE.COM<\/a><\/p>\n","protected":false},"excerpt":{"rendered":"<p>PARTENAIRES COMMERCIAUX DU TH\u00c9\u00c2TRE LA SAISON DU WATERMARK THEATRE A \u00c9T\u00c9 PLEINEMENT R\u00c9USSIE EN 2024! NOS PROGRAMMES ONT \u00c9T\u00c9 DISTRIBU\u00c9S DE JUIN \u00c0 SEPTEMBRE PARTOUT DANS LE CANADA ATLANTIQUE ET &hellip; <a href=\"https:\/\/www.watermarktheatre.com\/fr\/support-us\/corporate-giving\/\">Continued<\/a><\/p>\n","protected":false},"author":3,"featured_media":0,"parent":915,"menu_order":0,"comment_status":"closed","ping_status":"closed","template":"","meta":{"footnotes":""},"class_list":["post-921","page","type-page","status-publish","hentry"],"_links":{"self":[{"href":"https:\/\/www.watermarktheatre.com\/fr\/wp-json\/wp\/v2\/pages\/921","targetHints":{"allow":["GET"]}}],"collection":[{"href":"https:\/\/www.watermarktheatre.com\/fr\/wp-json\/wp\/v2\/pages"}],"about":[{"href":"https:\/\/www.watermarktheatre.com\/fr\/wp-json\/wp\/v2\/types\/page"}],"author":[{"embeddable":true,"href":"https:\/\/www.watermarktheatre.com\/fr\/wp-json\/wp\/v2\/users\/3"}],"replies":[{"embeddable":true,"href":"https:\/\/www.watermarktheatre.com\/fr\/wp-json\/wp\/v2\/comments?post=921"}],"version-history":[{"count":14,"href":"https:\/\/www.watermarktheatre.com\/fr\/wp-json\/wp\/v2\/pages\/921\/revisions"}],"predecessor-version":[{"id":7736,"href":"https:\/\/www.watermarktheatre.com\/fr\/wp-json\/wp\/v2\/pages\/921\/revisions\/7736"}],"up":[{"embeddable":true,"href":"https:\/\/www.watermarktheatre.com\/fr\/wp-json\/wp\/v2\/pages\/915"}],"wp:attachment":[{"href":"https:\/\/www.watermarktheatre.com\/fr\/wp-json\/wp\/v2\/media?parent=921"}],"curies":[{"name":"wp","href":"https:\/\/api.w.org\/{rel}","templated":true}]}}