{"id":914,"date":"2016-04-25T18:10:13","date_gmt":"2016-04-25T18:10:13","guid":{"rendered":"https:\/\/watermarktheatre.com\/?page_id=914"},"modified":"2023-05-06T17:06:08","modified_gmt":"2023-05-06T20:06:08","slug":"individual-giving","status":"publish","type":"page","link":"https:\/\/www.watermarktheatre.com\/fr\/support-us\/individual-giving\/","title":{"rendered":"DON INDIVIDUEL"},"content":{"rendered":"<h4><strong>Pourquoi donner au Watermark?<\/strong><\/h4>\n<h4>Saviez-vous que seulement 30 % du budget annuel du Watermark vient de la vente des billets? Notre th\u00e9\u00e2tre a 93 places et il serait simplement impossible pour nous de survivre sans des dons individuels de la part de gens comme vous.<\/h4>\n<h4>Chez Watermark, nous croyons qu\u2019un th\u00e9\u00e2tre de haute qualit\u00e9, pr\u00e9sent\u00e9 tr\u00e8s pr\u00e8s de l\u2019auditoire, est la meilleure fa\u00e7on d\u2019exposer les plus grandes pi\u00e8ces de langue anglaise \u00e0 notre public. Nous devons garder nos prix aussi bas que possible pour que des gens de tous les milieux puissent assister \u00e0 nos productions. Nous vous remercions de votre fid\u00e9lit\u00e9 continue.<\/h4>\n<h4>Si vous avez les moyens, nous aimerions que vous songiez \u00e0 devenir donateur pour nous aider \u00e0 continuer \u00e0 pr\u00e9senter le meilleur th\u00e9\u00e2tre professionnel de l\u2019\u00cele.<\/h4>\n<h4>Merci.<\/h4>\n<h3><strong>Faites don de titres et de fonds mutuels par l\u2019entremise de CanaDon<\/strong><\/h3>\n<h5>Donner des titres ou des actions de fonds mutuels est la mani\u00e8re la plus efficace de faire un don \u00e0 une \u0153uvre de bienfaisance. CanaDon est le plus grand processeur des dons en ligne de titres et de fonds mutuels au Canada.<\/h5>\n<h5>L\u2019Agence du revenu du Canada ne per\u00e7oit aucun imp\u00f4t sur les gains en capital dans le cas de dons de titres c\u00f4t\u00e9s en bourse. Les gains en capital repr\u00e9sentent l\u2019augmentation de la valeur de vos titres par rapport au prix d\u2019achat.<\/h5>\n<h5>Si vous vendez vos titres, vous devez payer l\u2019imp\u00f4t sur les gains, m\u00eame si vous pr\u00e9voyez faire don des revenus de la vente. Si vous payez l\u2019imp\u00f4t \u00e0 m\u00eame ces revenus, il vous reste moins d\u2019argent \u00e0 donner. Votre \u0153uvre de charit\u00e9 re\u00e7oit moins d\u2019argent, et le cr\u00e9dit pour dons de charit\u00e9 que vous joindrez \u00e0 votre d\u00e9claration d\u2019imp\u00f4t \u00e0 la fin de l\u2019ann\u00e9e sera moins important.<\/h5>\n<h5>Par contre, quand vous donnez vos titres directement par l\u2019interm\u00e9diaire de CanaDon, ces gains en capital ne sont pas imposables. En d\u2019autres mots, votre \u0153uvre de bienfaisance re\u00e7oit un plus grand don et votre re\u00e7u aux fins d\u2019imp\u00f4t montre la pleine valeur des titres ou des fonds mutuels admissibles.<\/h5>\n<h5>En voici un exemple.<\/h5>\n<h5>Disons que vous avez achet\u00e9 des actions ordinaires de la Soci\u00e9t\u00e9 ABC au prix de 1\u00a0000\u00a0$. Si leur valeur marchande actuelle est de 5\u00a0000\u00a0$, les gains en capital se chiffrent \u00e0 4\u00a0000\u00a0$.<\/h5>\n<h5>Si vous vendez les actions et faites don des revenus, vous devrez payer l\u2019imp\u00f4t sur les gains en capital. Ainsi, si vous d\u00e9duisez les imp\u00f4ts dus des revenus, votre don est inf\u00e9rieur \u00e0 la pleine valeur mon\u00e9taire et votre re\u00e7u aux fins des imp\u00f4ts refl\u00e8te une contribution plus petite.<\/h5>\n<h5>Or, quand vous donnez les actions directement, vous ne payez pas d\u2019imp\u00f4t sur les gains en capital et vous pouvez donner toute la valeur des actions. Ainsi l\u2019\u0153uvre de charit\u00e9 re\u00e7oit plus d\u2019argent et votre re\u00e7u aux fins des imp\u00f4ts refl\u00e8te votre contribution plus importante.<\/h5>\n<h5>Si vous donnez des actions directement, vous pouvez r\u00e9duire vos imp\u00f4ts et mieux aider vos \u0153uvres de charit\u00e9 pr\u00e9f\u00e9r\u00e9es.<\/h5>\n<h4 style=\"text-align: center;\"><a href=\"https:\/\/www.canadahelps.org\/en\/Securities\/DonateBasket.aspx\" target=\"_blank\" rel=\"noopener noreferrer\"><strong><span style=\"text-decoration: underline;\">Faites don des titres ici<\/span><\/strong><\/a><\/h4>\n<p>&nbsp;<\/p>\n<h4><strong>Cat\u00e9gories de donateurs<\/strong><\/h4>\n<p><strong>Fan<\/strong> de 10 $ \u00e0 99 $<br \/>\n<strong>Donateur<\/strong> de 100 $ \u00e0 499 $<br \/>\n<strong>Champion<\/strong> de 500 $ \u00e0 999 $<br \/>\n<strong>M\u00e9c\u00e8ne<\/strong> de 1 000 $ \u00e0 4 999 $<br \/>\n<strong>Bienfaiteur<\/strong> de 5000 $ ou plus<\/p>\n","protected":false},"excerpt":{"rendered":"<p>Pourquoi donner au Watermark? Saviez-vous que seulement 30 % du budget annuel du Watermark vient de la vente des billets? Notre th\u00e9\u00e2tre a 93 places et il serait simplement impossible &hellip; <a href=\"https:\/\/www.watermarktheatre.com\/fr\/support-us\/individual-giving\/\">Continued<\/a><\/p>\n","protected":false},"author":3,"featured_media":0,"parent":915,"menu_order":0,"comment_status":"closed","ping_status":"closed","template":"","meta":{"footnotes":""},"class_list":["post-914","page","type-page","status-publish","hentry"],"_links":{"self":[{"href":"https:\/\/www.watermarktheatre.com\/fr\/wp-json\/wp\/v2\/pages\/914","targetHints":{"allow":["GET"]}}],"collection":[{"href":"https:\/\/www.watermarktheatre.com\/fr\/wp-json\/wp\/v2\/pages"}],"about":[{"href":"https:\/\/www.watermarktheatre.com\/fr\/wp-json\/wp\/v2\/types\/page"}],"author":[{"embeddable":true,"href":"https:\/\/www.watermarktheatre.com\/fr\/wp-json\/wp\/v2\/users\/3"}],"replies":[{"embeddable":true,"href":"https:\/\/www.watermarktheatre.com\/fr\/wp-json\/wp\/v2\/comments?post=914"}],"version-history":[{"count":13,"href":"https:\/\/www.watermarktheatre.com\/fr\/wp-json\/wp\/v2\/pages\/914\/revisions"}],"predecessor-version":[{"id":6533,"href":"https:\/\/www.watermarktheatre.com\/fr\/wp-json\/wp\/v2\/pages\/914\/revisions\/6533"}],"up":[{"embeddable":true,"href":"https:\/\/www.watermarktheatre.com\/fr\/wp-json\/wp\/v2\/pages\/915"}],"wp:attachment":[{"href":"https:\/\/www.watermarktheatre.com\/fr\/wp-json\/wp\/v2\/media?parent=914"}],"curies":[{"name":"wp","href":"https:\/\/api.w.org\/{rel}","templated":true}]}}