{"id":909,"date":"2016-04-25T17:57:26","date_gmt":"2016-04-25T17:57:26","guid":{"rendered":"https:\/\/watermarktheatre.com\/?page_id=909"},"modified":"2026-02-11T13:59:48","modified_gmt":"2026-02-11T17:59:48","slug":"contact-us","status":"publish","type":"page","link":"https:\/\/www.watermarktheatre.com\/fr\/the-company\/contact-us\/","title":{"rendered":"CONTACTEZ-NOUS"},"content":{"rendered":"<h4 class=\"font_9\" dir=\"ltr\" style=\"text-align: center;\"><a href=\"http:\/\/watermarktheatre.us4.list-manage1.com\/subscribe?u=541dd1ca3228cb00b2581a601&amp;id=aef76934bb\">ABONNEZ-VOUS \u00c0 NOTRE BULLETIN!!<\/a><\/h4>\n<p>PO Box 190<\/p>\n<p class=\"font_9\" dir=\"ltr\">57, avenue Church Hill<\/p>\n<p class=\"font_9\" dir=\"ltr\">North Rustico (\u00ce.-P.-\u00c9.)<\/p>\n<p class=\"font_9\" dir=\"ltr\">C0A 1X0<\/p>\n<p class=\"font_9\" dir=\"ltr\">T\u00e9l: 1-902-963-3963<\/p>\n<p class=\"font_9\" dir=\"ltr\">Courriel: <a href=\"mailto:info@watermarktheatre.com\">info@watermarktheatre.com<\/a><\/p>\n<p class=\"font_9\" dir=\"ltr\">FACEBOOK &#8211;\u00a0<a href=\"http:\/\/www.facebook.com\/pages\/Watermark-Theatre\/93969977499\">www.facebook.com\/pages\/Watermark-Theatre\/93969977499<\/a><\/p>\n<p class=\"font_9\" dir=\"ltr\">TWITTER &#8211;\u00a0<a href=\"https:\/\/twitter.com\/WatermarkTheatr\">@watermarktheatr<\/a><\/p>\n<p class=\"font_9\" dir=\"ltr\">INSTAGRAM &#8211;\u00a0<a href=\"https:\/\/www.instagram.com\/watermarktheatre\/\">@watermarktheatre<\/a><\/p>\n<p>&nbsp;<\/p>\n<h3 class=\"font_9\" dir=\"ltr\">R\u00c9PERTOIRE DES EMPLOY\u00c9S<\/h3>\n<p><strong>Robert Tsonos<\/strong> &#8211; Directeur Artistique &#8211; <a href=\"mailto:artisticdirector@watermarktheatre.com\">artisticdirector@watermarktheatre.com<\/a><\/p>\n<p class=\"font_9\" dir=\"ltr\"><strong>Lara Dias <\/strong>&#8211; Manager, Administration &amp; Marketing &#8211; <a href=\"mailto:generalmanager@watermarktheatre.com\">admin@watermarktheatre.com<\/a><\/p>\n<p><strong>Hannah Walton<\/strong> &#8211; Fundraising Officer Intern &#8211; <a href=\"mailto:nicole@watermarktheatre.com\">hannah@watermarktheatre.com<\/a><\/p>\n<p>&nbsp;<\/p>\n<p><strong>Production Staff<\/strong><\/p>\n<p><strong>James Clement<\/strong> &#8211; T.D. \/ Production Manager<\/p>\n<p>&nbsp;<\/p>\n<p><strong>BOARD OF DIRECTORS<\/strong><\/p>\n<p><strong><a href=\"http:\/\/watermarktheatre.com\/michael-gallant\/\">Michael Gallant<\/a><\/strong> <strong>&#8211; Chair<\/strong><\/p>\n<p><strong><a href=\"http:\/\/watermarktheatre.com\/deborah-e-pecoskie\/\">Deborah E. Pecoskie<\/a> &#8211; Ex Officio<\/strong><\/p>\n<p><a href=\"http:\/\/watermarktheatre.com\/nathan-steeves\/\"><strong>Nathan Steeves<\/strong><\/a> &#8211; <strong>Treasurer<\/strong><\/p>\n<p><strong><a href=\"http:\/\/watermarktheatre.com\/lynda-watson\/\">Lynda Watson<\/a><\/strong> <strong>&#8211; Secretary<\/strong><\/p>\n<p><strong><a href=\"http:\/\/watermarktheatre.com\/donna-coll\/\">Donna Coll<\/a><\/strong><\/p>\n<p><strong><a href=\"http:\/\/watermarktheatre.com\/carol-probert\/\">Carol Probert<\/a><\/strong><\/p>\n<p><strong><a href=\"http:\/\/watermarktheatre.com\/fr\/mary-ellen-gallant\/\">Mary Ellen Gallant<\/a><\/strong><\/p>\n<p><strong><a href=\"http:\/\/watermarktheatre.com\/fr\/lori-nielsen\/\">Lori Nielsen<\/a><\/strong><\/p>\n<p><strong>Joan Blacquiere<\/strong><\/p>\n<p>&nbsp;<\/p>\n","protected":false},"excerpt":{"rendered":"<p>ABONNEZ-VOUS \u00c0 NOTRE BULLETIN!! PO Box 190 57, avenue Church Hill North Rustico (\u00ce.-P.-\u00c9.) C0A 1X0 T\u00e9l: 1-902-963-3963 Courriel: info@watermarktheatre.com FACEBOOK &#8211;\u00a0www.facebook.com\/pages\/Watermark-Theatre\/93969977499 TWITTER &#8211;\u00a0@watermarktheatr INSTAGRAM &#8211;\u00a0@watermarktheatre &nbsp; R\u00c9PERTOIRE DES EMPLOY\u00c9S &hellip; <a href=\"https:\/\/www.watermarktheatre.com\/fr\/the-company\/contact-us\/\">Continued<\/a><\/p>\n","protected":false},"author":3,"featured_media":0,"parent":899,"menu_order":0,"comment_status":"closed","ping_status":"closed","template":"","meta":{"footnotes":""},"class_list":["post-909","page","type-page","status-publish","hentry"],"_links":{"self":[{"href":"https:\/\/www.watermarktheatre.com\/fr\/wp-json\/wp\/v2\/pages\/909","targetHints":{"allow":["GET"]}}],"collection":[{"href":"https:\/\/www.watermarktheatre.com\/fr\/wp-json\/wp\/v2\/pages"}],"about":[{"href":"https:\/\/www.watermarktheatre.com\/fr\/wp-json\/wp\/v2\/types\/page"}],"author":[{"embeddable":true,"href":"https:\/\/www.watermarktheatre.com\/fr\/wp-json\/wp\/v2\/users\/3"}],"replies":[{"embeddable":true,"href":"https:\/\/www.watermarktheatre.com\/fr\/wp-json\/wp\/v2\/comments?post=909"}],"version-history":[{"count":64,"href":"https:\/\/www.watermarktheatre.com\/fr\/wp-json\/wp\/v2\/pages\/909\/revisions"}],"predecessor-version":[{"id":7916,"href":"https:\/\/www.watermarktheatre.com\/fr\/wp-json\/wp\/v2\/pages\/909\/revisions\/7916"}],"up":[{"embeddable":true,"href":"https:\/\/www.watermarktheatre.com\/fr\/wp-json\/wp\/v2\/pages\/899"}],"wp:attachment":[{"href":"https:\/\/www.watermarktheatre.com\/fr\/wp-json\/wp\/v2\/media?parent=909"}],"curies":[{"name":"wp","href":"https:\/\/api.w.org\/{rel}","templated":true}]}}