{"id":901,"date":"2016-04-25T17:47:03","date_gmt":"2016-04-25T17:47:03","guid":{"rendered":"https:\/\/watermarktheatre.com\/?page_id=901"},"modified":"2021-04-23T12:54:51","modified_gmt":"2021-04-23T15:54:51","slug":"history","status":"publish","type":"page","link":"https:\/\/www.watermarktheatre.com\/fr\/the-company\/history\/","title":{"rendered":"Historique"},"content":{"rendered":"<p class=\"siteBackground\" data-reactid=\".0.$SITE_BACKGROUND\"><a href=\"http:\/\/watermarktheatre.com\/wp-content\/uploads\/2016\/03\/12800194_10153920712115761_5515640987118031282_n-1.jpg\"><img loading=\"lazy\" decoding=\"async\" class=\"alignleft wp-image-540 size-medium\" src=\"http:\/\/watermarktheatre.com\/wp-content\/uploads\/2016\/03\/12800194_10153920712115761_5515640987118031282_n-1-300x251.jpg\" alt=\"12800194_10153920712115761_5515640987118031282_n (1)\" width=\"300\" height=\"251\" srcset=\"https:\/\/www.watermarktheatre.com\/wp-content\/uploads\/2016\/03\/12800194_10153920712115761_5515640987118031282_n-1-300x251.jpg 300w, https:\/\/www.watermarktheatre.com\/wp-content\/uploads\/2016\/03\/12800194_10153920712115761_5515640987118031282_n-1-768x643.jpg 768w, https:\/\/www.watermarktheatre.com\/wp-content\/uploads\/2016\/03\/12800194_10153920712115761_5515640987118031282_n-1.jpg 960w\" sizes=\"auto, (max-width: 300px) 100vw, 300px\" \/><\/a><\/p>\n<p><b>La mission du Watermark Theatre<\/b><\/p>\n<p><span style=\"font-weight: 400;\">Le Watermark Theatre est situ\u00e9 \u00e0 North Rustico (IPE) sur des terres traditionnelles non c\u00e9d\u00e9es des Mi\u2019kmaq. Il s\u2019agit d\u2019une troupe th\u00e9\u00e2trale professionnelle qui pr\u00e9sente des pi\u00e8ces honor\u00e9es dans le temps aussi bien que des pi\u00e8ces contemporaines qui t\u00e9moignent de notre \u00e9poque.\u00a0<\/span><\/p>\n<p><span style=\"font-weight: 400;\">Nos principes de base sont l\u2019inclusion, la diversit\u00e9, l\u2019\u00e9quit\u00e9 et l\u2019accessibilit\u00e9, et nous nous engageons \u00e0 incorporer ces valeurs de base \u00e0 toutes nos activit\u00e9s.<\/span><span style=\"font-weight: 400;\"><br \/>\n<\/span><span style=\"font-weight: 400;\">L\u2019intendance environnementale et la durabilit\u00e9 sont nos priorit\u00e9s.<\/span><span style=\"font-weight: 400;\"><br \/>\n<\/span><span style=\"font-weight: 400;\">Le Watermark Theatre s\u2019engage \u00e0 offrir du mentorat et de la formation professionnelle dans le but de favoriser l\u2019\u00e9panouissement de la prochaine g\u00e9n\u00e9ration d\u2019artistes du th\u00e9\u00e2tre et d\u2019administrateurs du domaine des arts.\u00a0<\/span><\/p>\n<p><span style=\"font-weight: 400;\">Nous poursuivons l\u2019excellence artistique et nous t\u00e2chons d\u2019informer, de toucher et d\u2019engager notre public et notre communaut\u00e9. <\/span><\/p>\n<p>&nbsp;<\/p>\n<p>&nbsp;<\/p>\n<p><strong>Choisissez une ann\u00e9e \u00e0 gauche pour visionner des photos des productions ant\u00e9rieures.<\/strong><\/p>\n","protected":false},"excerpt":{"rendered":"<p>La mission du Watermark Theatre Le Watermark Theatre est situ\u00e9 \u00e0 North Rustico (IPE) sur des terres traditionnelles non c\u00e9d\u00e9es des Mi\u2019kmaq. Il s\u2019agit d\u2019une troupe th\u00e9\u00e2trale professionnelle qui pr\u00e9sente &hellip; <a href=\"https:\/\/www.watermarktheatre.com\/fr\/the-company\/history\/\">Continued<\/a><\/p>\n","protected":false},"author":3,"featured_media":0,"parent":899,"menu_order":0,"comment_status":"closed","ping_status":"closed","template":"template-custom.php","meta":{"footnotes":""},"class_list":["post-901","page","type-page","status-publish","hentry"],"_links":{"self":[{"href":"https:\/\/www.watermarktheatre.com\/fr\/wp-json\/wp\/v2\/pages\/901","targetHints":{"allow":["GET"]}}],"collection":[{"href":"https:\/\/www.watermarktheatre.com\/fr\/wp-json\/wp\/v2\/pages"}],"about":[{"href":"https:\/\/www.watermarktheatre.com\/fr\/wp-json\/wp\/v2\/types\/page"}],"author":[{"embeddable":true,"href":"https:\/\/www.watermarktheatre.com\/fr\/wp-json\/wp\/v2\/users\/3"}],"replies":[{"embeddable":true,"href":"https:\/\/www.watermarktheatre.com\/fr\/wp-json\/wp\/v2\/comments?post=901"}],"version-history":[{"count":7,"href":"https:\/\/www.watermarktheatre.com\/fr\/wp-json\/wp\/v2\/pages\/901\/revisions"}],"predecessor-version":[{"id":5076,"href":"https:\/\/www.watermarktheatre.com\/fr\/wp-json\/wp\/v2\/pages\/901\/revisions\/5076"}],"up":[{"embeddable":true,"href":"https:\/\/www.watermarktheatre.com\/fr\/wp-json\/wp\/v2\/pages\/899"}],"wp:attachment":[{"href":"https:\/\/www.watermarktheatre.com\/fr\/wp-json\/wp\/v2\/media?parent=901"}],"curies":[{"name":"wp","href":"https:\/\/api.w.org\/{rel}","templated":true}]}}