{"id":896,"date":"2016-04-25T17:44:45","date_gmt":"2016-04-25T17:44:45","guid":{"rendered":"https:\/\/watermarktheatre.com\/?page_id=896"},"modified":"2023-05-06T17:03:48","modified_gmt":"2023-05-06T20:03:48","slug":"mentorship-program","status":"publish","type":"page","link":"https:\/\/www.watermarktheatre.com\/fr\/mentorship-program\/","title":{"rendered":"PROGRAMME DE MENTORAT"},"content":{"rendered":"<p>Le Watermark est un th\u00e9\u00e2tre professionnel qui met en sc\u00e8ne quatre pi\u00e8ces du theatres chaque ann\u00e9e. Tous les d\u00e9cors, les costumes et les accessoires sont fabriqu\u00e9s sur place. Les normes de production sont rigoureuses et le public s\u2019attend \u00e0 voir des spectacles de grande qualit\u00e9. Ces facteurs font du Watermark Theatre un endroit fort propice \u00e0 l\u2019apprentissage. La compagnie th\u00e9\u00e2trale est assez petite pour bien encadrer les internes et assez grande pour avoir des politiques et des processus qui assurent la s\u00e9curit\u00e9 des stagiaires. En 2023, le Watermark Theatre accueillera des stagiaires dans les services suivants : la r\u00e9gie, la sc\u00e9nographie, les accessoires, les costumes, la menuiserie et la direction technique.<\/p>\n<h4>Sponsored By:<\/h4>\n<p><img loading=\"lazy\" decoding=\"async\" class=\"alignnone size-medium wp-image-4040 aligncenter\" src=\"http:\/\/watermarktheatre.com\/wp-content\/uploads\/2016\/03\/RBCFND_LogoDes_H_rgbPE-300x109.png\" alt=\"rbcfnd_logodes_h_rgbpe\" width=\"300\" height=\"109\" \/><\/p>\n<div><a href=\"http:\/\/watermarktheatre.com\/wp-content\/uploads\/2016\/03\/Culture_PEI.png\"><img loading=\"lazy\" decoding=\"async\" class=\"size-medium wp-image-623 aligncenter\" src=\"http:\/\/watermarktheatre.com\/wp-content\/uploads\/2016\/03\/Culture_PEI-300x73.png\" alt=\"Culture_PEI\" width=\"300\" height=\"73\" srcset=\"https:\/\/www.watermarktheatre.com\/wp-content\/uploads\/2016\/03\/Culture_PEI-300x73.png 300w, https:\/\/www.watermarktheatre.com\/wp-content\/uploads\/2016\/03\/Culture_PEI-768x188.png 768w, https:\/\/www.watermarktheatre.com\/wp-content\/uploads\/2016\/03\/Culture_PEI-1024x251.png 1024w, https:\/\/www.watermarktheatre.com\/wp-content\/uploads\/2016\/03\/Culture_PEI.png 1181w\" sizes=\"auto, (max-width: 300px) 100vw, 300px\" \/><\/a>\u00a0 \u00a0\u00a0 <a href=\"http:\/\/watermarktheatre.com\/wp-content\/uploads\/2016\/03\/Skills-PEI.jpeg\"><img loading=\"lazy\" decoding=\"async\" class=\"size-full wp-image-622 aligncenter\" src=\"http:\/\/watermarktheatre.com\/wp-content\/uploads\/2016\/03\/Skills-PEI.jpeg\" alt=\"Skills PEI\" width=\"129\" height=\"57\" \/><\/a><\/div>\n","protected":false},"excerpt":{"rendered":"<p>Le Watermark est un th\u00e9\u00e2tre professionnel qui met en sc\u00e8ne quatre pi\u00e8ces du theatres chaque ann\u00e9e. Tous les d\u00e9cors, les costumes et les accessoires sont fabriqu\u00e9s sur place. Les normes &hellip; <a href=\"https:\/\/www.watermarktheatre.com\/fr\/mentorship-program\/\">Continued<\/a><\/p>\n","protected":false},"author":3,"featured_media":0,"parent":0,"menu_order":0,"comment_status":"closed","ping_status":"closed","template":"","meta":{"footnotes":""},"class_list":["post-896","page","type-page","status-publish","hentry"],"_links":{"self":[{"href":"https:\/\/www.watermarktheatre.com\/fr\/wp-json\/wp\/v2\/pages\/896","targetHints":{"allow":["GET"]}}],"collection":[{"href":"https:\/\/www.watermarktheatre.com\/fr\/wp-json\/wp\/v2\/pages"}],"about":[{"href":"https:\/\/www.watermarktheatre.com\/fr\/wp-json\/wp\/v2\/types\/page"}],"author":[{"embeddable":true,"href":"https:\/\/www.watermarktheatre.com\/fr\/wp-json\/wp\/v2\/users\/3"}],"replies":[{"embeddable":true,"href":"https:\/\/www.watermarktheatre.com\/fr\/wp-json\/wp\/v2\/comments?post=896"}],"version-history":[{"count":10,"href":"https:\/\/www.watermarktheatre.com\/fr\/wp-json\/wp\/v2\/pages\/896\/revisions"}],"predecessor-version":[{"id":6531,"href":"https:\/\/www.watermarktheatre.com\/fr\/wp-json\/wp\/v2\/pages\/896\/revisions\/6531"}],"wp:attachment":[{"href":"https:\/\/www.watermarktheatre.com\/fr\/wp-json\/wp\/v2\/media?parent=896"}],"curies":[{"name":"wp","href":"https:\/\/api.w.org\/{rel}","templated":true}]}}