{"id":893,"date":"2016-04-25T17:42:09","date_gmt":"2016-04-25T17:42:09","guid":{"rendered":"https:\/\/watermarktheatre.com\/?page_id=893"},"modified":"2025-02-25T09:45:34","modified_gmt":"2025-02-25T13:45:34","slug":"community-theatre","status":"publish","type":"page","link":"https:\/\/www.watermarktheatre.com\/fr\/programs\/community-theatre\/","title":{"rendered":"TH\u00c9\u00c2TRE COMMUNAUTAIRE"},"content":{"rendered":"<p id=\"SITE_BACKGROUND\" class=\"siteBackground\" data-reactid=\".0.$SITE_BACKGROUND\">\u00c0 North Rustico, la tradition de monter une pi\u00e8ce de th\u00e9\u00e2tre remonte \u00e0 plus de cent ans. Cette forme d\u2019activit\u00e9 communautaire est d\u2019ailleurs d\u00e9crite dans plusieurs romans \u00e9crits au sujet de la r\u00e9gion. Le Watermark Theatre encourage les troupes de th\u00e9\u00e2tre communautaire \u00e0 profiter de sa sc\u00e8ne lorsque sa propre saison est termin\u00e9e, afin de poursuivre cette tradition et de maintenir la vie et le dynamisme dans l\u2019immeuble tout au long de l\u2019ann\u00e9e. D\u2019ailleurs deux troupes de th\u00e9\u00e2tre communautaire, soit la Star of the Sea Dramatic Society et les North Shore Players, ont d\u00e9j\u00e0 pr\u00e9sent\u00e9 des pi\u00e8ces sur la sc\u00e8ne du Watermark.<\/p>\n<div id=\"SITE_ROOT\" class=\"SITE_ROOT\" data-reactid=\".0.$SITE_ROOT\">\n<div id=\"SITE_STRUCTURE\" data-reactid=\".0.$SITE_ROOT.$desktop_siteRoot\">\n<div id=\"PAGES_CONTAINER\" class=\"s6\" data-state=\"\" data-reactid=\".0.$SITE_ROOT.$desktop_siteRoot.$PAGES_CONTAINER\">\n<div id=\"PAGES_CONTAINERcenteredContent\" class=\"s6centeredContent\" data-reactid=\".0.$SITE_ROOT.$desktop_siteRoot.$PAGES_CONTAINER.1\">\n<div id=\"PAGES_CONTAINERinlineContent\" class=\"s6inlineContent\" data-reactid=\".0.$SITE_ROOT.$desktop_siteRoot.$PAGES_CONTAINER.1.1\">\n<div id=\"SITE_PAGES\" class=\"s7\" data-reactid=\".0.$SITE_ROOT.$desktop_siteRoot.$PAGES_CONTAINER.1.1.$SITE_PAGES\">\n<div id=\"czbv\" class=\"s10\" data-reactid=\".0.$SITE_ROOT.$desktop_siteRoot.$PAGES_CONTAINER.1.1.$SITE_PAGES.$czbv\">\n<div id=\"czbvinlineContent\" class=\"s10inlineContent\" data-reactid=\".0.$SITE_ROOT.$desktop_siteRoot.$PAGES_CONTAINER.1.1.$SITE_PAGES.$czbv.1\">\n<div id=\"WRchTxt1j\" class=\"s4\" data-reactid=\".0.$SITE_ROOT.$desktop_siteRoot.$PAGES_CONTAINER.1.1.$SITE_PAGES.$czbv.1.$WRchTxt1j\">\n<h3 class=\"font_9\"><span class=\"color_11\">SPECTACLES PR\u00c9SENT\u00c9S PAR DES TROUPES DE TH\u00c9\u00c2TRE COMMUNAUTAIRE<\/span><\/h3>\n<p>2009: St Patrick\u2019s Day Concert<\/p>\n<p>2010: An Evening of Nonsense<\/p>\n<p>2014: The Hobbit<\/p>\n<p>2015: A Christmas Carol<\/p>\n<\/div>\n<p>2016: A Christmas Carol<\/p>\n<p>2017: Sinners<\/p>\n<p>2018: Skin Flick, Mary&rsquo;s Wedding<\/p>\n<p>2019: Punch Up, Doubt<\/p>\n<p data-reactid=\".0.$SITE_ROOT.$desktop_siteRoot.$PAGES_CONTAINER.1.1.$SITE_PAGES.$czbv.1\">2020: It&rsquo;s a Wonderful Life: A Live Radio Play<\/p>\n<p data-reactid=\".0.$SITE_ROOT.$desktop_siteRoot.$PAGES_CONTAINER.1.1.$SITE_PAGES.$czbv.1\">2023: West Moon<\/p>\n<p data-reactid=\".0.$SITE_ROOT.$desktop_siteRoot.$PAGES_CONTAINER.1.1.$SITE_PAGES.$czbv.1\">2024: The Weir<\/p>\n<div id=\"SldShwGllry0-nkb\" class=\"s13\" data-gallery-id=\"SldShwGllry0-nkb\" data-height-diff=\"0\" data-width-diff=\"0\" data-state=\"autoplayOn notMobile desktopView touchRollOut \" data-reactid=\".0.$SITE_ROOT.$desktop_siteRoot.$PAGES_CONTAINER.1.1.$SITE_PAGES.$czbv.1.$SldShwGllry0-nkb\">\n<div class=\"gallery gallery-893-1\"><div class=\"row gallery-row\"><div class=\"col-sm-3 col-lg-3\"><a class=\"thumbnail img-thumbnail\" href='https:\/\/www.watermarktheatre.com\/fr\/programs\/community-theatre\/stars02\/'><img loading=\"lazy\" decoding=\"async\" width=\"150\" height=\"150\" src=\"https:\/\/www.watermarktheatre.com\/wp-content\/uploads\/2016\/03\/stars02-150x150.jpg\" class=\"attachment-thumbnail size-thumbnail\" alt=\"\" \/><\/a><\/div><div class=\"col-sm-3 col-lg-3\"><a class=\"thumbnail img-thumbnail\" href='https:\/\/www.watermarktheatre.com\/fr\/programs\/community-theatre\/stars01\/'><img loading=\"lazy\" decoding=\"async\" width=\"150\" height=\"150\" src=\"https:\/\/www.watermarktheatre.com\/wp-content\/uploads\/2016\/03\/stars01-150x150.jpg\" class=\"attachment-thumbnail size-thumbnail\" alt=\"\" \/><\/a><\/div><div class=\"col-sm-3 col-lg-3\"><a class=\"thumbnail img-thumbnail\" href='https:\/\/www.watermarktheatre.com\/fr\/programs\/community-theatre\/stars07\/'><img loading=\"lazy\" decoding=\"async\" width=\"150\" height=\"150\" src=\"https:\/\/www.watermarktheatre.com\/wp-content\/uploads\/2016\/03\/stars07-150x150.jpg\" class=\"attachment-thumbnail size-thumbnail\" alt=\"\" \/><\/a><\/div><div class=\"col-sm-3 col-lg-3\"><a class=\"thumbnail img-thumbnail\" href='https:\/\/www.watermarktheatre.com\/fr\/programs\/community-theatre\/stars03\/'><img loading=\"lazy\" decoding=\"async\" width=\"150\" height=\"150\" src=\"https:\/\/www.watermarktheatre.com\/wp-content\/uploads\/2016\/03\/stars03-150x150.jpg\" class=\"attachment-thumbnail size-thumbnail\" alt=\"\" \/><\/a><\/div><\/div><div class=\"row gallery-row\"><div class=\"col-sm-3 col-lg-3\"><a class=\"thumbnail img-thumbnail\" href='https:\/\/www.watermarktheatre.com\/fr\/programs\/community-theatre\/stars04\/'><img loading=\"lazy\" decoding=\"async\" width=\"150\" height=\"150\" src=\"https:\/\/www.watermarktheatre.com\/wp-content\/uploads\/2016\/03\/stars04-150x150.jpg\" class=\"attachment-thumbnail size-thumbnail\" alt=\"\" \/><\/a><\/div><div class=\"col-sm-3 col-lg-3\"><a class=\"thumbnail img-thumbnail\" href='https:\/\/www.watermarktheatre.com\/fr\/programs\/community-theatre\/stars09\/'><img loading=\"lazy\" decoding=\"async\" width=\"150\" height=\"150\" src=\"https:\/\/www.watermarktheatre.com\/wp-content\/uploads\/2016\/03\/stars09-150x150.jpg\" class=\"attachment-thumbnail size-thumbnail\" alt=\"\" \/><\/a><\/div><div class=\"col-sm-3 col-lg-3\"><a class=\"thumbnail img-thumbnail\" href='https:\/\/www.watermarktheatre.com\/fr\/programs\/community-theatre\/stars05\/'><img loading=\"lazy\" decoding=\"async\" width=\"150\" height=\"150\" src=\"https:\/\/www.watermarktheatre.com\/wp-content\/uploads\/2016\/03\/stars05-150x150.jpg\" class=\"attachment-thumbnail size-thumbnail\" alt=\"\" \/><\/a><\/div><\/div><\/div>\n<\/div>\n<\/div>\n<\/div>\n<\/div>\n<\/div>\n<\/div>\n<\/div>\n<div id=\"DrpDwnMn1-12p2\" class=\"s8\" data-menuborder-y=\"0\" data-menubtn-border=\"0\" data-ribbon-els=\"0\" data-label-pad=\"0\" data-ribbon-extra=\"0\" data-state=\"center notMobile\" data-reactid=\".0.$SITE_ROOT.$desktop_siteRoot.$DrpDwnMn1-12p2\" data-dropmode=\"dropDown\"><\/div>\n<\/div>\n<\/div>\n","protected":false},"excerpt":{"rendered":"<p>\u00c0 North Rustico, la tradition de monter une pi\u00e8ce de th\u00e9\u00e2tre remonte \u00e0 plus de cent ans. Cette forme d\u2019activit\u00e9 communautaire est d\u2019ailleurs d\u00e9crite dans plusieurs romans \u00e9crits au sujet &hellip; <a href=\"https:\/\/www.watermarktheatre.com\/fr\/programs\/community-theatre\/\">Continued<\/a><\/p>\n","protected":false},"author":3,"featured_media":0,"parent":885,"menu_order":0,"comment_status":"closed","ping_status":"closed","template":"","meta":{"footnotes":""},"class_list":["post-893","page","type-page","status-publish","hentry"],"_links":{"self":[{"href":"https:\/\/www.watermarktheatre.com\/fr\/wp-json\/wp\/v2\/pages\/893","targetHints":{"allow":["GET"]}}],"collection":[{"href":"https:\/\/www.watermarktheatre.com\/fr\/wp-json\/wp\/v2\/pages"}],"about":[{"href":"https:\/\/www.watermarktheatre.com\/fr\/wp-json\/wp\/v2\/types\/page"}],"author":[{"embeddable":true,"href":"https:\/\/www.watermarktheatre.com\/fr\/wp-json\/wp\/v2\/users\/3"}],"replies":[{"embeddable":true,"href":"https:\/\/www.watermarktheatre.com\/fr\/wp-json\/wp\/v2\/comments?post=893"}],"version-history":[{"count":8,"href":"https:\/\/www.watermarktheatre.com\/fr\/wp-json\/wp\/v2\/pages\/893\/revisions"}],"predecessor-version":[{"id":7403,"href":"https:\/\/www.watermarktheatre.com\/fr\/wp-json\/wp\/v2\/pages\/893\/revisions\/7403"}],"up":[{"embeddable":true,"href":"https:\/\/www.watermarktheatre.com\/fr\/wp-json\/wp\/v2\/pages\/885"}],"wp:attachment":[{"href":"https:\/\/www.watermarktheatre.com\/fr\/wp-json\/wp\/v2\/media?parent=893"}],"curies":[{"name":"wp","href":"https:\/\/api.w.org\/{rel}","templated":true}]}}