{"id":889,"date":"2016-04-25T17:36:07","date_gmt":"2016-04-25T17:36:07","guid":{"rendered":"https:\/\/watermarktheatre.com\/?page_id=889"},"modified":"2025-01-07T13:12:08","modified_gmt":"2025-01-07T17:12:08","slug":"sears-drama-festival","status":"publish","type":"page","link":"https:\/\/www.watermarktheatre.com\/fr\/programs\/sears-drama-festival\/","title":{"rendered":"FESTIVAL DE TH\u00c9\u00c2TRE"},"content":{"rendered":"<p>Le Festival de th\u00e9\u00e2tre de l\u2019Atlantique est une activit\u00e9 non comp\u00e9titive qui dure trois jours. Le premier festival a d\u00e9but\u00e9 en Ontario en 1946. En 2009, un deuxi\u00e8me festival a \u00e9t\u00e9 lanc\u00e9 en Colombie Britannique. Puis en 2011, un troisi\u00e8me festival voyait le jour, soit le Festival de th\u00e9\u00e2tre de l\u2019Atlantique. On y avait invit\u00e9 375 000 \u00e9l\u00e8ves du secondaire.<\/p>\n<div id=\"SITE_ROOT\" class=\"SITE_ROOT\" data-reactid=\".0.$SITE_ROOT\">\n<div id=\"SITE_STRUCTURE\" data-reactid=\".0.$SITE_ROOT.$desktop_siteRoot\">\n<div id=\"PAGES_CONTAINER\" class=\"s6\" data-state=\"\" data-reactid=\".0.$SITE_ROOT.$desktop_siteRoot.$PAGES_CONTAINER\">\n<div id=\"PAGES_CONTAINERcenteredContent\" class=\"s6centeredContent\" data-reactid=\".0.$SITE_ROOT.$desktop_siteRoot.$PAGES_CONTAINER.1\">\n<div id=\"PAGES_CONTAINERinlineContent\" class=\"s6inlineContent\" data-reactid=\".0.$SITE_ROOT.$desktop_siteRoot.$PAGES_CONTAINER.1.1\">\n<div id=\"SITE_PAGES\" class=\"s7\" data-reactid=\".0.$SITE_ROOT.$desktop_siteRoot.$PAGES_CONTAINER.1.1.$SITE_PAGES\">\n<div id=\"chaw\" class=\"s10\" data-reactid=\".0.$SITE_ROOT.$desktop_siteRoot.$PAGES_CONTAINER.1.1.$SITE_PAGES.$chaw\">\n<div id=\"chawinlineContent\" class=\"s10inlineContent\" data-reactid=\".0.$SITE_ROOT.$desktop_siteRoot.$PAGES_CONTAINER.1.1.$SITE_PAGES.$chaw.1\">\n<div id=\"WRchTxt1f\" class=\"s4\" data-reactid=\".0.$SITE_ROOT.$desktop_siteRoot.$PAGES_CONTAINER.1.1.$SITE_PAGES.$chaw.1.$WRchTxt1f\">\n<p class=\"font_9\"><span class=\"color_11\">Chaque ann\u00e9e, les pi\u00e8ces de th\u00e9\u00e2tre sont jug\u00e9es par des professionnels de la sc\u00e8ne. Certaines pi\u00e8ces sont pr\u00e9sent\u00e9es en priv\u00e9, d\u2019autres devant public. Tout au long de la fin de semaine de ce festival des ateliers sont offerts aux \u00e9l\u00e8ves et aux enseignants.<\/span><\/p>\n<p class=\"font_9\"><span class=\"color_11\">L&rsquo;ancien directeur g\u00e9n\u00e9ral du Festival de th\u00e9\u00e2tre, Wayne Fairhead, explique : \u00ab\u00a0Le Festival de th\u00e9\u00e2tre rend hommage et donne du soutien aux \u00e9l\u00e8ves et aux enseignants en art dramatique de la Colombie-Britannique jusqu\u2019en Ontario. Le festival nous permet d\u00e9sormais d\u2019offrir des occasions semblables aux nombreux jeunes talents de notre propre r\u00e9gion. La r\u00e9gion de l\u2019Atlantique devance le reste du pays pour ce qui est de la production de th\u00e9\u00e2tre et d\u2019artistes de la sc\u00e8ne. On n\u2019a qu\u2019\u00e0 penser \u00e0 Jillian Keilly, Daniel MacIvor, Alisa Palmer et Martha MacIssac, entre autres.\u00a0\u00bb<\/span><\/p>\n<p class=\"font_9\"><span class=\"color_11\">Le festival s\u2019adresse aux \u00e9l\u00e8ves de la 9e \u00e0 la 12e ann\u00e9e des quatre provinces de l\u2019Atlantique; ils doivent \u00eatre accompagn\u00e9s d\u2019un enseignant. Il s\u2019agit du seul festival bilingue interprovincial ouvert aux \u00e9l\u00e8ves du secondaire de toute la r\u00e9gion de l\u2019Atlantique.<\/span><\/p>\n<h3 class=\"font_9\">\u00a0 \u00a0\u00a0<img loading=\"lazy\" decoding=\"async\" class=\"alignnone size-thumbnail wp-image-3924\" src=\"http:\/\/watermarktheatre.com\/wp-content\/uploads\/2016\/03\/dg-2439-150x150.jpg\" alt=\"dg-2439\" width=\"150\" height=\"150\" \/>\u00a0 \u00a0 \u00a0\u00a0<img loading=\"lazy\" decoding=\"async\" class=\"alignnone size-thumbnail wp-image-3923\" src=\"http:\/\/watermarktheatre.com\/wp-content\/uploads\/2016\/03\/dg-1897-150x150.jpg\" alt=\"dg-1897\" width=\"150\" height=\"150\" srcset=\"https:\/\/www.watermarktheatre.com\/wp-content\/uploads\/2016\/03\/dg-1897-150x150.jpg 150w, https:\/\/www.watermarktheatre.com\/wp-content\/uploads\/2016\/03\/dg-1897-300x300.jpg 300w, https:\/\/www.watermarktheatre.com\/wp-content\/uploads\/2016\/03\/dg-1897-768x768.jpg 768w, https:\/\/www.watermarktheatre.com\/wp-content\/uploads\/2016\/03\/dg-1897-1024x1024.jpg 1024w\" sizes=\"auto, (max-width: 150px) 100vw, 150px\" \/>\u00a0 \u00a0 \u00a0 <img loading=\"lazy\" decoding=\"async\" class=\"alignnone size-thumbnail wp-image-3922\" src=\"http:\/\/watermarktheatre.com\/wp-content\/uploads\/2016\/03\/dg-1817-150x150.jpg\" alt=\"dg-1817\" width=\"150\" height=\"150\" \/>\u00a0 \u00a0 \u00a0 <img loading=\"lazy\" decoding=\"async\" class=\"alignnone size-thumbnail wp-image-3921\" src=\"http:\/\/watermarktheatre.com\/wp-content\/uploads\/2016\/03\/dg-1802-150x150.jpg\" alt=\"dg-1802\" width=\"150\" height=\"150\" \/>\u00a0 \u00a0 \u00a0 \u00a0 \u00a0 \u00a0 \u00a0 \u00a0 \u00a0 \u00a0 \u00a0 \u00a0 \u00a0 \u00a0 \u00a0 \u00a0 \u00a0 \u00a0 \u00a0 \u00a0<img loading=\"lazy\" decoding=\"async\" class=\"alignnone size-thumbnail wp-image-3920\" src=\"http:\/\/watermarktheatre.com\/wp-content\/uploads\/2016\/03\/dg-1600-150x150.jpg\" alt=\"dg-1600\" width=\"150\" height=\"150\" \/>\u00a0 \u00a0 \u00a0 <img loading=\"lazy\" decoding=\"async\" class=\"alignnone size-thumbnail wp-image-3919\" src=\"http:\/\/watermarktheatre.com\/wp-content\/uploads\/2016\/03\/dg-1536-1-150x150.jpg\" alt=\"dg-1536-1\" width=\"150\" height=\"150\" \/><\/h3>\n<\/div>\n<div class=\"s4\" data-reactid=\".0.$SITE_ROOT.$desktop_siteRoot.$PAGES_CONTAINER.1.1.$SITE_PAGES.$chaw.1.$WRchTxt2-qfw\"><\/div>\n<div id=\"SldrGllry7-3t0\" class=\"s16\" data-height-diff=\"0\" data-width-diff=\"0\" data-bottom-gap=\"0\" data-additional-height=\"0\" data-state=\"notMobile desktopView\" data-reactid=\".0.$SITE_ROOT.$desktop_siteRoot.$PAGES_CONTAINER.1.1.$SITE_PAGES.$chaw.1.$SldrGllry7-3t0\"><\/div>\n<\/div>\n<\/div>\n<\/div>\n<\/div>\n<\/div>\n<\/div>\n<div id=\"DrpDwnMn1-12p2\" class=\"s8\" data-menuborder-y=\"0\" data-menubtn-border=\"0\" data-ribbon-els=\"0\" data-label-pad=\"0\" data-ribbon-extra=\"0\" data-state=\"center notMobile\" data-reactid=\".0.$SITE_ROOT.$desktop_siteRoot.$DrpDwnMn1-12p2\" data-dropmode=\"dropDown\"><\/div>\n<\/div>\n<\/div>\n","protected":false},"excerpt":{"rendered":"<p>Le Festival de th\u00e9\u00e2tre de l\u2019Atlantique est une activit\u00e9 non comp\u00e9titive qui dure trois jours. Le premier festival a d\u00e9but\u00e9 en Ontario en 1946. En 2009, un deuxi\u00e8me festival a &hellip; <a href=\"https:\/\/www.watermarktheatre.com\/fr\/programs\/sears-drama-festival\/\">Continued<\/a><\/p>\n","protected":false},"author":3,"featured_media":0,"parent":885,"menu_order":0,"comment_status":"closed","ping_status":"closed","template":"","meta":{"footnotes":""},"class_list":["post-889","page","type-page","status-publish","hentry"],"_links":{"self":[{"href":"https:\/\/www.watermarktheatre.com\/fr\/wp-json\/wp\/v2\/pages\/889","targetHints":{"allow":["GET"]}}],"collection":[{"href":"https:\/\/www.watermarktheatre.com\/fr\/wp-json\/wp\/v2\/pages"}],"about":[{"href":"https:\/\/www.watermarktheatre.com\/fr\/wp-json\/wp\/v2\/types\/page"}],"author":[{"embeddable":true,"href":"https:\/\/www.watermarktheatre.com\/fr\/wp-json\/wp\/v2\/users\/3"}],"replies":[{"embeddable":true,"href":"https:\/\/www.watermarktheatre.com\/fr\/wp-json\/wp\/v2\/comments?post=889"}],"version-history":[{"count":11,"href":"https:\/\/www.watermarktheatre.com\/fr\/wp-json\/wp\/v2\/pages\/889\/revisions"}],"predecessor-version":[{"id":7398,"href":"https:\/\/www.watermarktheatre.com\/fr\/wp-json\/wp\/v2\/pages\/889\/revisions\/7398"}],"up":[{"embeddable":true,"href":"https:\/\/www.watermarktheatre.com\/fr\/wp-json\/wp\/v2\/pages\/885"}],"wp:attachment":[{"href":"https:\/\/www.watermarktheatre.com\/fr\/wp-json\/wp\/v2\/media?parent=889"}],"curies":[{"name":"wp","href":"https:\/\/api.w.org\/{rel}","templated":true}]}}