{"id":882,"date":"2016-04-25T17:25:05","date_gmt":"2016-04-25T17:25:05","guid":{"rendered":"https:\/\/watermarktheatre.com\/?page_id=882"},"modified":"2023-05-06T17:00:27","modified_gmt":"2023-05-06T20:00:27","slug":"conservatory","status":"publish","type":"page","link":"https:\/\/www.watermarktheatre.com\/fr\/programs\/conservatory\/","title":{"rendered":"CONSERVATOIRE"},"content":{"rendered":"<h3>LE CONSERVATOIRE D\u2019ART DRAMATIQUE<\/h3>\n<p>&nbsp;<\/p>\n<p>Le conservatoire d\u2019art dramatique du Watermark Theatre offre aux jeunes acteurs de 12 \u00e0 18 ans l\u2019occasion de c\u00f4toyer les acteurs professionnels de notre troupe afin d\u2019apprendre le m\u00e9tier. Ne manquez pas cette exp\u00e9rience remarquable; inscrivez vous \u00e0 l\u2019adresse : <a href=\"mailto:admin@watermarktheatre.com\">admin@watermarktheatre.com<\/a><\/p>\n<p>&nbsp;<\/p>\n<p><strong>Ateliers de th\u00e9\u00e2tre du lundi au vendredi (toute la journ\u00e9e)<\/strong><\/p>\n<p>Une semaine : 99 $, TVH en sus<\/p>\n<p>Deux semaines : 198 $, TVH en sus<\/p>\n<p>Les places sont limit\u00e9es. Inscrivez-vous d\u00e8s maintenant afin de participer \u00e0 ces ateliers.<\/p>\n<div class=\"gallery gallery-882-1\"><div class=\"row gallery-row\"><div class=\"col-sm-3 col-lg-3\"><a class=\"thumbnail img-thumbnail\" href='https:\/\/www.watermarktheatre.com\/fr\/programs\/conservatory\/conservatory8-2\/'><img loading=\"lazy\" decoding=\"async\" width=\"150\" height=\"150\" src=\"https:\/\/www.watermarktheatre.com\/wp-content\/uploads\/2016\/03\/conservatory8-1-150x150.jpg\" class=\"attachment-thumbnail size-thumbnail\" alt=\"\" \/><\/a><\/div><div class=\"col-sm-3 col-lg-3\"><a class=\"thumbnail img-thumbnail\" href='https:\/\/www.watermarktheatre.com\/fr\/programs\/conservatory\/conservatory7-2\/'><img loading=\"lazy\" decoding=\"async\" width=\"150\" height=\"150\" src=\"https:\/\/www.watermarktheatre.com\/wp-content\/uploads\/2016\/03\/conservatory7-1-150x150.png\" class=\"attachment-thumbnail size-thumbnail\" alt=\"\" srcset=\"https:\/\/www.watermarktheatre.com\/wp-content\/uploads\/2016\/03\/conservatory7-1-150x150.png 150w, https:\/\/www.watermarktheatre.com\/wp-content\/uploads\/2016\/03\/conservatory7-1-300x300.png 300w, https:\/\/www.watermarktheatre.com\/wp-content\/uploads\/2016\/03\/conservatory7-1.png 469w\" sizes=\"auto, (max-width: 150px) 100vw, 150px\" \/><\/a><\/div><div class=\"col-sm-3 col-lg-3\"><a class=\"thumbnail img-thumbnail\" href='https:\/\/www.watermarktheatre.com\/fr\/programs\/conservatory\/conservatory6-2\/'><img loading=\"lazy\" decoding=\"async\" width=\"150\" height=\"150\" src=\"https:\/\/www.watermarktheatre.com\/wp-content\/uploads\/2016\/03\/conservatory6-1-150x150.jpg\" class=\"attachment-thumbnail size-thumbnail\" alt=\"\" \/><\/a><\/div><div class=\"col-sm-3 col-lg-3\"><a class=\"thumbnail img-thumbnail\" href='https:\/\/www.watermarktheatre.com\/fr\/programs\/conservatory\/conservatory5-2\/'><img loading=\"lazy\" decoding=\"async\" width=\"150\" height=\"150\" src=\"https:\/\/www.watermarktheatre.com\/wp-content\/uploads\/2016\/03\/conservatory5-1-150x150.jpg\" class=\"attachment-thumbnail size-thumbnail\" alt=\"\" \/><\/a><\/div><\/div><div class=\"row gallery-row\"><div class=\"col-sm-3 col-lg-3\"><a class=\"thumbnail img-thumbnail\" href='https:\/\/www.watermarktheatre.com\/fr\/programs\/conservatory\/conservatory4-2\/'><img loading=\"lazy\" decoding=\"async\" width=\"150\" height=\"150\" src=\"https:\/\/www.watermarktheatre.com\/wp-content\/uploads\/2016\/03\/conservatory4-1-150x150.jpg\" class=\"attachment-thumbnail size-thumbnail\" alt=\"\" \/><\/a><\/div><div class=\"col-sm-3 col-lg-3\"><a class=\"thumbnail img-thumbnail\" href='https:\/\/www.watermarktheatre.com\/fr\/programs\/conservatory\/conservatory3-2\/'><img loading=\"lazy\" decoding=\"async\" width=\"150\" height=\"150\" src=\"https:\/\/www.watermarktheatre.com\/wp-content\/uploads\/2016\/03\/conservatory3-1-150x150.jpg\" class=\"attachment-thumbnail size-thumbnail\" alt=\"\" \/><\/a><\/div><div class=\"col-sm-3 col-lg-3\"><a class=\"thumbnail img-thumbnail\" href='https:\/\/www.watermarktheatre.com\/fr\/programs\/conservatory\/conservatory2-2\/'><img loading=\"lazy\" decoding=\"async\" width=\"150\" height=\"150\" src=\"https:\/\/www.watermarktheatre.com\/wp-content\/uploads\/2016\/03\/conservatory2-1-150x150.jpg\" class=\"attachment-thumbnail size-thumbnail\" alt=\"\" \/><\/a><\/div><div class=\"col-sm-3 col-lg-3\"><a class=\"thumbnail img-thumbnail\" href='https:\/\/www.watermarktheatre.com\/fr\/programs\/conservatory\/conservatory1-2\/'><img loading=\"lazy\" decoding=\"async\" width=\"150\" height=\"150\" src=\"https:\/\/www.watermarktheatre.com\/wp-content\/uploads\/2016\/03\/conservatory1-1-150x150.jpg\" class=\"attachment-thumbnail size-thumbnail\" alt=\"\" \/><\/a><\/div><\/div><div class=\"row gallery-row\"><div class=\"col-sm-3 col-lg-3\"><a class=\"thumbnail img-thumbnail\" href='https:\/\/www.watermarktheatre.com\/fr\/programs\/conservatory\/conservatory9-2\/'><img loading=\"lazy\" decoding=\"async\" width=\"150\" height=\"150\" src=\"https:\/\/www.watermarktheatre.com\/wp-content\/uploads\/2016\/03\/Conservatory9-1-150x150.jpg\" class=\"attachment-thumbnail size-thumbnail\" alt=\"\" \/><\/a><\/div><div class=\"col-sm-3 col-lg-3\"><a class=\"thumbnail img-thumbnail\" href='https:\/\/www.watermarktheatre.com\/fr\/programs\/conservatory\/img_0127\/'><img loading=\"lazy\" decoding=\"async\" width=\"150\" height=\"150\" src=\"https:\/\/www.watermarktheatre.com\/wp-content\/uploads\/2016\/03\/IMG_0127-e1459249289734-150x150.jpg\" class=\"attachment-thumbnail size-thumbnail\" alt=\"\" \/><\/a><\/div><div class=\"col-sm-3 col-lg-3\"><a class=\"thumbnail img-thumbnail\" href='https:\/\/www.watermarktheatre.com\/fr\/programs\/conservatory\/img_0089\/'><img loading=\"lazy\" decoding=\"async\" width=\"150\" height=\"150\" src=\"https:\/\/www.watermarktheatre.com\/wp-content\/uploads\/2016\/03\/IMG_0089-e1459249298998-150x150.jpg\" class=\"attachment-thumbnail size-thumbnail\" alt=\"\" \/><\/a><\/div><div class=\"col-sm-3 col-lg-3\"><a class=\"thumbnail img-thumbnail\" href='https:\/\/www.watermarktheatre.com\/fr\/programs\/conservatory\/img_0088\/'><img loading=\"lazy\" decoding=\"async\" width=\"150\" height=\"150\" src=\"https:\/\/www.watermarktheatre.com\/wp-content\/uploads\/2016\/03\/IMG_0088-e1459249308895-150x150.jpg\" class=\"attachment-thumbnail size-thumbnail\" alt=\"\" \/><\/a><\/div><\/div><\/div>\n<h4 class=\"font_8\"><\/h4>\n<p>&nbsp;<\/p>\n","protected":false},"excerpt":{"rendered":"<p>LE CONSERVATOIRE D\u2019ART DRAMATIQUE &nbsp; Le conservatoire d\u2019art dramatique du Watermark Theatre offre aux jeunes acteurs de 12 \u00e0 18 ans l\u2019occasion de c\u00f4toyer les acteurs professionnels de notre troupe &hellip; <a href=\"https:\/\/www.watermarktheatre.com\/fr\/programs\/conservatory\/\">Continued<\/a><\/p>\n","protected":false},"author":3,"featured_media":0,"parent":885,"menu_order":0,"comment_status":"closed","ping_status":"closed","template":"","meta":{"footnotes":""},"class_list":["post-882","page","type-page","status-publish","hentry"],"_links":{"self":[{"href":"https:\/\/www.watermarktheatre.com\/fr\/wp-json\/wp\/v2\/pages\/882","targetHints":{"allow":["GET"]}}],"collection":[{"href":"https:\/\/www.watermarktheatre.com\/fr\/wp-json\/wp\/v2\/pages"}],"about":[{"href":"https:\/\/www.watermarktheatre.com\/fr\/wp-json\/wp\/v2\/types\/page"}],"author":[{"embeddable":true,"href":"https:\/\/www.watermarktheatre.com\/fr\/wp-json\/wp\/v2\/users\/3"}],"replies":[{"embeddable":true,"href":"https:\/\/www.watermarktheatre.com\/fr\/wp-json\/wp\/v2\/comments?post=882"}],"version-history":[{"count":8,"href":"https:\/\/www.watermarktheatre.com\/fr\/wp-json\/wp\/v2\/pages\/882\/revisions"}],"predecessor-version":[{"id":6528,"href":"https:\/\/www.watermarktheatre.com\/fr\/wp-json\/wp\/v2\/pages\/882\/revisions\/6528"}],"up":[{"embeddable":true,"href":"https:\/\/www.watermarktheatre.com\/fr\/wp-json\/wp\/v2\/pages\/885"}],"wp:attachment":[{"href":"https:\/\/www.watermarktheatre.com\/fr\/wp-json\/wp\/v2\/media?parent=882"}],"curies":[{"name":"wp","href":"https:\/\/api.w.org\/{rel}","templated":true}]}}