{"id":875,"date":"2016-04-25T17:00:42","date_gmt":"2016-04-25T17:00:42","guid":{"rendered":"https:\/\/watermarktheatre.com\/?page_id=875"},"modified":"2023-05-06T16:54:37","modified_gmt":"2023-05-06T19:54:37","slug":"plan-your-visit","status":"publish","type":"page","link":"https:\/\/www.watermarktheatre.com\/fr\/on-stage\/plan-your-visit\/","title":{"rendered":"Planifiez Votre Visite"},"content":{"rendered":"<h3>NOS PARTENAIRES H\u00d4TELIERS<\/h3>\n<p>Pour trouver des h\u00f4tels \u00e0 proximit\u00e9 North Rustico, visitez <a href=\"https:\/\/www.tripadvisor.ca\/Tourism-g3323308-North_Rustico_Prince_Edward_Island-Vacations.html\">Trip Advisor.<\/a><\/p>\n<h3><\/h3>\n<h3>AUTRES COMPAGNIES DE TH\u00c9\u00c2TRE \u00c0 L\u2019\u00ceLE DU PRINCE \u00c9DOUARD<\/h3>\n<p>Victoria Playhouse &#8211; <a href=\"http:\/\/victoriaplayhouse.com\/\" target=\"_blank\" rel=\"noopener noreferrer\">victoriaplayhouse.com<\/a><\/p>\n<p>Charlottetown Festival &#8211;\u00a0<a href=\"http:\/\/www.confederationcentre.com\/fr\/theatre.php\" target=\"_blank\" rel=\"noopener noreferrer\">www.<wbr \/>confederationcentre.com\/fr\/<wbr \/>theatre.php<\/a><\/p>\n<p>Harbourfront Theatre &#8211;\u00a0<a href=\"http:\/\/www.harbourfronttheatre.com\/\" target=\"_blank\" rel=\"noopener noreferrer\">www.harbourfronttheatre.<wbr \/>com<\/a><\/p>\n<p>The Guild &#8211;\u00a0<a href=\"http:\/\/www.theguildpei.com\/\" target=\"_blank\" rel=\"noopener noreferrer\">www.theguildpei.com<\/a><\/p>\n<p>Young at Heart Theatre &#8211;\u00a0<a href=\"http:\/\/yahtheatre.com\/yaht\/\" target=\"_blank\" rel=\"noopener noreferrer\">yahtheatre.com\/yaht<\/a><\/p>\n<h3><\/h3>\n<h3>AU SUJET DE NORTH RUSTICO<\/h3>\n<h3><img loading=\"lazy\" decoding=\"async\" class=\"alignnone wp-image-2073 \" src=\"http:\/\/watermarktheatre.com\/wp-content\/uploads\/2016\/04\/new-logo-300x231.jpg\" alt=\"\" width=\"206\" height=\"159\" srcset=\"https:\/\/www.watermarktheatre.com\/wp-content\/uploads\/2016\/04\/new-logo-300x231.jpg 300w, https:\/\/www.watermarktheatre.com\/wp-content\/uploads\/2016\/04\/new-logo-768x591.jpg 768w, https:\/\/www.watermarktheatre.com\/wp-content\/uploads\/2016\/04\/new-logo.jpg 900w\" sizes=\"auto, (max-width: 206px) 100vw, 206px\" \/><\/h3>\n<p>North Rustico &#8211; <a href=\"http:\/\/www.northrustico.com\">www.northrustico.com<\/a><\/p>\n<p>&nbsp;<\/p>\n<div>\n<p><b>De Charlottetown \u00e0 North Rustico \u2013 entre 30 et 35 minutes en automobile<\/b><\/p>\n<div><iframe loading=\"lazy\" style=\"border: 0;\" src=\"https:\/\/www.google.com\/maps\/embed?pb=!1m24!1m8!1m3!1d352521.7732272416!2d-63.2246682!3d46.348029!3m2!1i1024!2i768!4f13.1!4m13!3e0!4m5!1s0x4b5e52ddd47f83c5%3A0x5a5777b89f519b27!2sCharlottetown%2C+PE!3m2!1d46.23824!2d-63.1310704!4m5!1s0x4b5fb8c3e64e9b43%3A0xcb056f134dc5f4dc!2sNorth+Rustico%2C+PE!3m2!1d46.4582755!2d-63.3131925!5e0!3m2!1sen!2sca!4v1458575589966\" width=\"100%\" height=\"300\" frameborder=\"0\" allowfullscreen=\"allowfullscreen\"><\/iframe><\/div>\n<p>&nbsp;<\/p>\n<p>&nbsp;<\/p>\n<p><b>De Summerside \u00e0 North Rustico \u2013 entre 40 et 45 minutes en automobile<\/b><\/p>\n<\/div>\n<p><iframe loading=\"lazy\" style=\"border: 0;\" src=\"https:\/\/www.google.com\/maps\/embed?pb=!1m24!1m8!1m3!1d352011.1078525221!2d-63.5517128!3d46.4271595!3m2!1i1024!2i768!4f13.1!4m13!3e0!4m5!1s0x4b5f9ca197ae2afb%3A0xd6353982fd038602!2sSummerside%2C+PE!3m2!1d46.393377699999995!2d-63.790233099999995!4m5!1s0x4b5fb8c3e64e9b43%3A0xcb056f134dc5f4dc!2sNorth+Rustico%2C+PE!3m2!1d46.4582755!2d-63.3131925!5e0!3m2!1sen!2sca!4v1458587452764\" width=\"100%\" height=\"300\" frameborder=\"0\" allowfullscreen=\"allowfullscreen\"><\/iframe><\/p>\n<div><\/div>\n","protected":false},"excerpt":{"rendered":"<p>NOS PARTENAIRES H\u00d4TELIERS Pour trouver des h\u00f4tels \u00e0 proximit\u00e9 North Rustico, visitez Trip Advisor. AUTRES COMPAGNIES DE TH\u00c9\u00c2TRE \u00c0 L\u2019\u00ceLE DU PRINCE \u00c9DOUARD Victoria Playhouse &#8211; victoriaplayhouse.com Charlottetown Festival &#8211;\u00a0www.confederationcentre.com\/fr\/theatre.php &hellip; <a href=\"https:\/\/www.watermarktheatre.com\/fr\/on-stage\/plan-your-visit\/\">Continued<\/a><\/p>\n","protected":false},"author":3,"featured_media":0,"parent":883,"menu_order":0,"comment_status":"closed","ping_status":"closed","template":"","meta":{"footnotes":""},"class_list":["post-875","page","type-page","status-publish","hentry"],"_links":{"self":[{"href":"https:\/\/www.watermarktheatre.com\/fr\/wp-json\/wp\/v2\/pages\/875","targetHints":{"allow":["GET"]}}],"collection":[{"href":"https:\/\/www.watermarktheatre.com\/fr\/wp-json\/wp\/v2\/pages"}],"about":[{"href":"https:\/\/www.watermarktheatre.com\/fr\/wp-json\/wp\/v2\/types\/page"}],"author":[{"embeddable":true,"href":"https:\/\/www.watermarktheatre.com\/fr\/wp-json\/wp\/v2\/users\/3"}],"replies":[{"embeddable":true,"href":"https:\/\/www.watermarktheatre.com\/fr\/wp-json\/wp\/v2\/comments?post=875"}],"version-history":[{"count":11,"href":"https:\/\/www.watermarktheatre.com\/fr\/wp-json\/wp\/v2\/pages\/875\/revisions"}],"predecessor-version":[{"id":6514,"href":"https:\/\/www.watermarktheatre.com\/fr\/wp-json\/wp\/v2\/pages\/875\/revisions\/6514"}],"up":[{"embeddable":true,"href":"https:\/\/www.watermarktheatre.com\/fr\/wp-json\/wp\/v2\/pages\/883"}],"wp:attachment":[{"href":"https:\/\/www.watermarktheatre.com\/fr\/wp-json\/wp\/v2\/media?parent=875"}],"curies":[{"name":"wp","href":"https:\/\/api.w.org\/{rel}","templated":true}]}}