{"id":873,"date":"2016-04-25T16:55:37","date_gmt":"2016-04-25T16:55:37","guid":{"rendered":"https:\/\/watermarktheatre.com\/?page_id=873"},"modified":"2019-11-12T21:49:07","modified_gmt":"2019-11-12T21:49:07","slug":"the-play-reading-series","status":"publish","type":"page","link":"https:\/\/www.watermarktheatre.com\/fr\/on-stage\/the-play-reading-series\/","title":{"rendered":"The Play Reading Series"},"content":{"rendered":"<p>Le titre dit tout. Les com\u00e9diens, scripts en main et se d\u00e9pla\u00e7ant aussi peu que possible sur sc\u00e8ne, interpr\u00e8tent une pi\u00e8ce devant un public. \u00ab\u00a0La s\u00e9rie nous permet de mettre \u00e0 l\u2019essai toute une gamme d\u2019\u0153uvres devant notre publique et nous aide \u00e0 choisir ce que nous ferons \u00e0 l\u2019avenir. J\u2019ai aussi l\u2019occasion d\u2019\u00e9valuer des com\u00e9diens que je ne connais pas bien en vue de les consid\u00e9rer pour des productions futures\u00a0\u00bb, mentionne le directeur artistique, Robert Tsonos.<\/p>\n<div class=\"s4\" data-reactid=\".0.$SITE_ROOT.$desktop_siteRoot.$PAGES_CONTAINER.1.1.$SITE_PAGES.$cfwd.2.$i4vbvm1s\"><\/div>\n<div class=\"s4\" data-reactid=\".0.$SITE_ROOT.$desktop_siteRoot.$PAGES_CONTAINER.1.1.$SITE_PAGES.$cfwd.2.$i4vbvm1s\">\n<div>\n<div class=\"yj6qo ajU\"><img loading=\"lazy\" decoding=\"async\" class=\"aligncenter size-medium wp-image-4118\" src=\"http:\/\/watermarktheatre.com\/wp-content\/uploads\/2016\/03\/parc-e1371695513855-300x126.jpg\" alt=\"parc-e1371695513855\" width=\"300\" height=\"126\" srcset=\"https:\/\/www.watermarktheatre.com\/wp-content\/uploads\/2016\/03\/parc-e1371695513855-300x126.jpg 300w, https:\/\/www.watermarktheatre.com\/wp-content\/uploads\/2016\/03\/parc-e1371695513855.jpg 428w\" sizes=\"auto, (max-width: 300px) 100vw, 300px\" \/><\/div>\n<\/div>\n<\/div>\n","protected":false},"excerpt":{"rendered":"<p>Le titre dit tout. Les com\u00e9diens, scripts en main et se d\u00e9pla\u00e7ant aussi peu que possible sur sc\u00e8ne, interpr\u00e8tent une pi\u00e8ce devant un public. \u00ab\u00a0La s\u00e9rie nous permet de mettre &hellip; <a href=\"https:\/\/www.watermarktheatre.com\/fr\/on-stage\/the-play-reading-series\/\">Continued<\/a><\/p>\n","protected":false},"author":3,"featured_media":0,"parent":883,"menu_order":0,"comment_status":"closed","ping_status":"closed","template":"","meta":{"footnotes":""},"class_list":["post-873","page","type-page","status-publish","hentry"],"_links":{"self":[{"href":"https:\/\/www.watermarktheatre.com\/fr\/wp-json\/wp\/v2\/pages\/873","targetHints":{"allow":["GET"]}}],"collection":[{"href":"https:\/\/www.watermarktheatre.com\/fr\/wp-json\/wp\/v2\/pages"}],"about":[{"href":"https:\/\/www.watermarktheatre.com\/fr\/wp-json\/wp\/v2\/types\/page"}],"author":[{"embeddable":true,"href":"https:\/\/www.watermarktheatre.com\/fr\/wp-json\/wp\/v2\/users\/3"}],"replies":[{"embeddable":true,"href":"https:\/\/www.watermarktheatre.com\/fr\/wp-json\/wp\/v2\/comments?post=873"}],"version-history":[{"count":26,"href":"https:\/\/www.watermarktheatre.com\/fr\/wp-json\/wp\/v2\/pages\/873\/revisions"}],"predecessor-version":[{"id":4221,"href":"https:\/\/www.watermarktheatre.com\/fr\/wp-json\/wp\/v2\/pages\/873\/revisions\/4221"}],"up":[{"embeddable":true,"href":"https:\/\/www.watermarktheatre.com\/fr\/wp-json\/wp\/v2\/pages\/883"}],"wp:attachment":[{"href":"https:\/\/www.watermarktheatre.com\/fr\/wp-json\/wp\/v2\/media?parent=873"}],"curies":[{"name":"wp","href":"https:\/\/api.w.org\/{rel}","templated":true}]}}