{"id":871,"date":"2016-04-25T16:45:25","date_gmt":"2016-04-25T16:45:25","guid":{"rendered":"https:\/\/watermarktheatre.com\/?page_id=871"},"modified":"2025-07-01T17:06:24","modified_gmt":"2025-07-01T20:06:24","slug":"la-serie-musicale-watermark","status":"publish","type":"page","link":"https:\/\/www.watermarktheatre.com\/fr\/on-stage\/la-serie-musicale-watermark\/","title":{"rendered":"La S\u00e9rie musicale Watermark"},"content":{"rendered":"<p>Des auteurs-compositeurs-interpr\u00e8tes de l\u2019\u00cele apportent un peu de magie \u00e0 trois soir\u00e9es \u00e0 th\u00e8me. Ils imaginent de nouveau des pi\u00e8ces classiques bien-aim\u00e9es et d\u00e9voilent des \u0153uvres originales captivantes. Pr\u00e9sent\u00e9es par Sarah Segal-Lazar<\/p>\n<p>Le 27 juillet \u2013 Canadian Folk c\u00e9l\u00e8bre les auteurs-compositeurs-interpr\u00e8tes l\u00e9gendaires ayant cr\u00e9\u00e9 la trame sonore d\u2019une nation. Cette s\u00e9rie met en vedette la musique intemporelle des ic\u00f4nes de la musique folk du Canada, Gordon Lightfoot, Neil Young et Joni Mitchell, et honore la po\u00e9sie des histoires qu\u2019ils ont chant\u00e9es, la richesse de leurs m\u00e9lodies et la p\u00e9rennit\u00e9 de leur h\u00e9ritage. \u00c9coutez les c\u00e9l\u00e8bre artistes locaux Nudie et Noah Malcolm, ainsi que la captivante vedette en herbe Dianadelirio. Cette nouvelle g\u00e9n\u00e9ration d\u2019artistes repense les l\u00e9gendes du Canada dans un spectacle intime et inoubliable<br \/>\nmarqu\u00e9 de nostalgie et de nouvelles interpr\u00e9tations.<\/p>\n<p>Le 10 ao\u00fbt \u2013 Swingin\u2019 with the Rat Pack fait hommage \u00e0 l\u2019\u00e2ge d\u2019or du \u00ab cool \u00bb, dans une atmosph\u00e8re intime de musique acoustique. Cette s\u00e9rie met en vedette les tubes de Frank Sinatra, de Dean Martin et de Sammy Davis Jr., et se passe des prestations des big bands pour d\u00e9voiler le c\u0153ur et l\u2019\u00e2me de ces chansons classique.<\/p>\n<p>Le 24 ao\u00fbt \u2013 Golden Year: Hits of 1975 vous ram\u00e8ne au c\u0153ur d\u2019une r\u00e9volution musicale, la collision inoubliable des genres rock, folk et pop. Cette s\u00e9rie \u00e9pluche les grands succ\u00e8s de l\u2019ann\u00e9e &#8211; les voix suaves de Fleetwood Mac, les m\u00e9lodies \u00e9lectrisantes de Stevie Wonder et la rude po\u00e9sie de Bob Dylan &#8211;<br \/>\npour leur donner une nouvelle vie acoustique. En compagnie des forces de la nature de l\u2019\u00ceP\u00c9 Brielle Ansems, Nick Doneff et Luisa G\u00fciza, pr\u00e9parez-vous \u00e0 vous imbiber de l\u2019esprit de \u201875\u2014l\u2019\u00e8re de la musique audacieuse, des esprits libres et des chansons qui racontaient toutes des histoires qui sont aussi<br \/>\nactuelles aujourd\u2019hui qu\u2019il y a 50 ans.<\/p>\n<p><img loading=\"lazy\" decoding=\"async\" class=\"aligncenter size-large wp-image-7705\" src=\"http:\/\/watermarktheatre.com\/wp-content\/uploads\/2025\/04\/79503141-e7de-647b-1dbc-4c054c2c5ec2-1024x654.png\" alt=\"\" width=\"1024\" height=\"654\" srcset=\"https:\/\/www.watermarktheatre.com\/wp-content\/uploads\/2025\/04\/79503141-e7de-647b-1dbc-4c054c2c5ec2-1024x654.png 1024w, https:\/\/www.watermarktheatre.com\/wp-content\/uploads\/2025\/04\/79503141-e7de-647b-1dbc-4c054c2c5ec2-300x192.png 300w, https:\/\/www.watermarktheatre.com\/wp-content\/uploads\/2025\/04\/79503141-e7de-647b-1dbc-4c054c2c5ec2-768x491.png 768w, https:\/\/www.watermarktheatre.com\/wp-content\/uploads\/2025\/04\/79503141-e7de-647b-1dbc-4c054c2c5ec2-1536x981.png 1536w, https:\/\/www.watermarktheatre.com\/wp-content\/uploads\/2025\/04\/79503141-e7de-647b-1dbc-4c054c2c5ec2.png 1875w\" sizes=\"auto, (max-width: 1024px) 100vw, 1024px\" \/><\/p>\n<h4 style=\"text-align: center;\">Ce projet a \u00e9t\u00e9 rendu possible en partie gr\u00e2ce au gouvernement du Canada<\/h4>\n<p><a href=\"http:\/\/watermarktheatre.com\/wp-content\/uploads\/2016\/03\/1acdb5_3c8dc845d675493e917adc1436f3973b.jpg\"><img loading=\"lazy\" decoding=\"async\" class=\"size-full wp-image-80 aligncenter\" src=\"http:\/\/watermarktheatre.com\/wp-content\/uploads\/2016\/03\/1acdb5_3c8dc845d675493e917adc1436f3973b.jpg\" alt=\"1acdb5_3c8dc845d675493e917adc1436f3973b\" width=\"273\" height=\"73\" \/><\/a><\/p>\n<p style=\"text-align: center;\"><img loading=\"lazy\" decoding=\"async\" class=\"aligncenter wp-image-4230\" src=\"http:\/\/watermarktheatre.com\/wp-content\/uploads\/2019\/11\/HH-Logo-1.png\" alt=\"\" width=\"175\" height=\"133\" \/><\/p>\n<p>&nbsp;<\/p>\n<p>&nbsp;<\/p>\n<p>&nbsp;<\/p>\n","protected":false},"excerpt":{"rendered":"<p>Des auteurs-compositeurs-interpr\u00e8tes de l\u2019\u00cele apportent un peu de magie \u00e0 trois soir\u00e9es \u00e0 th\u00e8me. Ils imaginent de nouveau des pi\u00e8ces classiques bien-aim\u00e9es et d\u00e9voilent des \u0153uvres originales captivantes. Pr\u00e9sent\u00e9es par &hellip; <a href=\"https:\/\/www.watermarktheatre.com\/fr\/on-stage\/la-serie-musicale-watermark\/\">Continued<\/a><\/p>\n","protected":false},"author":3,"featured_media":0,"parent":883,"menu_order":0,"comment_status":"closed","ping_status":"closed","template":"","meta":{"footnotes":""},"class_list":["post-871","page","type-page","status-publish","hentry"],"_links":{"self":[{"href":"https:\/\/www.watermarktheatre.com\/fr\/wp-json\/wp\/v2\/pages\/871","targetHints":{"allow":["GET"]}}],"collection":[{"href":"https:\/\/www.watermarktheatre.com\/fr\/wp-json\/wp\/v2\/pages"}],"about":[{"href":"https:\/\/www.watermarktheatre.com\/fr\/wp-json\/wp\/v2\/types\/page"}],"author":[{"embeddable":true,"href":"https:\/\/www.watermarktheatre.com\/fr\/wp-json\/wp\/v2\/users\/3"}],"replies":[{"embeddable":true,"href":"https:\/\/www.watermarktheatre.com\/fr\/wp-json\/wp\/v2\/comments?post=871"}],"version-history":[{"count":35,"href":"https:\/\/www.watermarktheatre.com\/fr\/wp-json\/wp\/v2\/pages\/871\/revisions"}],"predecessor-version":[{"id":7842,"href":"https:\/\/www.watermarktheatre.com\/fr\/wp-json\/wp\/v2\/pages\/871\/revisions\/7842"}],"up":[{"embeddable":true,"href":"https:\/\/www.watermarktheatre.com\/fr\/wp-json\/wp\/v2\/pages\/883"}],"wp:attachment":[{"href":"https:\/\/www.watermarktheatre.com\/fr\/wp-json\/wp\/v2\/media?parent=871"}],"curies":[{"name":"wp","href":"https:\/\/api.w.org\/{rel}","templated":true}]}}