{"id":857,"date":"2016-04-25T16:27:48","date_gmt":"2016-04-25T16:27:48","guid":{"rendered":"https:\/\/watermarktheatre.com\/?page_id=857"},"modified":"2020-03-24T15:56:32","modified_gmt":"2020-03-24T15:56:32","slug":"home","status":"publish","type":"page","link":"https:\/\/www.watermarktheatre.com\/fr\/","title":{"rendered":"Home"},"content":{"rendered":"<div style=\"text-align: center;\"><div id=\"metaslider-id-1969\" style=\"width: 100%; margin: 0 auto;\" class=\"ml-slider-3-104-0 metaslider metaslider-responsive metaslider-1969 ml-slider has-dots-nav ms-theme-default\" role=\"region\" aria-label=\"Homepage-French\" data-height=\"563\" data-width=\"999\">\n    <div id=\"metaslider_container_1969\">\n        <ul id='metaslider_1969' class='rslides'>\n            <li aria-roledescription='slide' aria-labelledby='slide-0'><img loading=\"lazy\" decoding=\"async\" src=\"https:\/\/www.watermarktheatre.com\/wp-content\/uploads\/2026\/03\/unnamed-1-999x563.png\" height=\"563\" width=\"999\" alt=\"\" class=\"slider-1969 slide-8282 msDefaultImage\" title=\"unnamed\" \/><\/li>\n            <li style='display: none;' aria-roledescription='slide' aria-labelledby='slide-1'><img loading=\"lazy\" decoding=\"async\" src=\"https:\/\/www.watermarktheatre.com\/wp-content\/uploads\/2026\/03\/2025-Summer-Season-5-999x563.png\" height=\"563\" width=\"999\" alt=\"\" class=\"slider-1969 slide-8313 msDefaultImage\" title=\"2025 Summer Season (5)\" \/><\/li>\n            <li style='display: none;' aria-roledescription='slide' aria-labelledby='slide-2'><img loading=\"lazy\" decoding=\"async\" src=\"https:\/\/www.watermarktheatre.com\/wp-content\/uploads\/2026\/04\/WatermarkPosters_2026_Relatively-Sepeaking-small-999x563.jpg\" height=\"563\" width=\"999\" alt=\"\" class=\"slider-1969 slide-8326 msDefaultImage\" title=\"WatermarkPosters_2026_Relatively Sepeaking small\" \/><\/li>\n            <li style='display: none;' aria-roledescription='slide' aria-labelledby='slide-3'><img loading=\"lazy\" decoding=\"async\" src=\"https:\/\/www.watermarktheatre.com\/wp-content\/uploads\/2026\/04\/WatermarkPosters_2026_v4-08-999x563.jpg\" height=\"563\" width=\"999\" alt=\"\" class=\"slider-1969 slide-8327 msDefaultImage\" title=\"WatermarkPosters_2026_v4-08\" \/><\/li>\n        <\/ul>\n        \n    <\/div>\n<\/div><\/div>\n<h1>Derni\u00e8res nouvelles<\/h1>\n<div class=\"add_posts\"><ul><div class=\"add_posts_content\" style=\"clear:both;\"><h2 class=\"title\" style=\"clear: none;\"><a href=\"https:\/\/www.watermarktheatre.com\/fr\/venez-voir-une-comedie-romantique-et-une-palpitante-histoire-de-fantomes-au-watermark-cet-ete\/\">Venez voir une com\u00e9die romantique et une palpitante histoire de fant\u00f4mes au Watermark cet \u00e9t\u00e9.<\/a><\/h2><div class=\"post-content\" style=\"clear:both\";><p>Le directeur artistique du Watermark Theatre, Robert Tsonos, annonce fi\u00e8rement les pi\u00e8ces qui serontn pr\u00e9sent\u00e9es pendant la saison estivale 2025 de la compagnie. Dear Jack, Dear Louise de Ken Ludwig sera pr\u00e9sent\u00e9e du 24 juin au 30 ao\u00fbt 2025, et The Woman in Black de Stephen Mallatratt, bas\u00e9e sur le roman de Susan Hill, jouera du 4 juillet au 29 ao\u00fbt 2025.<\/p>\n<div>\n<h6>\n <a href=\"https:\/\/www.watermarktheatre.com\/fr\/venez-voir-une-comedie-romantique-et-une-palpitante-histoire-de-fantomes-au-watermark-cet-ete\/\" class=\"readmore\">Lire la suite...<\/a><\/div><hr style=\"margin:10px 0\"><\/div><\/ul><\/div><div style=\"clear: both;\"><\/div>\n<p><a href=\"http:\/\/watermarktheatre.com\/fr\/the-company\/nouvelles\/\">Cliquez ici pour plus de nouvelles<\/a><\/p>\n","protected":false},"excerpt":{"rendered":"<p>Derni\u00e8res nouvelles Cliquez ici pour plus de nouvelles<\/p>\n","protected":false},"author":3,"featured_media":0,"parent":0,"menu_order":0,"comment_status":"closed","ping_status":"closed","template":"template-custom.php","meta":{"footnotes":""},"class_list":["post-857","page","type-page","status-publish","hentry"],"_links":{"self":[{"href":"https:\/\/www.watermarktheatre.com\/fr\/wp-json\/wp\/v2\/pages\/857","targetHints":{"allow":["GET"]}}],"collection":[{"href":"https:\/\/www.watermarktheatre.com\/fr\/wp-json\/wp\/v2\/pages"}],"about":[{"href":"https:\/\/www.watermarktheatre.com\/fr\/wp-json\/wp\/v2\/types\/page"}],"author":[{"embeddable":true,"href":"https:\/\/www.watermarktheatre.com\/fr\/wp-json\/wp\/v2\/users\/3"}],"replies":[{"embeddable":true,"href":"https:\/\/www.watermarktheatre.com\/fr\/wp-json\/wp\/v2\/comments?post=857"}],"version-history":[{"count":27,"href":"https:\/\/www.watermarktheatre.com\/fr\/wp-json\/wp\/v2\/pages\/857\/revisions"}],"predecessor-version":[{"id":4568,"href":"https:\/\/www.watermarktheatre.com\/fr\/wp-json\/wp\/v2\/pages\/857\/revisions\/4568"}],"wp:attachment":[{"href":"https:\/\/www.watermarktheatre.com\/fr\/wp-json\/wp\/v2\/media?parent=857"}],"curies":[{"name":"wp","href":"https:\/\/api.w.org\/{rel}","templated":true}]}}