{"id":7797,"date":"2025-05-15T14:24:34","date_gmt":"2025-05-15T17:24:34","guid":{"rendered":"https:\/\/watermarktheatre.com\/?page_id=7797"},"modified":"2025-05-15T14:24:34","modified_gmt":"2025-05-15T17:24:34","slug":"brandon-stafford","status":"publish","type":"page","link":"https:\/\/www.watermarktheatre.com\/fr\/brandon-stafford\/","title":{"rendered":"Brandon Stafford"},"content":{"rendered":"<p><strong>Jack dans Dear Jack, Dear Louise, Kipps dans The Woman in Black<\/strong><\/p>\n<p>Brandon est ravi et fier de faire son d\u00e9but au Watermark Theatre! S\u2019il est le petit nouveau au Watermark, c\u2019est un acteur bien r\u00f4d\u00e9. Originaire de London en Ontario, Brandon fait carri\u00e8re depuis 17 ans comme acteur et chanteur, ayant jou\u00e9 dans des pi\u00e8ces, des com\u00e9dies musicales et des films. Lui et sa femme ont emm\u00e9nag\u00e9 \u00e0 l\u2019\u00ceP\u00c9 \u00e0 la fin 2023 et il a tout de suite d\u00e9nich\u00e9 un r\u00f4le dans la saison des F\u00eates du Feast Dinner Theatre. Depuis ce temps, il a jou\u00e9 dans de multiples courts m\u00e9trages dans tous les coins de l\u2019\u00cele, plusieurs annonces (Kent Hardware, Atlantic Credit Union, etc.), encore deux saisons au Feast Dinner Theatre et un nouveau long m\u00e9trage film\u00e9 \u00e0 l\u2019\u00ceP\u00c9, Back For The Holidays, en tant que cascadeur. Quand il n\u2019est ni sur sc\u00e8ne ni devant la cam\u00e9ra, Brandon enseigne des cours de th\u00e9\u00e2tre au Revolution Dance Studio \u00e0 Charlottetown. Comme toujours, il est plus de reconnaissant envers sa<br \/>\nfemme, Sam, et sa chienne, Maggie, et il leur envoie tout son amour.<\/p>\n<p>R\u00f4les choisis : Brad Majors dans The Rocky Horror Show, Emmet Forrest dans Legally Blonde, Man in Chair dans The Drowsy Chaperone, D\u2019Artagnan dans The Three Musketeers, Prince John dans The Lion In Winter.<\/p>\n<p><img loading=\"lazy\" decoding=\"async\" class=\"aligncenter size-large wp-image-7726\" src=\"http:\/\/watermarktheatre.com\/wp-content\/uploads\/2025\/05\/X-2005-819x1024.jpg\" alt=\"\" width=\"819\" height=\"1024\" srcset=\"https:\/\/www.watermarktheatre.com\/wp-content\/uploads\/2025\/05\/X-2005-819x1024.jpg 819w, https:\/\/www.watermarktheatre.com\/wp-content\/uploads\/2025\/05\/X-2005-240x300.jpg 240w, https:\/\/www.watermarktheatre.com\/wp-content\/uploads\/2025\/05\/X-2005-768x960.jpg 768w, https:\/\/www.watermarktheatre.com\/wp-content\/uploads\/2025\/05\/X-2005.jpg 864w\" sizes=\"auto, (max-width: 819px) 100vw, 819px\" \/><\/p>\n","protected":false},"excerpt":{"rendered":"<p>Jack dans Dear Jack, Dear Louise, Kipps dans The Woman in Black Brandon est ravi et fier de faire son d\u00e9but au Watermark Theatre! S\u2019il est le petit nouveau au &hellip; <a href=\"https:\/\/www.watermarktheatre.com\/fr\/brandon-stafford\/\">Continued<\/a><\/p>\n","protected":false},"author":2,"featured_media":0,"parent":0,"menu_order":0,"comment_status":"closed","ping_status":"closed","template":"","meta":{"footnotes":""},"class_list":["post-7797","page","type-page","status-publish","hentry"],"_links":{"self":[{"href":"https:\/\/www.watermarktheatre.com\/fr\/wp-json\/wp\/v2\/pages\/7797","targetHints":{"allow":["GET"]}}],"collection":[{"href":"https:\/\/www.watermarktheatre.com\/fr\/wp-json\/wp\/v2\/pages"}],"about":[{"href":"https:\/\/www.watermarktheatre.com\/fr\/wp-json\/wp\/v2\/types\/page"}],"author":[{"embeddable":true,"href":"https:\/\/www.watermarktheatre.com\/fr\/wp-json\/wp\/v2\/users\/2"}],"replies":[{"embeddable":true,"href":"https:\/\/www.watermarktheatre.com\/fr\/wp-json\/wp\/v2\/comments?post=7797"}],"version-history":[{"count":1,"href":"https:\/\/www.watermarktheatre.com\/fr\/wp-json\/wp\/v2\/pages\/7797\/revisions"}],"predecessor-version":[{"id":7798,"href":"https:\/\/www.watermarktheatre.com\/fr\/wp-json\/wp\/v2\/pages\/7797\/revisions\/7798"}],"wp:attachment":[{"href":"https:\/\/www.watermarktheatre.com\/fr\/wp-json\/wp\/v2\/media?parent=7797"}],"curies":[{"name":"wp","href":"https:\/\/api.w.org\/{rel}","templated":true}]}}