{"id":7792,"date":"2025-05-15T14:17:29","date_gmt":"2025-05-15T17:17:29","guid":{"rendered":"https:\/\/watermarktheatre.com\/?page_id=7792"},"modified":"2025-05-15T14:17:29","modified_gmt":"2025-05-15T17:17:29","slug":"paul-van-dyck","status":"publish","type":"page","link":"https:\/\/www.watermarktheatre.com\/fr\/paul-van-dyck\/","title":{"rendered":"Paul Van Dyck"},"content":{"rendered":"<p><strong>Acteur dans The Woman in Black<\/strong><\/p>\n<p>Paul est ravi de retourner aux Maritimes depuis qu\u2019il a pass\u00e9 une saison au Ship&amp;#39;s Company Theatre \u00e0 Parrsboro, qu\u2019il a jou\u00e9 avec le Halifax\u2019s Forerunner Playwrights&amp;#39; Theatre et qu\u2019il a re\u00e7u les prix de la meilleure \u0153uvre dramatique et de la meilleure r\u00e9alisation \u00e0 l\u2019Atlantic Fringe Festival. Paul est acteur, dramaturge et directeur. Il d\u00e9tient un BAH de la Queen&amp;#39;s University et une ma\u00eetrise en \u00e9criture cr\u00e9ative de l\u2019UBC. Ses \u0153uvres ont \u00e9t\u00e9 prim\u00e9es de multiples fois, ayant re\u00e7u, entre autres, le prix de la com\u00e9die Tom Hendry du Playwrights Guild of Canada, le prix de r\u00e9v\u00e9lation du Montreal English Critics Circle et le prix de direction exceptionnelle du Montreal English Theatre. Paul a d\u00e9j\u00e0 particip\u00e9 au projet des directeurs stagiaires au Shaw Festival et il a repr\u00e9sent\u00e9 le Qu\u00e9bec au forum national de la Playwrights Guild of Canada. Il est le directeur artistique fondateur des Rabbit in a Hat Productions, une compagnie th\u00e9\u00e2trale bas\u00e9e \u00e0 Montr\u00e9al ayant comme mission la pr\u00e9sentation de nouvelles pi\u00e8ces canadiennes. Paul enseigne maintenant la dramaturgie \u00e0 la Bishop\u2019s University \u00e0 Sherbrooke (Qu\u00e9bec).<\/p>\n<p><img loading=\"lazy\" decoding=\"async\" class=\"aligncenter size-full wp-image-7713\" src=\"http:\/\/watermarktheatre.com\/wp-content\/uploads\/2025\/05\/Paul-Van-Dyck-headshot.jpeg\" alt=\"\" width=\"874\" height=\"746\" srcset=\"https:\/\/www.watermarktheatre.com\/wp-content\/uploads\/2025\/05\/Paul-Van-Dyck-headshot.jpeg 874w, https:\/\/www.watermarktheatre.com\/wp-content\/uploads\/2025\/05\/Paul-Van-Dyck-headshot-300x256.jpeg 300w, https:\/\/www.watermarktheatre.com\/wp-content\/uploads\/2025\/05\/Paul-Van-Dyck-headshot-768x656.jpeg 768w\" sizes=\"auto, (max-width: 874px) 100vw, 874px\" \/><\/p>\n","protected":false},"excerpt":{"rendered":"<p>Acteur dans The Woman in Black Paul est ravi de retourner aux Maritimes depuis qu\u2019il a pass\u00e9 une saison au Ship&amp;#39;s Company Theatre \u00e0 Parrsboro, qu\u2019il a jou\u00e9 avec le &hellip; <a href=\"https:\/\/www.watermarktheatre.com\/fr\/paul-van-dyck\/\">Continued<\/a><\/p>\n","protected":false},"author":2,"featured_media":0,"parent":0,"menu_order":0,"comment_status":"closed","ping_status":"closed","template":"","meta":{"footnotes":""},"class_list":["post-7792","page","type-page","status-publish","hentry"],"_links":{"self":[{"href":"https:\/\/www.watermarktheatre.com\/fr\/wp-json\/wp\/v2\/pages\/7792","targetHints":{"allow":["GET"]}}],"collection":[{"href":"https:\/\/www.watermarktheatre.com\/fr\/wp-json\/wp\/v2\/pages"}],"about":[{"href":"https:\/\/www.watermarktheatre.com\/fr\/wp-json\/wp\/v2\/types\/page"}],"author":[{"embeddable":true,"href":"https:\/\/www.watermarktheatre.com\/fr\/wp-json\/wp\/v2\/users\/2"}],"replies":[{"embeddable":true,"href":"https:\/\/www.watermarktheatre.com\/fr\/wp-json\/wp\/v2\/comments?post=7792"}],"version-history":[{"count":1,"href":"https:\/\/www.watermarktheatre.com\/fr\/wp-json\/wp\/v2\/pages\/7792\/revisions"}],"predecessor-version":[{"id":7793,"href":"https:\/\/www.watermarktheatre.com\/fr\/wp-json\/wp\/v2\/pages\/7792\/revisions\/7793"}],"wp:attachment":[{"href":"https:\/\/www.watermarktheatre.com\/fr\/wp-json\/wp\/v2\/media?parent=7792"}],"curies":[{"name":"wp","href":"https:\/\/api.w.org\/{rel}","templated":true}]}}