{"id":7789,"date":"2025-05-15T14:15:00","date_gmt":"2025-05-15T17:15:00","guid":{"rendered":"https:\/\/watermarktheatre.com\/?page_id=7789"},"modified":"2025-06-27T22:21:33","modified_gmt":"2025-06-28T01:21:33","slug":"caroline-bell","status":"publish","type":"page","link":"https:\/\/www.watermarktheatre.com\/fr\/caroline-bell\/","title":{"rendered":"Caroline Bell"},"content":{"rendered":"<p><strong>Louise dans Dear Jack Dear Louise<\/strong><\/p>\n<p>Caroline Bell est actrice\/cr\u00e9atrice et vient de Saint John (Nouveau-Brunswick). Elle est dipl\u00f4m\u00e9e de l\u2019\u00e9cole de th\u00e9\u00e2tre George Brown et a fait des tourn\u00e9es internationales avec l\u2019Atlantic Repertory Company et provinciales avec Th\u00e9\u00e2tre Nouveau-Brunswick. Caroline esp\u00e8re jouer dans toutes les<br \/>\nprovinces de l\u2019Atlantique bient\u00f4t. (L\u2019\u00ceP\u00c9 est l\u2019avant-derni\u00e8re de sa liste!) Caroline se passionne pour les nouveaux ouvrages qui sortent sur la C\u00f4te est du Canada. Son but est de devenir la nouille que les artistes vont jeter contre le mur pour voir ce qui s\u2019y collera.<\/p>\n<p>Nommons parmi les r\u00e9cents projets de Caroline : des \u00e9tudes au Banff Center for Arts and Creativity et le travail en atelier d\u2019une adaptation de DUCKS par la romanci\u00e8re graphique Kate Beaton, originaire du Cap-Breton; faire rire les assistances n\u00e9o-\u00e9cossaises dans la farce de Katerina Bakolias \u2019Til Death Do Us Part au Ship\u2019s Company Theatre; son premier r\u00f4le dans un long m\u00e9trage, Do I Know You From Somewhere? de Strike Pictures. Ce film tourn\u00e9 au Nouveau-Brunswick par une \u00e9quipe et des acteurs tous originaires des Maritimes, a fait son d\u00e9but mondial au Festival international du film de Toronto en<br \/>\n2024.<\/p>\n<p>R\u00f4les choisis au th\u00e9\u00e2tre : Katie dans le travail en atelier de DUCKS (Banff Center for Arts and Creativity), Kira dans \u2019Til Death Do Us Part (Ship\u2019s Company Theatre), Lori dans Still Buffering (Connection Dance Works), Cassie dans The Wickhams: Christmas at Pemberley (TNB), Venning\/Guide dans Loyalist Burial Ground Project I + II, Margaret dans No Man Is An Island, Governess dans The Turn of The Screw, Mary dans Mary\u2019s Wedding, I dans Abyss (ARC).<\/p>\n<p><img loading=\"lazy\" decoding=\"async\" class=\"aligncenter size-large wp-image-7718\" src=\"http:\/\/watermarktheatre.com\/wp-content\/uploads\/2025\/05\/CarolineBell91675-683x1024.jpg\" alt=\"\" width=\"683\" height=\"1024\" srcset=\"https:\/\/www.watermarktheatre.com\/wp-content\/uploads\/2025\/05\/CarolineBell91675-683x1024.jpg 683w, https:\/\/www.watermarktheatre.com\/wp-content\/uploads\/2025\/05\/CarolineBell91675-200x300.jpg 200w, https:\/\/www.watermarktheatre.com\/wp-content\/uploads\/2025\/05\/CarolineBell91675-768x1152.jpg 768w, https:\/\/www.watermarktheatre.com\/wp-content\/uploads\/2025\/05\/CarolineBell91675-1024x1536.jpg 1024w, https:\/\/www.watermarktheatre.com\/wp-content\/uploads\/2025\/05\/CarolineBell91675-1365x2048.jpg 1365w, https:\/\/www.watermarktheatre.com\/wp-content\/uploads\/2025\/05\/CarolineBell91675-scaled.jpg 1707w\" sizes=\"auto, (max-width: 683px) 100vw, 683px\" \/><\/p>\n","protected":false},"excerpt":{"rendered":"<p>Louise dans Dear Jack Dear Louise Caroline Bell est actrice\/cr\u00e9atrice et vient de Saint John (Nouveau-Brunswick). Elle est dipl\u00f4m\u00e9e de l\u2019\u00e9cole de th\u00e9\u00e2tre George Brown et a fait des tourn\u00e9es &hellip; <a href=\"https:\/\/www.watermarktheatre.com\/fr\/caroline-bell\/\">Continued<\/a><\/p>\n","protected":false},"author":2,"featured_media":0,"parent":0,"menu_order":0,"comment_status":"closed","ping_status":"closed","template":"","meta":{"footnotes":""},"class_list":["post-7789","page","type-page","status-publish","hentry"],"_links":{"self":[{"href":"https:\/\/www.watermarktheatre.com\/fr\/wp-json\/wp\/v2\/pages\/7789","targetHints":{"allow":["GET"]}}],"collection":[{"href":"https:\/\/www.watermarktheatre.com\/fr\/wp-json\/wp\/v2\/pages"}],"about":[{"href":"https:\/\/www.watermarktheatre.com\/fr\/wp-json\/wp\/v2\/types\/page"}],"author":[{"embeddable":true,"href":"https:\/\/www.watermarktheatre.com\/fr\/wp-json\/wp\/v2\/users\/2"}],"replies":[{"embeddable":true,"href":"https:\/\/www.watermarktheatre.com\/fr\/wp-json\/wp\/v2\/comments?post=7789"}],"version-history":[{"count":3,"href":"https:\/\/www.watermarktheatre.com\/fr\/wp-json\/wp\/v2\/pages\/7789\/revisions"}],"predecessor-version":[{"id":7839,"href":"https:\/\/www.watermarktheatre.com\/fr\/wp-json\/wp\/v2\/pages\/7789\/revisions\/7839"}],"wp:attachment":[{"href":"https:\/\/www.watermarktheatre.com\/fr\/wp-json\/wp\/v2\/media?parent=7789"}],"curies":[{"name":"wp","href":"https:\/\/api.w.org\/{rel}","templated":true}]}}