{"id":7781,"date":"2025-05-15T14:07:50","date_gmt":"2025-05-15T17:07:50","guid":{"rendered":"https:\/\/watermarktheatre.com\/?page_id=7781"},"modified":"2025-07-18T11:34:36","modified_gmt":"2025-07-18T14:34:36","slug":"the-waltz","status":"publish","type":"page","link":"https:\/\/www.watermarktheatre.com\/fr\/the-waltz\/","title":{"rendered":"The Waltz"},"content":{"rendered":"<p>La com\u00e9die romantique bien aim\u00e9e de Marie Beath Badian raconte ce qui se passe quand les nouveaux arriv\u00e9s commencent \u00e0 s\u2019enraciner et approfondit la question de si jamais l\u2019on peut se sentir vraiment chez soi dans le monde. Romeo Alvarez fait le voyage de l\u2019Ontario \u00e0 la Colombie-Britannique pour commencer ses \u00e9tudes universitaires et s\u2019arr\u00eate en Saskatchewan pour rencontrer de vieux amis de sa m\u00e8re. Son chemin l\u2019am\u00e8ne \u00e0 une cabane isol\u00e9e o\u00f9 Beatrice Klassen accueille son arriv\u00e9e impr\u00e9vue avec m\u00e9fiance. Ici, au perron d\u2019une cabane rustique dans le coin nord-est de la Saskatchewan, deux ados filipino-canadiens dont les histoires se rejoignent miraculeusement passent une soir\u00e9e avec un boombox sous le ciel magnifique de la Saskatchewan.<\/p>\n<p><strong>Funded in part by the Government of\u00a0 PEI and the Community Foundation of PEI.<\/strong><\/p>\n<p><img loading=\"lazy\" decoding=\"async\" class=\"aligncenter size-large wp-image-7850\" src=\"http:\/\/watermarktheatre.com\/wp-content\/uploads\/2025\/07\/WatermarkPosters_2025_fall_v1-01-1024x662.jpg\" alt=\"\" width=\"1024\" height=\"662\" srcset=\"https:\/\/www.watermarktheatre.com\/wp-content\/uploads\/2025\/07\/WatermarkPosters_2025_fall_v1-01-1024x662.jpg 1024w, https:\/\/www.watermarktheatre.com\/wp-content\/uploads\/2025\/07\/WatermarkPosters_2025_fall_v1-01-300x194.jpg 300w, https:\/\/www.watermarktheatre.com\/wp-content\/uploads\/2025\/07\/WatermarkPosters_2025_fall_v1-01-768x496.jpg 768w, https:\/\/www.watermarktheatre.com\/wp-content\/uploads\/2025\/07\/WatermarkPosters_2025_fall_v1-01-1536x992.jpg 1536w, https:\/\/www.watermarktheatre.com\/wp-content\/uploads\/2025\/07\/WatermarkPosters_2025_fall_v1-01.jpg 1913w\" sizes=\"auto, (max-width: 1024px) 100vw, 1024px\" \/><\/p>\n<p>&nbsp;<\/p>\n","protected":false},"excerpt":{"rendered":"<p>La com\u00e9die romantique bien aim\u00e9e de Marie Beath Badian raconte ce qui se passe quand les nouveaux arriv\u00e9s commencent \u00e0 s\u2019enraciner et approfondit la question de si jamais l\u2019on peut &hellip; <a href=\"https:\/\/www.watermarktheatre.com\/fr\/the-waltz\/\">Continued<\/a><\/p>\n","protected":false},"author":2,"featured_media":0,"parent":0,"menu_order":0,"comment_status":"closed","ping_status":"closed","template":"","meta":{"footnotes":""},"class_list":["post-7781","page","type-page","status-publish","hentry"],"_links":{"self":[{"href":"https:\/\/www.watermarktheatre.com\/fr\/wp-json\/wp\/v2\/pages\/7781","targetHints":{"allow":["GET"]}}],"collection":[{"href":"https:\/\/www.watermarktheatre.com\/fr\/wp-json\/wp\/v2\/pages"}],"about":[{"href":"https:\/\/www.watermarktheatre.com\/fr\/wp-json\/wp\/v2\/types\/page"}],"author":[{"embeddable":true,"href":"https:\/\/www.watermarktheatre.com\/fr\/wp-json\/wp\/v2\/users\/2"}],"replies":[{"embeddable":true,"href":"https:\/\/www.watermarktheatre.com\/fr\/wp-json\/wp\/v2\/comments?post=7781"}],"version-history":[{"count":4,"href":"https:\/\/www.watermarktheatre.com\/fr\/wp-json\/wp\/v2\/pages\/7781\/revisions"}],"predecessor-version":[{"id":7856,"href":"https:\/\/www.watermarktheatre.com\/fr\/wp-json\/wp\/v2\/pages\/7781\/revisions\/7856"}],"wp:attachment":[{"href":"https:\/\/www.watermarktheatre.com\/fr\/wp-json\/wp\/v2\/media?parent=7781"}],"curies":[{"name":"wp","href":"https:\/\/api.w.org\/{rel}","templated":true}]}}