{"id":7445,"date":"2025-02-25T18:17:12","date_gmt":"2025-02-25T22:17:12","guid":{"rendered":"https:\/\/watermarktheatre.com\/?page_id=7445"},"modified":"2025-06-21T11:01:16","modified_gmt":"2025-06-21T14:01:16","slug":"the-woman-in-black","status":"publish","type":"page","link":"https:\/\/www.watermarktheatre.com\/fr\/the-woman-in-black\/","title":{"rendered":"The Woman In Black"},"content":{"rendered":"<p><strong>The Woman in Black<\/strong><\/p>\n<p>Dans les coulisses pleines d\u2019ombres d\u2019un vieux th\u00e9\u00e2tre victorien, un jeune acteur rencontre un avocat hant\u00e9 qui se sent oblig\u00e9 de d\u00e9m\u00ealer les secrets noirs qui peuplent ses cauchemars. Ensemble ils racontent l\u2019histoire d\u2019un jeune avocat qui s\u2019aventure dans les marais malveillants de la campagne anglaise pour r\u00e9gler les affaires d\u2019une dame r\u00e9cemment d\u00e9cid\u00e9e. Pr\u00e9parez-vous \u00e0 un voyage th\u00e9\u00e2tral fascinant dans l\u2019inconnu qui vous tiendra au bord de votre si\u00e8ge en train de frissonner. Cette pi\u00e8ce hantante a jou\u00e9 dans le West End de Londres pendant trois d\u00e9cennies.<\/p>\n<p><img loading=\"lazy\" decoding=\"async\" class=\"aligncenter size-large wp-image-7693\" src=\"http:\/\/watermarktheatre.com\/wp-content\/uploads\/2025\/04\/WatermarkPosters_2024_v1-02-1024x654.png\" alt=\"\" width=\"1024\" height=\"654\" srcset=\"https:\/\/www.watermarktheatre.com\/wp-content\/uploads\/2025\/04\/WatermarkPosters_2024_v1-02-1024x654.png 1024w, https:\/\/www.watermarktheatre.com\/wp-content\/uploads\/2025\/04\/WatermarkPosters_2024_v1-02-300x192.png 300w, https:\/\/www.watermarktheatre.com\/wp-content\/uploads\/2025\/04\/WatermarkPosters_2024_v1-02-768x491.png 768w, https:\/\/www.watermarktheatre.com\/wp-content\/uploads\/2025\/04\/WatermarkPosters_2024_v1-02-1536x981.png 1536w, https:\/\/www.watermarktheatre.com\/wp-content\/uploads\/2025\/04\/WatermarkPosters_2024_v1-02.png 1875w\" sizes=\"auto, (max-width: 1024px) 100vw, 1024px\" \/><\/p>\n<p>&nbsp;<\/p>\n<p style=\"text-align: center;\">Sponsored by:<\/p>\n<p><img loading=\"lazy\" decoding=\"async\" class=\"aligncenter  wp-image-7831\" src=\"http:\/\/watermarktheatre.com\/wp-content\/uploads\/2025\/06\/GrayGroup_wTag_CMYK-1.jpg\" alt=\"\" width=\"203\" height=\"159\" srcset=\"https:\/\/www.watermarktheatre.com\/wp-content\/uploads\/2025\/06\/GrayGroup_wTag_CMYK-1.jpg 447w, https:\/\/www.watermarktheatre.com\/wp-content\/uploads\/2025\/06\/GrayGroup_wTag_CMYK-1-300x235.jpg 300w\" sizes=\"auto, (max-width: 203px) 100vw, 203px\" \/><\/p>\n<p>&nbsp;<\/p>\n","protected":false},"excerpt":{"rendered":"<p>The Woman in Black Dans les coulisses pleines d\u2019ombres d\u2019un vieux th\u00e9\u00e2tre victorien, un jeune acteur rencontre un avocat hant\u00e9 qui se sent oblig\u00e9 de d\u00e9m\u00ealer les secrets noirs qui &hellip; <a href=\"https:\/\/www.watermarktheatre.com\/fr\/the-woman-in-black\/\">Continued<\/a><\/p>\n","protected":false},"author":2,"featured_media":0,"parent":0,"menu_order":0,"comment_status":"closed","ping_status":"closed","template":"","meta":{"footnotes":""},"class_list":["post-7445","page","type-page","status-publish","hentry"],"_links":{"self":[{"href":"https:\/\/www.watermarktheatre.com\/fr\/wp-json\/wp\/v2\/pages\/7445","targetHints":{"allow":["GET"]}}],"collection":[{"href":"https:\/\/www.watermarktheatre.com\/fr\/wp-json\/wp\/v2\/pages"}],"about":[{"href":"https:\/\/www.watermarktheatre.com\/fr\/wp-json\/wp\/v2\/types\/page"}],"author":[{"embeddable":true,"href":"https:\/\/www.watermarktheatre.com\/fr\/wp-json\/wp\/v2\/users\/2"}],"replies":[{"embeddable":true,"href":"https:\/\/www.watermarktheatre.com\/fr\/wp-json\/wp\/v2\/comments?post=7445"}],"version-history":[{"count":5,"href":"https:\/\/www.watermarktheatre.com\/fr\/wp-json\/wp\/v2\/pages\/7445\/revisions"}],"predecessor-version":[{"id":7833,"href":"https:\/\/www.watermarktheatre.com\/fr\/wp-json\/wp\/v2\/pages\/7445\/revisions\/7833"}],"wp:attachment":[{"href":"https:\/\/www.watermarktheatre.com\/fr\/wp-json\/wp\/v2\/media?parent=7445"}],"curies":[{"name":"wp","href":"https:\/\/api.w.org\/{rel}","templated":true}]}}