{"id":7442,"date":"2025-02-25T18:11:58","date_gmt":"2025-02-25T22:11:58","guid":{"rendered":"https:\/\/watermarktheatre.com\/?page_id=7442"},"modified":"2025-05-23T10:28:48","modified_gmt":"2025-05-23T13:28:48","slug":"dear-jack-dear-louise","status":"publish","type":"page","link":"https:\/\/www.watermarktheatre.com\/fr\/dear-jack-dear-louise\/","title":{"rendered":"Dear Jack, Dear Louise"},"content":{"rendered":"<div><strong>Ken Ludwig&rsquo;s Dear Jack, Dear Louise<\/strong> est un rappel inspirant du meilleur de nous-m\u00eames, malgr\u00e9 les pires circonstances. Pendant la Deuxi\u00e8me Guerre Mondiale, un m\u00e9decin de l\u2019arm\u00e9e lance une correspondance avec une actrice \u00e9mergeante \u00e0 New York City dans l\u2019espoir de la rencontrer un jour si la guerre le permet. Or, la guerre se poursuit, et menace de mettre fin \u00e0 leur relation avant qu\u2019elle ne commence. Le dramaturge Ken Ludwig, laur\u00e9at du prestigieux prix Tony, raconte l\u2019histoire joyeuse et r\u00e9confortante de ses parents et des d\u00e9buts de leur histoire d\u2019amour pendant la Deuxi\u00e8me Guerre Mondiale. C\u2019est une histoire d\u2019amour poignante et engageante, marqu\u00e9e de com\u00e9die et d\u2019un esprit exalt\u00e9 d\u2019espoir.<\/div>\n<div><\/div>\n<div><img loading=\"lazy\" decoding=\"async\" class=\"aligncenter size-large wp-image-7684\" src=\"http:\/\/watermarktheatre.com\/wp-content\/uploads\/2025\/04\/WatermarkPosters_2024_v1-09-1024x654.png\" alt=\"\" width=\"1024\" height=\"654\" srcset=\"https:\/\/www.watermarktheatre.com\/wp-content\/uploads\/2025\/04\/WatermarkPosters_2024_v1-09-1024x654.png 1024w, https:\/\/www.watermarktheatre.com\/wp-content\/uploads\/2025\/04\/WatermarkPosters_2024_v1-09-300x192.png 300w, https:\/\/www.watermarktheatre.com\/wp-content\/uploads\/2025\/04\/WatermarkPosters_2024_v1-09-768x491.png 768w, https:\/\/www.watermarktheatre.com\/wp-content\/uploads\/2025\/04\/WatermarkPosters_2024_v1-09-1536x981.png 1536w, https:\/\/www.watermarktheatre.com\/wp-content\/uploads\/2025\/04\/WatermarkPosters_2024_v1-09.png 1875w\" sizes=\"auto, (max-width: 1024px) 100vw, 1024px\" \/><\/div>\n<div><\/div>\n","protected":false},"excerpt":{"rendered":"<p>Ken Ludwig&rsquo;s Dear Jack, Dear Louise est un rappel inspirant du meilleur de nous-m\u00eames, malgr\u00e9 les pires circonstances. Pendant la Deuxi\u00e8me Guerre Mondiale, un m\u00e9decin de l\u2019arm\u00e9e lance une correspondance &hellip; <a href=\"https:\/\/www.watermarktheatre.com\/fr\/dear-jack-dear-louise\/\">Continued<\/a><\/p>\n","protected":false},"author":2,"featured_media":0,"parent":0,"menu_order":0,"comment_status":"closed","ping_status":"closed","template":"","meta":{"footnotes":""},"class_list":["post-7442","page","type-page","status-publish","hentry"],"_links":{"self":[{"href":"https:\/\/www.watermarktheatre.com\/fr\/wp-json\/wp\/v2\/pages\/7442","targetHints":{"allow":["GET"]}}],"collection":[{"href":"https:\/\/www.watermarktheatre.com\/fr\/wp-json\/wp\/v2\/pages"}],"about":[{"href":"https:\/\/www.watermarktheatre.com\/fr\/wp-json\/wp\/v2\/types\/page"}],"author":[{"embeddable":true,"href":"https:\/\/www.watermarktheatre.com\/fr\/wp-json\/wp\/v2\/users\/2"}],"replies":[{"embeddable":true,"href":"https:\/\/www.watermarktheatre.com\/fr\/wp-json\/wp\/v2\/comments?post=7442"}],"version-history":[{"count":4,"href":"https:\/\/www.watermarktheatre.com\/fr\/wp-json\/wp\/v2\/pages\/7442\/revisions"}],"predecessor-version":[{"id":7812,"href":"https:\/\/www.watermarktheatre.com\/fr\/wp-json\/wp\/v2\/pages\/7442\/revisions\/7812"}],"wp:attachment":[{"href":"https:\/\/www.watermarktheatre.com\/fr\/wp-json\/wp\/v2\/media?parent=7442"}],"curies":[{"name":"wp","href":"https:\/\/api.w.org\/{rel}","templated":true}]}}