{"id":7155,"date":"2024-04-18T15:06:20","date_gmt":"2024-04-18T18:06:20","guid":{"rendered":"https:\/\/watermarktheatre.com\/?page_id=7155"},"modified":"2025-05-15T14:10:38","modified_gmt":"2025-05-15T17:10:38","slug":"rahul-gandhi-2","status":"publish","type":"page","link":"https:\/\/www.watermarktheatre.com\/fr\/rahul-gandhi-2\/","title":{"rendered":"Rahul Gandhi"},"content":{"rendered":"<p><strong>Metteur en sc\u00e8ne de The Woman in Black<\/strong><\/p>\n<p>Rahul Gandhi, qui est trilingue, est un directeur, acteur et r\u00e9alisateur prim\u00e9 bas\u00e9 \u00e0 Montr\u00e9al. Il s\u2019agit de son cinqui\u00e8me projet \u00e0 l\u2019\u00cele et de son quatri\u00e8me au Watermark Theatre. Il est ravi de revenir aux champs ondulants et aux cieux sans fin de l\u2019\u00ceP\u00c9. Chez Watermark : The Drawer Boy (acteur, 2022), Letters to my Grandma (direction, 2023), Misery (direction, 2024).<br \/>\nMentionnons aussi Jesus Hopped the \u2018A\u2019 Train par Stephen Adly Guirgis (direction, 2021, laur\u00e9at du prix BWW pour la meilleure direction d\u2019une pi\u00e8ce), M dans Lungs (Kitbag Theatre, acteur, 2022), Rafi dans What Rough Beast (Centaur Theatre, acteur, 2023, candidat au prix META pour prestation<br \/>\nexceptionnelle dans un r\u00f4le principal). Parmi ses projets dans le monde des arts, soulignons son r\u00f4le d\u2019ancien directeur de l\u2019exploitation au Quebec Drama Federation, ainsi que son si\u00e8ge au comit\u00e9 national du plaidoyer de la Professional Association of Canadian Theatres.<\/p>\n<p>Rahul Gandhi a gagn\u00e9 le premier prix de l\u2019innovation en 2024 aux Montreal English Theatre Awards, en association avec l\u2019A Broke Theatre et le Teesri Duniya Theatre, pour son travail de d\u00e9veloppement de Shruti Vol. I &#8211; IV.<\/p>\n<p><img loading=\"lazy\" decoding=\"async\" class=\"aligncenter size-large wp-image-7730\" src=\"http:\/\/watermarktheatre.com\/wp-content\/uploads\/2025\/05\/RG-Shot3-Resize-1024x683.jpg\" alt=\"\" width=\"1024\" height=\"683\" srcset=\"https:\/\/www.watermarktheatre.com\/wp-content\/uploads\/2025\/05\/RG-Shot3-Resize-1024x683.jpg 1024w, https:\/\/www.watermarktheatre.com\/wp-content\/uploads\/2025\/05\/RG-Shot3-Resize-300x200.jpg 300w, https:\/\/www.watermarktheatre.com\/wp-content\/uploads\/2025\/05\/RG-Shot3-Resize-768x512.jpg 768w, https:\/\/www.watermarktheatre.com\/wp-content\/uploads\/2025\/05\/RG-Shot3-Resize-1536x1024.jpg 1536w, https:\/\/www.watermarktheatre.com\/wp-content\/uploads\/2025\/05\/RG-Shot3-Resize-2048x1365.jpg 2048w\" sizes=\"auto, (max-width: 1024px) 100vw, 1024px\" \/><\/p>\n","protected":false},"excerpt":{"rendered":"<p>Metteur en sc\u00e8ne de The Woman in Black Rahul Gandhi, qui est trilingue, est un directeur, acteur et r\u00e9alisateur prim\u00e9 bas\u00e9 \u00e0 Montr\u00e9al. Il s\u2019agit de son cinqui\u00e8me projet \u00e0 &hellip; <a href=\"https:\/\/www.watermarktheatre.com\/fr\/rahul-gandhi-2\/\">Continued<\/a><\/p>\n","protected":false},"author":2,"featured_media":0,"parent":0,"menu_order":0,"comment_status":"closed","ping_status":"closed","template":"","meta":{"footnotes":""},"class_list":["post-7155","page","type-page","status-publish","hentry"],"_links":{"self":[{"href":"https:\/\/www.watermarktheatre.com\/fr\/wp-json\/wp\/v2\/pages\/7155","targetHints":{"allow":["GET"]}}],"collection":[{"href":"https:\/\/www.watermarktheatre.com\/fr\/wp-json\/wp\/v2\/pages"}],"about":[{"href":"https:\/\/www.watermarktheatre.com\/fr\/wp-json\/wp\/v2\/types\/page"}],"author":[{"embeddable":true,"href":"https:\/\/www.watermarktheatre.com\/fr\/wp-json\/wp\/v2\/users\/2"}],"replies":[{"embeddable":true,"href":"https:\/\/www.watermarktheatre.com\/fr\/wp-json\/wp\/v2\/comments?post=7155"}],"version-history":[{"count":3,"href":"https:\/\/www.watermarktheatre.com\/fr\/wp-json\/wp\/v2\/pages\/7155\/revisions"}],"predecessor-version":[{"id":7785,"href":"https:\/\/www.watermarktheatre.com\/fr\/wp-json\/wp\/v2\/pages\/7155\/revisions\/7785"}],"wp:attachment":[{"href":"https:\/\/www.watermarktheatre.com\/fr\/wp-json\/wp\/v2\/media?parent=7155"}],"curies":[{"name":"wp","href":"https:\/\/api.w.org\/{rel}","templated":true}]}}