{"id":7130,"date":"2024-04-08T12:01:20","date_gmt":"2024-04-08T15:01:20","guid":{"rendered":"https:\/\/watermarktheatre.com\/?page_id=7130"},"modified":"2024-05-14T18:16:05","modified_gmt":"2024-05-14T21:16:05","slug":"one-step-at-a-time","status":"publish","type":"page","link":"https:\/\/www.watermarktheatre.com\/fr\/one-step-at-a-time\/","title":{"rendered":"One Step at a Time"},"content":{"rendered":"<p>Au moyen de la danse \u00e0 claquettes, de chansons originales, de monologues et de projections multim\u00e9dias, <em>One Step at a Time<\/em> nous parle de la vie comme parent et artiste, de comment l\u00e2cher nos attentes et du besoin de tenir f\u00e9rocement ceux, et ce que, nous aimons. <em>One Step at a Time<\/em> servira aussi d\u2019occasion rare ou in\u00e9dite pour beaucoup de familles qui doivent composer avec un handicap de voir leur histoire racont\u00e9e de fa\u00e7on authentique et artistique.<\/p>\n<p><img loading=\"lazy\" decoding=\"async\" class=\"aligncenter size-full wp-image-7231\" src=\"http:\/\/watermarktheatre.com\/wp-content\/uploads\/2024\/05\/436403201_1060303362286940_3193402380810299851_n.jpg\" alt=\"\" width=\"592\" height=\"395\" srcset=\"https:\/\/www.watermarktheatre.com\/wp-content\/uploads\/2024\/05\/436403201_1060303362286940_3193402380810299851_n.jpg 592w, https:\/\/www.watermarktheatre.com\/wp-content\/uploads\/2024\/05\/436403201_1060303362286940_3193402380810299851_n-300x200.jpg 300w\" sizes=\"auto, (max-width: 592px) 100vw, 592px\" \/><\/p>\n","protected":false},"excerpt":{"rendered":"<p>Au moyen de la danse \u00e0 claquettes, de chansons originales, de monologues et de projections multim\u00e9dias, One Step at a Time nous parle de la vie comme parent et artiste, &hellip; <a href=\"https:\/\/www.watermarktheatre.com\/fr\/one-step-at-a-time\/\">Continued<\/a><\/p>\n","protected":false},"author":3,"featured_media":0,"parent":0,"menu_order":0,"comment_status":"closed","ping_status":"closed","template":"","meta":{"footnotes":""},"class_list":["post-7130","page","type-page","status-publish","hentry"],"_links":{"self":[{"href":"https:\/\/www.watermarktheatre.com\/fr\/wp-json\/wp\/v2\/pages\/7130","targetHints":{"allow":["GET"]}}],"collection":[{"href":"https:\/\/www.watermarktheatre.com\/fr\/wp-json\/wp\/v2\/pages"}],"about":[{"href":"https:\/\/www.watermarktheatre.com\/fr\/wp-json\/wp\/v2\/types\/page"}],"author":[{"embeddable":true,"href":"https:\/\/www.watermarktheatre.com\/fr\/wp-json\/wp\/v2\/users\/3"}],"replies":[{"embeddable":true,"href":"https:\/\/www.watermarktheatre.com\/fr\/wp-json\/wp\/v2\/comments?post=7130"}],"version-history":[{"count":3,"href":"https:\/\/www.watermarktheatre.com\/fr\/wp-json\/wp\/v2\/pages\/7130\/revisions"}],"predecessor-version":[{"id":7236,"href":"https:\/\/www.watermarktheatre.com\/fr\/wp-json\/wp\/v2\/pages\/7130\/revisions\/7236"}],"wp:attachment":[{"href":"https:\/\/www.watermarktheatre.com\/fr\/wp-json\/wp\/v2\/media?parent=7130"}],"curies":[{"name":"wp","href":"https:\/\/api.w.org\/{rel}","templated":true}]}}