{"id":7091,"date":"2024-04-01T15:50:51","date_gmt":"2024-04-01T18:50:51","guid":{"rendered":"https:\/\/watermarktheatre.com\/?page_id=7091"},"modified":"2024-04-18T14:36:53","modified_gmt":"2024-04-18T17:36:53","slug":"misery","status":"publish","type":"page","link":"https:\/\/www.watermarktheatre.com\/fr\/misery\/","title":{"rendered":"Misery"},"content":{"rendered":"<p><strong>Misery de Stephen King par William Goldman <\/strong><\/p>\n<p>Dans la pi\u00e8ce Misery, la vraie vie est plus \u00e9trange que la fiction quand un c\u00e9l\u00e8bre \u00e9crivain de romans sentimentaux se r\u00e9veille chez sa \u00ab fan num\u00e9ro 1 \u00bb. Paul Sheldon, victime d\u2019un accident de voiture en hiver, se trouve en \u00e9tat d\u2019invalidit\u00e9 dans la maison isol\u00e9e d\u2019Annie Wilkes, d\u2019apparence une infirmi\u00e8re bienveillante. Cela tourne vite en cauchemar, et Paul, bless\u00e9, se rend compte qu\u2019Annie n\u2019a aucune intention de lui permettre de partir. Cette adaptation vous fera dresser les cheveux sur la t\u00eate, comme vous vous retrouverez emprisonn\u00e9 dans la chambre avec Paul, qui doit d\u00e9jouer Annie pour s\u2019\u00e9vader. L\u2019intrigue de chat et de souris, bas\u00e9e sur le roman \u00e0 succ\u00e8s de Stephen King, vous tiendra en haleine jusqu&rsquo;\u00e0 la fin. Misery jouera du 5 juillet au 30 ao\u00fbt 2024.<\/p>\n<p><img loading=\"lazy\" decoding=\"async\" class=\"aligncenter size-large wp-image-7066\" src=\"http:\/\/watermarktheatre.com\/wp-content\/uploads\/2024\/03\/WatermarkPosters_2024_misery_web01-1024x654.png\" alt=\"\" width=\"1024\" height=\"654\" srcset=\"https:\/\/www.watermarktheatre.com\/wp-content\/uploads\/2024\/03\/WatermarkPosters_2024_misery_web01-1024x654.png 1024w, https:\/\/www.watermarktheatre.com\/wp-content\/uploads\/2024\/03\/WatermarkPosters_2024_misery_web01-300x192.png 300w, https:\/\/www.watermarktheatre.com\/wp-content\/uploads\/2024\/03\/WatermarkPosters_2024_misery_web01-768x491.png 768w, https:\/\/www.watermarktheatre.com\/wp-content\/uploads\/2024\/03\/WatermarkPosters_2024_misery_web01-1536x981.png 1536w, https:\/\/www.watermarktheatre.com\/wp-content\/uploads\/2024\/03\/WatermarkPosters_2024_misery_web01.png 1875w\" sizes=\"auto, (max-width: 1024px) 100vw, 1024px\" \/><\/p>\n<p><strong>SPONSORED BY:<\/strong><\/p>\n<p><img loading=\"lazy\" decoding=\"async\" class=\"size-full wp-image-6822 alignleft\" src=\"http:\/\/watermarktheatre.com\/wp-content\/uploads\/2024\/03\/unnamed.gif\" alt=\"\" width=\"140\" height=\"70\" \/> <img loading=\"lazy\" decoding=\"async\" class=\"wp-image-6824 alignleft\" src=\"http:\/\/watermarktheatre.com\/wp-content\/uploads\/2024\/03\/lions-club-international-logo.png\" alt=\"\" width=\"85\" height=\"80\" \/><\/p>\n","protected":false},"excerpt":{"rendered":"<p>Misery de Stephen King par William Goldman Dans la pi\u00e8ce Misery, la vraie vie est plus \u00e9trange que la fiction quand un c\u00e9l\u00e8bre \u00e9crivain de romans sentimentaux se r\u00e9veille chez &hellip; <a href=\"https:\/\/www.watermarktheatre.com\/fr\/misery\/\">Continued<\/a><\/p>\n","protected":false},"author":3,"featured_media":0,"parent":0,"menu_order":0,"comment_status":"closed","ping_status":"closed","template":"","meta":{"footnotes":""},"class_list":["post-7091","page","type-page","status-publish","hentry"],"_links":{"self":[{"href":"https:\/\/www.watermarktheatre.com\/fr\/wp-json\/wp\/v2\/pages\/7091","targetHints":{"allow":["GET"]}}],"collection":[{"href":"https:\/\/www.watermarktheatre.com\/fr\/wp-json\/wp\/v2\/pages"}],"about":[{"href":"https:\/\/www.watermarktheatre.com\/fr\/wp-json\/wp\/v2\/types\/page"}],"author":[{"embeddable":true,"href":"https:\/\/www.watermarktheatre.com\/fr\/wp-json\/wp\/v2\/users\/3"}],"replies":[{"embeddable":true,"href":"https:\/\/www.watermarktheatre.com\/fr\/wp-json\/wp\/v2\/comments?post=7091"}],"version-history":[{"count":2,"href":"https:\/\/www.watermarktheatre.com\/fr\/wp-json\/wp\/v2\/pages\/7091\/revisions"}],"predecessor-version":[{"id":7136,"href":"https:\/\/www.watermarktheatre.com\/fr\/wp-json\/wp\/v2\/pages\/7091\/revisions\/7136"}],"wp:attachment":[{"href":"https:\/\/www.watermarktheatre.com\/fr\/wp-json\/wp\/v2\/media?parent=7091"}],"curies":[{"name":"wp","href":"https:\/\/api.w.org\/{rel}","templated":true}]}}