{"id":7089,"date":"2024-04-01T15:46:46","date_gmt":"2024-04-01T18:46:46","guid":{"rendered":"https:\/\/watermarktheatre.com\/?page_id=7089"},"modified":"2024-04-18T14:37:28","modified_gmt":"2024-04-18T17:37:28","slug":"same-time-next-year","status":"publish","type":"page","link":"https:\/\/www.watermarktheatre.com\/fr\/same-time-next-year\/","title":{"rendered":"Same Time, Next Year"},"content":{"rendered":"<p><strong>Same Time, Next Year par Bernard Slade<\/strong><\/p>\n<p>Un rendez-vous d\u2019une nuit devient une affaire qui dure un quart de si\u00e8cle dans Same Time, Next Year, une des com\u00e9dies romantiques les plus populaires de tous les temps. La pi\u00e8ce, laur\u00e9ate d\u2019un prix Tony, suit les fins de semaine clandestines de George et de Doris pendant 25. Les amants r\u00eaveurs s\u2019\u00e9vadent ensemble une fois par an pour vivre une escapade pleine de romantisme, d\u2019honn\u00eatet\u00e9 et d\u2019hilarit\u00e9, le tout sur une toile de fond du monde en pleine \u00e9volution. Same Time, Next Year jouera du 25 juin au 31 ao\u00fbt 2024.<\/p>\n<p><img loading=\"lazy\" decoding=\"async\" class=\"aligncenter size-large wp-image-7062\" src=\"http:\/\/watermarktheatre.com\/wp-content\/uploads\/2024\/03\/WatermarkPosters_2024_SameTimeNextYear-05-1024x654.png\" alt=\"\" width=\"1024\" height=\"654\" srcset=\"https:\/\/www.watermarktheatre.com\/wp-content\/uploads\/2024\/03\/WatermarkPosters_2024_SameTimeNextYear-05-1024x654.png 1024w, https:\/\/www.watermarktheatre.com\/wp-content\/uploads\/2024\/03\/WatermarkPosters_2024_SameTimeNextYear-05-300x192.png 300w, https:\/\/www.watermarktheatre.com\/wp-content\/uploads\/2024\/03\/WatermarkPosters_2024_SameTimeNextYear-05-768x491.png 768w, https:\/\/www.watermarktheatre.com\/wp-content\/uploads\/2024\/03\/WatermarkPosters_2024_SameTimeNextYear-05-1536x981.png 1536w, https:\/\/www.watermarktheatre.com\/wp-content\/uploads\/2024\/03\/WatermarkPosters_2024_SameTimeNextYear-05.png 1875w\" sizes=\"auto, (max-width: 1024px) 100vw, 1024px\" \/><\/p>\n<p>&nbsp;<\/p>\n<p style=\"text-align: left;\"><strong>SPONSORED BY:<\/strong><\/p>\n<p>\u00a0 \u00a0 \u00a0 \u00a0 \u00a0 \u00a0 \u00a0 \u00a0 \u00a0 \u00a0 \u00a0 \u00a0 \u00a0 \u00a0 \u00a0 \u00a0 \u00a0 \u00a0 <img loading=\"lazy\" decoding=\"async\" class=\"wp-image-6822 size-full alignleft\" src=\"http:\/\/watermarktheatre.com\/wp-content\/uploads\/2024\/03\/unnamed.gif\" alt=\"\" width=\"140\" height=\"70\" \/><img loading=\"lazy\" decoding=\"async\" class=\"wp-image-6824 alignleft\" src=\"http:\/\/watermarktheatre.com\/wp-content\/uploads\/2024\/03\/lions-club-international-logo.png\" alt=\"\" width=\"123\" height=\"116\" \/><\/p>\n","protected":false},"excerpt":{"rendered":"<p>Same Time, Next Year par Bernard Slade Un rendez-vous d\u2019une nuit devient une affaire qui dure un quart de si\u00e8cle dans Same Time, Next Year, une des com\u00e9dies romantiques les &hellip; <a href=\"https:\/\/www.watermarktheatre.com\/fr\/same-time-next-year\/\">Continued<\/a><\/p>\n","protected":false},"author":3,"featured_media":0,"parent":0,"menu_order":0,"comment_status":"closed","ping_status":"closed","template":"","meta":{"footnotes":""},"class_list":["post-7089","page","type-page","status-publish","hentry"],"_links":{"self":[{"href":"https:\/\/www.watermarktheatre.com\/fr\/wp-json\/wp\/v2\/pages\/7089","targetHints":{"allow":["GET"]}}],"collection":[{"href":"https:\/\/www.watermarktheatre.com\/fr\/wp-json\/wp\/v2\/pages"}],"about":[{"href":"https:\/\/www.watermarktheatre.com\/fr\/wp-json\/wp\/v2\/types\/page"}],"author":[{"embeddable":true,"href":"https:\/\/www.watermarktheatre.com\/fr\/wp-json\/wp\/v2\/users\/3"}],"replies":[{"embeddable":true,"href":"https:\/\/www.watermarktheatre.com\/fr\/wp-json\/wp\/v2\/comments?post=7089"}],"version-history":[{"count":3,"href":"https:\/\/www.watermarktheatre.com\/fr\/wp-json\/wp\/v2\/pages\/7089\/revisions"}],"predecessor-version":[{"id":7137,"href":"https:\/\/www.watermarktheatre.com\/fr\/wp-json\/wp\/v2\/pages\/7089\/revisions\/7137"}],"wp:attachment":[{"href":"https:\/\/www.watermarktheatre.com\/fr\/wp-json\/wp\/v2\/media?parent=7089"}],"curies":[{"name":"wp","href":"https:\/\/api.w.org\/{rel}","templated":true}]}}