{"id":6487,"date":"2023-05-06T15:38:12","date_gmt":"2023-05-06T18:38:12","guid":{"rendered":"https:\/\/watermarktheatre.com\/letters-to-my-grandma\/"},"modified":"2023-05-27T21:42:02","modified_gmt":"2023-05-28T00:42:02","slug":"letters-to-my-grandma","status":"publish","type":"page","link":"https:\/\/www.watermarktheatre.com\/fr\/letters-to-my-grandma\/","title":{"rendered":"Letters to My Grandma"},"content":{"rendered":"<p><strong>Letters to my Grandma de Anusree Roy<\/strong><\/p>\n<p>Octobre 17 a 21, 2023<\/p>\n<p>Dans la pi\u00e8ce lancinante <em>Letters to My Grandma<\/em>, Malobee retrouve des lettres pleines de d\u00e9tails au sujet de sa grand-m\u00e8re et de sa lutte pour la survie au moment de la partition de l\u2019Inde en 1947. Son combat trouve \u00e9cho dans celui de Malobee pour se construire une nouvelle vie dans le Toronto de nos jours. Cette saga multig\u00e9n\u00e9rationnelle qui est <em>Letters to my Grandma<\/em> tisse une histoire de haine, de regret, d\u2019amour et de pardon, faisant un lien indissociable entre ces deux femmes et leurs histoires, et d\u00e9montre comment la haine n\u00e9e entre les Hindous et les Musulmans dans le Vieux monde obs\u00e8de des familles au Canada aujourd\u2019hui.<\/p>\n<p><img loading=\"lazy\" decoding=\"async\" class=\"aligncenter wp-image-6612 size-large\" src=\"http:\/\/watermarktheatre.com\/wp-content\/uploads\/2023\/05\/WatermarkPosters_2023_letterstomygrandma_v3-05-1024x662.png\" alt=\"\" width=\"1024\" height=\"662\" srcset=\"https:\/\/www.watermarktheatre.com\/wp-content\/uploads\/2023\/05\/WatermarkPosters_2023_letterstomygrandma_v3-05-1024x662.png 1024w, https:\/\/www.watermarktheatre.com\/wp-content\/uploads\/2023\/05\/WatermarkPosters_2023_letterstomygrandma_v3-05-300x194.png 300w, https:\/\/www.watermarktheatre.com\/wp-content\/uploads\/2023\/05\/WatermarkPosters_2023_letterstomygrandma_v3-05-768x496.png 768w, https:\/\/www.watermarktheatre.com\/wp-content\/uploads\/2023\/05\/WatermarkPosters_2023_letterstomygrandma_v3-05-1536x992.png 1536w, https:\/\/www.watermarktheatre.com\/wp-content\/uploads\/2023\/05\/WatermarkPosters_2023_letterstomygrandma_v3-05-2048x1323.png 2048w\" sizes=\"auto, (max-width: 1024px) 100vw, 1024px\" \/><\/p>\n","protected":false},"excerpt":{"rendered":"<p>Letters to my Grandma de Anusree Roy Octobre 17 a 21, 2023 Dans la pi\u00e8ce lancinante Letters to My Grandma, Malobee retrouve des lettres pleines de d\u00e9tails au sujet de &hellip; <a href=\"https:\/\/www.watermarktheatre.com\/fr\/letters-to-my-grandma\/\">Continued<\/a><\/p>\n","protected":false},"author":2,"featured_media":0,"parent":0,"menu_order":0,"comment_status":"closed","ping_status":"closed","template":"","meta":{"footnotes":""},"class_list":["post-6487","page","type-page","status-publish","hentry"],"_links":{"self":[{"href":"https:\/\/www.watermarktheatre.com\/fr\/wp-json\/wp\/v2\/pages\/6487","targetHints":{"allow":["GET"]}}],"collection":[{"href":"https:\/\/www.watermarktheatre.com\/fr\/wp-json\/wp\/v2\/pages"}],"about":[{"href":"https:\/\/www.watermarktheatre.com\/fr\/wp-json\/wp\/v2\/types\/page"}],"author":[{"embeddable":true,"href":"https:\/\/www.watermarktheatre.com\/fr\/wp-json\/wp\/v2\/users\/2"}],"replies":[{"embeddable":true,"href":"https:\/\/www.watermarktheatre.com\/fr\/wp-json\/wp\/v2\/comments?post=6487"}],"version-history":[{"count":4,"href":"https:\/\/www.watermarktheatre.com\/fr\/wp-json\/wp\/v2\/pages\/6487\/revisions"}],"predecessor-version":[{"id":6615,"href":"https:\/\/www.watermarktheatre.com\/fr\/wp-json\/wp\/v2\/pages\/6487\/revisions\/6615"}],"wp:attachment":[{"href":"https:\/\/www.watermarktheatre.com\/fr\/wp-json\/wp\/v2\/media?parent=6487"}],"curies":[{"name":"wp","href":"https:\/\/api.w.org\/{rel}","templated":true}]}}