{"id":6472,"date":"2023-03-18T11:16:39","date_gmt":"2023-03-18T14:16:39","guid":{"rendered":"https:\/\/watermarktheatre.com\/marlane-obrien\/"},"modified":"2023-05-06T15:21:23","modified_gmt":"2023-05-06T18:21:23","slug":"marlane-obrien","status":"publish","type":"page","link":"https:\/\/www.watermarktheatre.com\/fr\/marlane-obrien\/","title":{"rendered":"Marlane O&rsquo;Brien"},"content":{"rendered":"<p><strong>Marlane O&rsquo;Brien &#8211; Ouiser dans Steel Magnolias<\/strong><\/p>\n<p>Marlane est ravie de travailler pour la premi\u00e8re fois au Watermark Theatre. Elle est membre de la compagnie du Festival de Charlottetown depuis longtemps. Notons parmi ses r\u00f4les pr\u00e9f\u00e9r\u00e9s au Festival Marilla dans Anne of Green Gables, Jeannette dans The Full Monty, Orchard dans Evangeline et Patsy Cline dans A Closer Walk With Patsy Cline. C\u2019est cette derni\u00e8re pi\u00e8ce qui l\u2019a amen\u00e9e \u00e0 cette \u00cele ch\u00e9rie qui est maintenant la sienne. Elle a aussi aim\u00e9 jouer Miss Hannigan dans Annie et Jessie dans Calendar Girls au Neptune Theatre. Marlane est ancienne r\u00e9alisatrice, directrice accomplie et maintenant dramaturge.<\/p>\n<p><img loading=\"lazy\" decoding=\"async\" class=\"aligncenter size-medium wp-image-6364\" src=\"http:\/\/watermarktheatre.com\/wp-content\/uploads\/2023\/03\/Marlane-OBrien-240x300.jpg\" alt=\"\" width=\"240\" height=\"300\" srcset=\"https:\/\/www.watermarktheatre.com\/wp-content\/uploads\/2023\/03\/Marlane-OBrien-240x300.jpg 240w, https:\/\/www.watermarktheatre.com\/wp-content\/uploads\/2023\/03\/Marlane-OBrien-819x1024.jpg 819w, https:\/\/www.watermarktheatre.com\/wp-content\/uploads\/2023\/03\/Marlane-OBrien-768x960.jpg 768w, https:\/\/www.watermarktheatre.com\/wp-content\/uploads\/2023\/03\/Marlane-OBrien-1229x1536.jpg 1229w, https:\/\/www.watermarktheatre.com\/wp-content\/uploads\/2023\/03\/Marlane-OBrien-1638x2048.jpg 1638w, https:\/\/www.watermarktheatre.com\/wp-content\/uploads\/2023\/03\/Marlane-OBrien.jpg 1947w\" sizes=\"auto, (max-width: 240px) 100vw, 240px\" \/><\/p>\n","protected":false},"excerpt":{"rendered":"<p>Marlane O&rsquo;Brien &#8211; Ouiser dans Steel Magnolias Marlane est ravie de travailler pour la premi\u00e8re fois au Watermark Theatre. Elle est membre de la compagnie du Festival de Charlottetown depuis &hellip; <a href=\"https:\/\/www.watermarktheatre.com\/fr\/marlane-obrien\/\">Continued<\/a><\/p>\n","protected":false},"author":2,"featured_media":0,"parent":0,"menu_order":0,"comment_status":"closed","ping_status":"closed","template":"","meta":{"footnotes":""},"class_list":["post-6472","page","type-page","status-publish","hentry"],"_links":{"self":[{"href":"https:\/\/www.watermarktheatre.com\/fr\/wp-json\/wp\/v2\/pages\/6472","targetHints":{"allow":["GET"]}}],"collection":[{"href":"https:\/\/www.watermarktheatre.com\/fr\/wp-json\/wp\/v2\/pages"}],"about":[{"href":"https:\/\/www.watermarktheatre.com\/fr\/wp-json\/wp\/v2\/types\/page"}],"author":[{"embeddable":true,"href":"https:\/\/www.watermarktheatre.com\/fr\/wp-json\/wp\/v2\/users\/2"}],"replies":[{"embeddable":true,"href":"https:\/\/www.watermarktheatre.com\/fr\/wp-json\/wp\/v2\/comments?post=6472"}],"version-history":[{"count":2,"href":"https:\/\/www.watermarktheatre.com\/fr\/wp-json\/wp\/v2\/pages\/6472\/revisions"}],"predecessor-version":[{"id":6474,"href":"https:\/\/www.watermarktheatre.com\/fr\/wp-json\/wp\/v2\/pages\/6472\/revisions\/6474"}],"wp:attachment":[{"href":"https:\/\/www.watermarktheatre.com\/fr\/wp-json\/wp\/v2\/media?parent=6472"}],"curies":[{"name":"wp","href":"https:\/\/api.w.org\/{rel}","templated":true}]}}