{"id":6468,"date":"2023-03-18T11:13:47","date_gmt":"2023-03-18T14:13:47","guid":{"rendered":"https:\/\/watermarktheatre.com\/risha-nanda\/"},"modified":"2023-05-06T15:19:43","modified_gmt":"2023-05-06T18:19:43","slug":"risha-nanda","status":"publish","type":"page","link":"https:\/\/www.watermarktheatre.com\/fr\/risha-nanda\/","title":{"rendered":"Risha Nanda"},"content":{"rendered":"<p><strong>Risha Nanda &#8211; Shelby dans Steel Magnolias, Bella dans Gaslight<\/strong><\/p>\n<p>Risha est dipl\u00f4m\u00e9e de la Randolph Academy for the Performing Arts et a pass\u00e9 dix ann\u00e9es de sa carri\u00e8re \u00e0 Toronto, \u00e0 Vancouver et \u00e0 Londres. Quelques r\u00e9centes pi\u00e8ces : The Jungle Book (ATP), The Orchard (Arts Club), Victim Impact (Theatre Conspiracy), Men in White (Arts Club), Skin (Magnus Theatre), Peacemaker (Magnus Theatre), Anne and Gilbert (Goya Theatre), Silenced (Red Sandcastle Theatre), The Rocky Horror Picture Show (Lower Ossington Theatre), Hair (Randolph Theatre), Giovanna D&rsquo;Arco (Carnegie Hall). Au cin\u00e9ma et \u00e0 la t\u00e9l\u00e9 : Incorporated (Syfy\/UCP), Ransom (CBS\/ TF1), Out of Time (Flying Monkey Films), Undercover Holiday (Hallmark).<\/p>\n<p><img loading=\"lazy\" decoding=\"async\" class=\"aligncenter size-medium wp-image-6359\" src=\"http:\/\/watermarktheatre.com\/wp-content\/uploads\/2023\/03\/Risha-Nanda-204x300.jpg\" alt=\"\" width=\"204\" height=\"300\" srcset=\"https:\/\/www.watermarktheatre.com\/wp-content\/uploads\/2023\/03\/Risha-Nanda-204x300.jpg 204w, https:\/\/www.watermarktheatre.com\/wp-content\/uploads\/2023\/03\/Risha-Nanda-696x1024.jpg 696w, https:\/\/www.watermarktheatre.com\/wp-content\/uploads\/2023\/03\/Risha-Nanda-768x1130.jpg 768w, https:\/\/www.watermarktheatre.com\/wp-content\/uploads\/2023\/03\/Risha-Nanda.jpg 979w\" sizes=\"auto, (max-width: 204px) 100vw, 204px\" \/><\/p>\n","protected":false},"excerpt":{"rendered":"<p>Risha Nanda &#8211; Shelby dans Steel Magnolias, Bella dans Gaslight Risha est dipl\u00f4m\u00e9e de la Randolph Academy for the Performing Arts et a pass\u00e9 dix ann\u00e9es de sa carri\u00e8re \u00e0 &hellip; <a href=\"https:\/\/www.watermarktheatre.com\/fr\/risha-nanda\/\">Continued<\/a><\/p>\n","protected":false},"author":2,"featured_media":0,"parent":0,"menu_order":0,"comment_status":"closed","ping_status":"closed","template":"","meta":{"footnotes":""},"class_list":["post-6468","page","type-page","status-publish","hentry"],"_links":{"self":[{"href":"https:\/\/www.watermarktheatre.com\/fr\/wp-json\/wp\/v2\/pages\/6468","targetHints":{"allow":["GET"]}}],"collection":[{"href":"https:\/\/www.watermarktheatre.com\/fr\/wp-json\/wp\/v2\/pages"}],"about":[{"href":"https:\/\/www.watermarktheatre.com\/fr\/wp-json\/wp\/v2\/types\/page"}],"author":[{"embeddable":true,"href":"https:\/\/www.watermarktheatre.com\/fr\/wp-json\/wp\/v2\/users\/2"}],"replies":[{"embeddable":true,"href":"https:\/\/www.watermarktheatre.com\/fr\/wp-json\/wp\/v2\/comments?post=6468"}],"version-history":[{"count":2,"href":"https:\/\/www.watermarktheatre.com\/fr\/wp-json\/wp\/v2\/pages\/6468\/revisions"}],"predecessor-version":[{"id":6470,"href":"https:\/\/www.watermarktheatre.com\/fr\/wp-json\/wp\/v2\/pages\/6468\/revisions\/6470"}],"wp:attachment":[{"href":"https:\/\/www.watermarktheatre.com\/fr\/wp-json\/wp\/v2\/media?parent=6468"}],"curies":[{"name":"wp","href":"https:\/\/api.w.org\/{rel}","templated":true}]}}