{"id":6464,"date":"2023-03-18T11:02:42","date_gmt":"2023-03-18T14:02:42","guid":{"rendered":"https:\/\/watermarktheatre.com\/kristena-mccormack\/"},"modified":"2023-05-06T15:18:04","modified_gmt":"2023-05-06T18:18:04","slug":"kristena-mccormack","status":"publish","type":"page","link":"https:\/\/www.watermarktheatre.com\/fr\/kristena-mccormack\/","title":{"rendered":"Kristena McCormack"},"content":{"rendered":"<p><strong>Kristena McCormack &#8211; Annelle dans Steel Magnolias, Nancy dans Gaslight<\/strong><\/p>\n<p>Kristena est excit\u00e9e de travailler pour la premi\u00e8re fois au Watermark Theatre pendant l\u2019\u00e9t\u00e9 2023. Elle est reconnaissante de pouvoir rentrer chez elle \u00e0 Epekwitk apr\u00e8s ses \u00e9tudes en Th\u00e9\u00e2tre musicale au Sheridan College en Ontario. Kristena est fi\u00e8re de faire partie de la communaut\u00e9 LGBTQIA+ de l\u2019\u00cele et du PEI Native Council. Elle reconna\u00eet que cette terre appartient \u00e0 ses a\u00efeux Mi\u2019kmaw et que c\u2019est un honneur de se trouver ici. Parmi ses derniers projets, mentionnons: Little Red Riding Hood dans <em>Into The Woods In Concert<\/em>, La Marionnettiste dans <em>Catching Fish<\/em> et un membre de l\u2019ensemble dans <em>Songs for a New World<\/em>. Elle joue depuis des ann\u00e9es aux Feast Dinner Theatres et elle a cocr\u00e9\u00e9 <em>PEI Sketch Comedy:<\/em> <em>Ladies and a Gent<\/em>. R\u00e9cemment, Kristena passe la majeure partie de son temps \u00e0 r\u00e9diger et \u00e0 cr\u00e9er de nouvelles \u0153uvres pour sa communaut\u00e9 \u00e0 l\u2019\u00cele, mais elle se r\u00e9jouit de l\u2019occasion de jouer sur sc\u00e8ne de nouveau.<\/p>\n<p><img loading=\"lazy\" decoding=\"async\" class=\"aligncenter size-medium wp-image-6354\" src=\"http:\/\/watermarktheatre.com\/wp-content\/uploads\/2023\/03\/Kristena-McCormack-225x300.jpg\" alt=\"\" width=\"225\" height=\"300\" srcset=\"https:\/\/www.watermarktheatre.com\/wp-content\/uploads\/2023\/03\/Kristena-McCormack-225x300.jpg 225w, https:\/\/www.watermarktheatre.com\/wp-content\/uploads\/2023\/03\/Kristena-McCormack.jpg 750w\" sizes=\"auto, (max-width: 225px) 100vw, 225px\" \/><\/p>\n","protected":false},"excerpt":{"rendered":"<p>Kristena McCormack &#8211; Annelle dans Steel Magnolias, Nancy dans Gaslight Kristena est excit\u00e9e de travailler pour la premi\u00e8re fois au Watermark Theatre pendant l\u2019\u00e9t\u00e9 2023. Elle est reconnaissante de pouvoir &hellip; <a href=\"https:\/\/www.watermarktheatre.com\/fr\/kristena-mccormack\/\">Continued<\/a><\/p>\n","protected":false},"author":2,"featured_media":0,"parent":0,"menu_order":0,"comment_status":"closed","ping_status":"closed","template":"","meta":{"footnotes":""},"class_list":["post-6464","page","type-page","status-publish","hentry"],"_links":{"self":[{"href":"https:\/\/www.watermarktheatre.com\/fr\/wp-json\/wp\/v2\/pages\/6464","targetHints":{"allow":["GET"]}}],"collection":[{"href":"https:\/\/www.watermarktheatre.com\/fr\/wp-json\/wp\/v2\/pages"}],"about":[{"href":"https:\/\/www.watermarktheatre.com\/fr\/wp-json\/wp\/v2\/types\/page"}],"author":[{"embeddable":true,"href":"https:\/\/www.watermarktheatre.com\/fr\/wp-json\/wp\/v2\/users\/2"}],"replies":[{"embeddable":true,"href":"https:\/\/www.watermarktheatre.com\/fr\/wp-json\/wp\/v2\/comments?post=6464"}],"version-history":[{"count":2,"href":"https:\/\/www.watermarktheatre.com\/fr\/wp-json\/wp\/v2\/pages\/6464\/revisions"}],"predecessor-version":[{"id":6466,"href":"https:\/\/www.watermarktheatre.com\/fr\/wp-json\/wp\/v2\/pages\/6464\/revisions\/6466"}],"wp:attachment":[{"href":"https:\/\/www.watermarktheatre.com\/fr\/wp-json\/wp\/v2\/media?parent=6464"}],"curies":[{"name":"wp","href":"https:\/\/api.w.org\/{rel}","templated":true}]}}