{"id":6456,"date":"2023-03-18T10:55:57","date_gmt":"2023-03-18T13:55:57","guid":{"rendered":"https:\/\/watermarktheatre.com\/benton-hartley\/"},"modified":"2023-05-06T15:14:14","modified_gmt":"2023-05-06T18:14:14","slug":"benton-hartley","status":"publish","type":"page","link":"https:\/\/www.watermarktheatre.com\/fr\/benton-hartley\/","title":{"rendered":"Benton Hartley"},"content":{"rendered":"<p><strong>Benton Hartley &#8211; Jack dans Gaslight<\/strong><\/p>\n<p>Benton Hartley est acteur, dramaturge, r\u00e9alisateur, directeur et com\u00e9dien \u00e0 l\u2019\u00cele-du-Prince-\u00c9douard. Nommons parmi ses r\u00f4les ceux de Ben dans <em>The Birds and The Bees<\/em>, de Patrick dans <em>Where You Are<\/em>, de Cameron dans <em>Open Casket Open Mic<\/em> (Victoria Playhouse), du Narrateur dans <em>Every<\/em> <em>Brilliant Thing<\/em> et de Duncan dans <em>Punch Up<\/em> (Desert Island). Benton est c\u00e9l\u00e8bre comme dramaturge. Sa pi\u00e8ce <em>Cowardice<\/em> a \u00e9t\u00e9 couronn\u00e9e du prix PARC en 2021 lors de l\u2019Island Fringe Festival, et son texte <em>The Dance<\/em> a re\u00e7u une subvention PEI Arts Creation Grant. Comme directeur et r\u00e9alisateur, il a pilot\u00e9 sa propre pi\u00e8ce <em>I Know You<\/em> (The Guild) et celle de Justin Shaw, <em>Midnight Baby<\/em> (Kings Playhouse\/Harmony House) par l\u2019interm\u00e9diaire de sa compagnie, la Desert Island Theatre Company. Il est absolument ravi de faire son d\u00e9but comme membre de ce groupe fantastique qui est le Watermark Theatre!<\/p>\n<p><img loading=\"lazy\" decoding=\"async\" class=\"aligncenter size-medium wp-image-6343\" src=\"http:\/\/watermarktheatre.com\/wp-content\/uploads\/2023\/03\/Benton-Hartley-Headshot-2-300x200.jpg\" alt=\"\" width=\"300\" height=\"200\" srcset=\"https:\/\/www.watermarktheatre.com\/wp-content\/uploads\/2023\/03\/Benton-Hartley-Headshot-2-300x200.jpg 300w, https:\/\/www.watermarktheatre.com\/wp-content\/uploads\/2023\/03\/Benton-Hartley-Headshot-2-1024x683.jpg 1024w, https:\/\/www.watermarktheatre.com\/wp-content\/uploads\/2023\/03\/Benton-Hartley-Headshot-2-768x512.jpg 768w, https:\/\/www.watermarktheatre.com\/wp-content\/uploads\/2023\/03\/Benton-Hartley-Headshot-2-1536x1024.jpg 1536w, https:\/\/www.watermarktheatre.com\/wp-content\/uploads\/2023\/03\/Benton-Hartley-Headshot-2-2048x1365.jpg 2048w\" sizes=\"auto, (max-width: 300px) 100vw, 300px\" \/><\/p>\n","protected":false},"excerpt":{"rendered":"<p>Benton Hartley &#8211; Jack dans Gaslight Benton Hartley est acteur, dramaturge, r\u00e9alisateur, directeur et com\u00e9dien \u00e0 l\u2019\u00cele-du-Prince-\u00c9douard. Nommons parmi ses r\u00f4les ceux de Ben dans The Birds and The Bees, &hellip; <a href=\"https:\/\/www.watermarktheatre.com\/fr\/benton-hartley\/\">Continued<\/a><\/p>\n","protected":false},"author":2,"featured_media":0,"parent":0,"menu_order":0,"comment_status":"closed","ping_status":"closed","template":"","meta":{"footnotes":""},"class_list":["post-6456","page","type-page","status-publish","hentry"],"_links":{"self":[{"href":"https:\/\/www.watermarktheatre.com\/fr\/wp-json\/wp\/v2\/pages\/6456","targetHints":{"allow":["GET"]}}],"collection":[{"href":"https:\/\/www.watermarktheatre.com\/fr\/wp-json\/wp\/v2\/pages"}],"about":[{"href":"https:\/\/www.watermarktheatre.com\/fr\/wp-json\/wp\/v2\/types\/page"}],"author":[{"embeddable":true,"href":"https:\/\/www.watermarktheatre.com\/fr\/wp-json\/wp\/v2\/users\/2"}],"replies":[{"embeddable":true,"href":"https:\/\/www.watermarktheatre.com\/fr\/wp-json\/wp\/v2\/comments?post=6456"}],"version-history":[{"count":2,"href":"https:\/\/www.watermarktheatre.com\/fr\/wp-json\/wp\/v2\/pages\/6456\/revisions"}],"predecessor-version":[{"id":6458,"href":"https:\/\/www.watermarktheatre.com\/fr\/wp-json\/wp\/v2\/pages\/6456\/revisions\/6458"}],"wp:attachment":[{"href":"https:\/\/www.watermarktheatre.com\/fr\/wp-json\/wp\/v2\/media?parent=6456"}],"curies":[{"name":"wp","href":"https:\/\/api.w.org\/{rel}","templated":true}]}}