{"id":6452,"date":"2023-03-18T10:53:24","date_gmt":"2023-03-18T13:53:24","guid":{"rendered":"https:\/\/watermarktheatre.com\/marlene-handrahan\/"},"modified":"2023-05-06T15:12:06","modified_gmt":"2023-05-06T18:12:06","slug":"marlene-handrahan","status":"publish","type":"page","link":"https:\/\/www.watermarktheatre.com\/fr\/marlene-handrahan\/","title":{"rendered":"Marlene Handrahan"},"content":{"rendered":"<p><strong>Marlene Handrahan &#8211; M&rsquo;Lynn dans <em>Steel Magnolias<\/em>, Elizabeth dans <em>Gaslight<\/em><\/strong><\/p>\n<p>Marlene est tr\u00e8s excit\u00e9e de son d\u00e9but au Watermark, o\u00f9 elle jouera dans <em>Steel Magnolias<\/em> et <em>Gaslight<\/em>. Cette com\u00e9dienne, chanteuse et faiseuse de th\u00e9\u00e2tre revient \u00e0 l\u2019\u00cele apr\u00e8s un s\u00e9jour de plus de trente ans \u00e0 Toronto. Ici, Marlene a jou\u00e9 au Festival de Charlottetown (<em>Anne of Green Gables: The Musical, Emily: The Musical, Johnny Belinda, Hairspray<\/em>), au Harbourfront Theatre (<em>Nunsense, Ballad of Stompin Tom, The 39 Steps, The Affections of May)<\/em>, dans <em>Anne and Gilbert<\/em>, et dans quelques prestations du Young At Heart Theatre. Elle a aussi eu le plaisir de participer \u00e0 une r\u00e9sidence artistique au Kings Playhouse \u00e0 Georgetown.<\/p>\n<p>Elle a aussi jou\u00e9 \u00e0 Drayton Entertainment (<em>The Secret Garden, How The Other Half Loves<\/em>), au Thousand Islands Playhouse (<em>Blood Brothers<\/em>) et \u00e0 Stage West Calgary (<em>OKLAHOMA!, Cash On Delivery<\/em>). De plus, elle a pass\u00e9 54 mois scintillants \u00e0 sillonner l\u2019Am\u00e9rique du Nord \u00e0 jouer dans <em>Mamma Mia! <\/em>lors d\u2019une tourn\u00e9e organis\u00e9e par Broadway Across America.<\/p>\n<p>Marlene est tellement contente d\u2019\u00eatre de retour chez elle.<\/p>\n<p><img loading=\"lazy\" decoding=\"async\" class=\"aligncenter size-medium wp-image-6338\" src=\"http:\/\/watermarktheatre.com\/wp-content\/uploads\/2023\/03\/11_22_22-MARLENE-HANDRAHAN0136-1-300x240.jpg\" alt=\"\" width=\"300\" height=\"240\" srcset=\"https:\/\/www.watermarktheatre.com\/wp-content\/uploads\/2023\/03\/11_22_22-MARLENE-HANDRAHAN0136-1-300x240.jpg 300w, https:\/\/www.watermarktheatre.com\/wp-content\/uploads\/2023\/03\/11_22_22-MARLENE-HANDRAHAN0136-1-1024x819.jpg 1024w, https:\/\/www.watermarktheatre.com\/wp-content\/uploads\/2023\/03\/11_22_22-MARLENE-HANDRAHAN0136-1-768x614.jpg 768w, https:\/\/www.watermarktheatre.com\/wp-content\/uploads\/2023\/03\/11_22_22-MARLENE-HANDRAHAN0136-1-1536x1229.jpg 1536w, https:\/\/www.watermarktheatre.com\/wp-content\/uploads\/2023\/03\/11_22_22-MARLENE-HANDRAHAN0136-1-2048x1638.jpg 2048w\" sizes=\"auto, (max-width: 300px) 100vw, 300px\" \/><\/p>\n","protected":false},"excerpt":{"rendered":"<p>Marlene Handrahan &#8211; M&rsquo;Lynn dans Steel Magnolias, Elizabeth dans Gaslight Marlene est tr\u00e8s excit\u00e9e de son d\u00e9but au Watermark, o\u00f9 elle jouera dans Steel Magnolias et Gaslight. Cette com\u00e9dienne, chanteuse &hellip; <a href=\"https:\/\/www.watermarktheatre.com\/fr\/marlene-handrahan\/\">Continued<\/a><\/p>\n","protected":false},"author":2,"featured_media":0,"parent":0,"menu_order":0,"comment_status":"closed","ping_status":"closed","template":"","meta":{"footnotes":""},"class_list":["post-6452","page","type-page","status-publish","hentry"],"_links":{"self":[{"href":"https:\/\/www.watermarktheatre.com\/fr\/wp-json\/wp\/v2\/pages\/6452","targetHints":{"allow":["GET"]}}],"collection":[{"href":"https:\/\/www.watermarktheatre.com\/fr\/wp-json\/wp\/v2\/pages"}],"about":[{"href":"https:\/\/www.watermarktheatre.com\/fr\/wp-json\/wp\/v2\/types\/page"}],"author":[{"embeddable":true,"href":"https:\/\/www.watermarktheatre.com\/fr\/wp-json\/wp\/v2\/users\/2"}],"replies":[{"embeddable":true,"href":"https:\/\/www.watermarktheatre.com\/fr\/wp-json\/wp\/v2\/comments?post=6452"}],"version-history":[{"count":2,"href":"https:\/\/www.watermarktheatre.com\/fr\/wp-json\/wp\/v2\/pages\/6452\/revisions"}],"predecessor-version":[{"id":6454,"href":"https:\/\/www.watermarktheatre.com\/fr\/wp-json\/wp\/v2\/pages\/6452\/revisions\/6454"}],"wp:attachment":[{"href":"https:\/\/www.watermarktheatre.com\/fr\/wp-json\/wp\/v2\/media?parent=6452"}],"curies":[{"name":"wp","href":"https:\/\/api.w.org\/{rel}","templated":true}]}}