{"id":6447,"date":"2023-03-18T10:38:19","date_gmt":"2023-03-18T13:38:19","guid":{"rendered":"https:\/\/watermarktheatre.com\/alison-crosby\/"},"modified":"2024-04-18T15:20:17","modified_gmt":"2024-04-18T18:20:17","slug":"alison-crosby","status":"publish","type":"page","link":"https:\/\/www.watermarktheatre.com\/fr\/alison-crosby\/","title":{"rendered":"Alison Crosby"},"content":{"rendered":"<p><strong>Alison Crosby &#8211; \u00e9clairagiste &#8211; Same Time Next Year, Misery<\/strong><\/p>\n<p>Alison Crosby est artiste du th\u00e9\u00e2tre. Elle est originaire de Unama\u2019ki \/ Cap-Breton et habite actuellement \u00e0 Kjipuktuk \/ Halifax. Elle est ravie de participer \u00e0 la saison de Watermark cet \u00e9t\u00e9! Alison d\u00e9tient un grade en Th\u00e9\u00e2tre de la Mount Allison University et elle a \u00e9t\u00e9 la premi\u00e8re participante au programme RBC Chrysalis en conception de l\u2019\u00e9clairage au Neptune Theatre, o\u00f9 elle a travaill\u00e9 aux pr\u00e9sentations de Lo (Or Dear Mr. Wells) et The Color Purple. Alison a aussi con\u00e7u l\u2019\u00e9clairage des productions suivantes, entre autres : Dayboil (Ship\u2019s Company Theatre), Urn (TODOS Productions), Lauchie Liza &amp; Rory, Myth of the Ostrich (Theatre Baddeck), YAGA, House, John &amp; Jen (Highland Arts Theatre), Essay, USSR, Mexico City, The Little Years, Joyride, The Woodcutter, Peter Fechter: 59 Minutes, Bone Cage (Matchstick Theatre), The Realistic Joneses (KAZAN Co-op), Harmonia (Painted Dance Co.), Synced Systems, Don\u2019t Wake the Lions, Strike Tone (Votive Dance). Son prochain projet sera Downed Hearts au Ship\u2019s Company Theatre.<\/p>\n<p><img loading=\"lazy\" decoding=\"async\" class=\"aligncenter wp-image-6326 size-large\" src=\"http:\/\/watermarktheatre.com\/wp-content\/uploads\/2023\/03\/Headshot-Alison-Crosby-683x1024.jpg\" alt=\"\" width=\"683\" height=\"1024\" srcset=\"https:\/\/www.watermarktheatre.com\/wp-content\/uploads\/2023\/03\/Headshot-Alison-Crosby-683x1024.jpg 683w, https:\/\/www.watermarktheatre.com\/wp-content\/uploads\/2023\/03\/Headshot-Alison-Crosby-200x300.jpg 200w, https:\/\/www.watermarktheatre.com\/wp-content\/uploads\/2023\/03\/Headshot-Alison-Crosby-768x1152.jpg 768w, https:\/\/www.watermarktheatre.com\/wp-content\/uploads\/2023\/03\/Headshot-Alison-Crosby-1024x1536.jpg 1024w, https:\/\/www.watermarktheatre.com\/wp-content\/uploads\/2023\/03\/Headshot-Alison-Crosby-1365x2048.jpg 1365w, https:\/\/www.watermarktheatre.com\/wp-content\/uploads\/2023\/03\/Headshot-Alison-Crosby-scaled.jpg 1706w\" sizes=\"auto, (max-width: 683px) 100vw, 683px\" \/><\/p>\n","protected":false},"excerpt":{"rendered":"<p>Alison Crosby &#8211; \u00e9clairagiste &#8211; Same Time Next Year, Misery Alison Crosby est artiste du th\u00e9\u00e2tre. Elle est originaire de Unama\u2019ki \/ Cap-Breton et habite actuellement \u00e0 Kjipuktuk \/ Halifax. &hellip; <a href=\"https:\/\/www.watermarktheatre.com\/fr\/alison-crosby\/\">Continued<\/a><\/p>\n","protected":false},"author":2,"featured_media":0,"parent":0,"menu_order":0,"comment_status":"closed","ping_status":"closed","template":"","meta":{"footnotes":""},"class_list":["post-6447","page","type-page","status-publish","hentry"],"_links":{"self":[{"href":"https:\/\/www.watermarktheatre.com\/fr\/wp-json\/wp\/v2\/pages\/6447","targetHints":{"allow":["GET"]}}],"collection":[{"href":"https:\/\/www.watermarktheatre.com\/fr\/wp-json\/wp\/v2\/pages"}],"about":[{"href":"https:\/\/www.watermarktheatre.com\/fr\/wp-json\/wp\/v2\/types\/page"}],"author":[{"embeddable":true,"href":"https:\/\/www.watermarktheatre.com\/fr\/wp-json\/wp\/v2\/users\/2"}],"replies":[{"embeddable":true,"href":"https:\/\/www.watermarktheatre.com\/fr\/wp-json\/wp\/v2\/comments?post=6447"}],"version-history":[{"count":4,"href":"https:\/\/www.watermarktheatre.com\/fr\/wp-json\/wp\/v2\/pages\/6447\/revisions"}],"predecessor-version":[{"id":7167,"href":"https:\/\/www.watermarktheatre.com\/fr\/wp-json\/wp\/v2\/pages\/6447\/revisions\/7167"}],"wp:attachment":[{"href":"https:\/\/www.watermarktheatre.com\/fr\/wp-json\/wp\/v2\/media?parent=6447"}],"curies":[{"name":"wp","href":"https:\/\/api.w.org\/{rel}","templated":true}]}}