{"id":6440,"date":"2023-03-18T10:14:18","date_gmt":"2023-03-18T13:14:18","guid":{"rendered":"https:\/\/watermarktheatre.com\/samantha-wilson\/"},"modified":"2023-05-06T16:56:06","modified_gmt":"2023-05-06T19:56:06","slug":"samantha-wilson","status":"publish","type":"page","link":"https:\/\/www.watermarktheatre.com\/fr\/samantha-wilson\/","title":{"rendered":"Samantha Wilson"},"content":{"rendered":"<p><strong>Samantha Wilson \u2013 Metteuse en sc\u00e8ne \u2013 Steel Magnolias<\/strong><\/p>\n<p>Samantha, r\u00e9alisatrice et com\u00e9dienne, habite la Nouvelle-\u00c9cosse et a \u00e9volu\u00e9 sur les sc\u00e8nes nationale et internationales. Elle a travaill\u00e9 aux endroits suivants au Canada : Neptune Theatre, Kick at the Dark Theatre, 2b Theatre, Eastern Front Theatre, Theatre Baddeck, Magnetic North Festival, Summerworks, Push Festival, Festival Antigonish, Spark Festival, Chester Playhouse, Sudbury Arts Centre, Theatre Yes, Live Bait Theatre, Mulgrave Road Theatre. Ailleurs au monde, on a vu son travail \u00e0 La Mama \u00e0 New York, au Fire Exit Theatre au R.-U., au Edinburgh Fringe Festival, au Spoletto Festival en Caroline du Sud et au LitLive Festival en Inde. Samantha d\u00e9tient une MFA de la York University. Elle a enseign\u00e9 et fait de la mise en sc\u00e8ne au Sheridan College, et aux universit\u00e9s Mount Allison, York et Dalhousie. Samantha a de la parent\u00e9 \u00e0 l\u2019\u00ce.-P.-\u00c9. et elle a pris beaucoup de plaisir \u00e0 passer du temps avec eux pendant son travail avec l\u2019\u00e9quipe incroyable du Watermark Theatre. Toujours et pour toujours, elle remercie Peter, Jack et Nick pour leur amour et leur soutien.<\/p>\n<p>&nbsp;<\/p>\n<p><img loading=\"lazy\" decoding=\"async\" class=\"aligncenter size-medium wp-image-6311\" src=\"http:\/\/watermarktheatre.com\/wp-content\/uploads\/2023\/03\/Samantha-Wilson-SWT_99-3-300x225.jpeg\" alt=\"\" width=\"300\" height=\"225\" srcset=\"https:\/\/www.watermarktheatre.com\/wp-content\/uploads\/2023\/03\/Samantha-Wilson-SWT_99-3-300x225.jpeg 300w, https:\/\/www.watermarktheatre.com\/wp-content\/uploads\/2023\/03\/Samantha-Wilson-SWT_99-3.jpeg 640w\" sizes=\"auto, (max-width: 300px) 100vw, 300px\" \/><\/p>\n","protected":false},"excerpt":{"rendered":"<p>Samantha Wilson \u2013 Metteuse en sc\u00e8ne \u2013 Steel Magnolias Samantha, r\u00e9alisatrice et com\u00e9dienne, habite la Nouvelle-\u00c9cosse et a \u00e9volu\u00e9 sur les sc\u00e8nes nationale et internationales. Elle a travaill\u00e9 aux endroits &hellip; <a href=\"https:\/\/www.watermarktheatre.com\/fr\/samantha-wilson\/\">Continued<\/a><\/p>\n","protected":false},"author":2,"featured_media":0,"parent":0,"menu_order":0,"comment_status":"closed","ping_status":"closed","template":"","meta":{"footnotes":""},"class_list":["post-6440","page","type-page","status-publish","hentry"],"_links":{"self":[{"href":"https:\/\/www.watermarktheatre.com\/fr\/wp-json\/wp\/v2\/pages\/6440","targetHints":{"allow":["GET"]}}],"collection":[{"href":"https:\/\/www.watermarktheatre.com\/fr\/wp-json\/wp\/v2\/pages"}],"about":[{"href":"https:\/\/www.watermarktheatre.com\/fr\/wp-json\/wp\/v2\/types\/page"}],"author":[{"embeddable":true,"href":"https:\/\/www.watermarktheatre.com\/fr\/wp-json\/wp\/v2\/users\/2"}],"replies":[{"embeddable":true,"href":"https:\/\/www.watermarktheatre.com\/fr\/wp-json\/wp\/v2\/comments?post=6440"}],"version-history":[{"count":4,"href":"https:\/\/www.watermarktheatre.com\/fr\/wp-json\/wp\/v2\/pages\/6440\/revisions"}],"predecessor-version":[{"id":6516,"href":"https:\/\/www.watermarktheatre.com\/fr\/wp-json\/wp\/v2\/pages\/6440\/revisions\/6516"}],"wp:attachment":[{"href":"https:\/\/www.watermarktheatre.com\/fr\/wp-json\/wp\/v2\/media?parent=6440"}],"curies":[{"name":"wp","href":"https:\/\/api.w.org\/{rel}","templated":true}]}}