{"id":6038,"date":"2023-01-26T14:57:46","date_gmt":"2023-01-26T18:57:46","guid":{"rendered":"https:\/\/watermarktheatre.com\/gaslight-2\/"},"modified":"2023-05-06T14:56:38","modified_gmt":"2023-05-06T17:56:38","slug":"gaslight-2","status":"publish","type":"page","link":"https:\/\/www.watermarktheatre.com\/fr\/gaslight-2\/","title":{"rendered":"Gaslight"},"content":{"rendered":"<p><strong><em>Gaslight<\/em> de Johnna Wright et Patty Jamieson<\/strong> est bas\u00e9e sur <em>Angel Street<\/em> de Patrick Hamilton et jouera du 7 juillet au 25 ao\u00fbt sous la houlette de Martha Irving, r\u00e9alisatrice du succ\u00e8s de l\u2019\u00e9t\u00e9 pass\u00e9 <em>Educating Rita<\/em>. C\u2019est le thriller de 1938 de Patrick Hamilton qui a donn\u00e9 naissance \u00e0 l\u2019expression \u00ab\u00a0gaslighting\u00a0\u00bb en anglais, qui signifie une forme insidieuse d\u2019abus mental. Bella Manningham entend des bruits \u00e9tranges et l\u2019\u00e9clairage au gaz baisse d\u2019intensit\u00e9 sans raison apparente. Perd-elle sa stabilit\u00e9 mentale, ou est-ce que quelqu\u2019un la lui enl\u00e8ve? Bella pense qu\u2019elle devient folle. La v\u00e9rit\u00e9 risque d\u2019\u00eatre beaucoup pire.<\/p>\n<p>&nbsp;<\/p>\n<p><img loading=\"lazy\" decoding=\"async\" class=\"aligncenter wp-image-6382 size-large\" src=\"http:\/\/watermarktheatre.com\/wp-content\/uploads\/2023\/04\/GaslightSocial1-1024x654.png\" alt=\"\" width=\"1024\" height=\"654\" srcset=\"https:\/\/www.watermarktheatre.com\/wp-content\/uploads\/2023\/04\/GaslightSocial1-1024x654.png 1024w, https:\/\/www.watermarktheatre.com\/wp-content\/uploads\/2023\/04\/GaslightSocial1-300x192.png 300w, https:\/\/www.watermarktheatre.com\/wp-content\/uploads\/2023\/04\/GaslightSocial1-768x491.png 768w, https:\/\/www.watermarktheatre.com\/wp-content\/uploads\/2023\/04\/GaslightSocial1-1536x982.png 1536w, https:\/\/www.watermarktheatre.com\/wp-content\/uploads\/2023\/04\/GaslightSocial1.png 1876w\" sizes=\"auto, (max-width: 1024px) 100vw, 1024px\" \/><\/p>\n","protected":false},"excerpt":{"rendered":"<p>Gaslight de Johnna Wright et Patty Jamieson est bas\u00e9e sur Angel Street de Patrick Hamilton et jouera du 7 juillet au 25 ao\u00fbt sous la houlette de Martha Irving, r\u00e9alisatrice &hellip; <a href=\"https:\/\/www.watermarktheatre.com\/fr\/gaslight-2\/\">Continued<\/a><\/p>\n","protected":false},"author":2,"featured_media":0,"parent":0,"menu_order":0,"comment_status":"closed","ping_status":"closed","template":"","meta":{"footnotes":""},"class_list":["post-6038","page","type-page","status-publish","hentry"],"_links":{"self":[{"href":"https:\/\/www.watermarktheatre.com\/fr\/wp-json\/wp\/v2\/pages\/6038","targetHints":{"allow":["GET"]}}],"collection":[{"href":"https:\/\/www.watermarktheatre.com\/fr\/wp-json\/wp\/v2\/pages"}],"about":[{"href":"https:\/\/www.watermarktheatre.com\/fr\/wp-json\/wp\/v2\/types\/page"}],"author":[{"embeddable":true,"href":"https:\/\/www.watermarktheatre.com\/fr\/wp-json\/wp\/v2\/users\/2"}],"replies":[{"embeddable":true,"href":"https:\/\/www.watermarktheatre.com\/fr\/wp-json\/wp\/v2\/comments?post=6038"}],"version-history":[{"count":2,"href":"https:\/\/www.watermarktheatre.com\/fr\/wp-json\/wp\/v2\/pages\/6038\/revisions"}],"predecessor-version":[{"id":6438,"href":"https:\/\/www.watermarktheatre.com\/fr\/wp-json\/wp\/v2\/pages\/6038\/revisions\/6438"}],"wp:attachment":[{"href":"https:\/\/www.watermarktheatre.com\/fr\/wp-json\/wp\/v2\/media?parent=6038"}],"curies":[{"name":"wp","href":"https:\/\/api.w.org\/{rel}","templated":true}]}}