{"id":6035,"date":"2023-01-26T14:56:42","date_gmt":"2023-01-26T18:56:42","guid":{"rendered":"https:\/\/watermarktheatre.com\/steel-magnolias-2\/"},"modified":"2023-05-06T14:55:42","modified_gmt":"2023-05-06T17:55:42","slug":"steel-magnolias-2","status":"publish","type":"page","link":"https:\/\/www.watermarktheatre.com\/fr\/steel-magnolias-2\/","title":{"rendered":"Steel Magnolias"},"content":{"rendered":"<p><strong><em>Steel Magnolias<\/em> de Robert Harling<\/strong> jouera du 27 juin au 26 ao\u00fbt et est r\u00e9alis\u00e9e par Samantha Wilson. Un groupe de Louisianaises se tissent des relations et s\u2019\u00e9changent des comm\u00e9rages au salon de coiffeur local en suivant le mariage et la maternit\u00e9 de la fille d\u2019une des clientes. Comme le dit le titre, ces dames sont parfois aussi d\u00e9licates que des magnolias \u2013 et aussi fortes que de l\u2019acier. Sous le coup de la trag\u00e9die, elles puisent dans leur force et leur amour sous-jacents. La pi\u00e8ce iconique <em>Steel Magnolias<\/em> continue \u00e0 v\u00e9hiculer pour des publics partout dans le monde des id\u00e9es d\u2019espoir, de perte et d\u2019amiti\u00e9.<\/p>\n<p>&nbsp;<\/p>\n<p><img loading=\"lazy\" decoding=\"async\" class=\"aligncenter wp-image-6379 size-large\" src=\"http:\/\/watermarktheatre.com\/wp-content\/uploads\/2023\/04\/SteelSocial1-1024x654.png\" alt=\"\" width=\"1024\" height=\"654\" srcset=\"https:\/\/www.watermarktheatre.com\/wp-content\/uploads\/2023\/04\/SteelSocial1-1024x654.png 1024w, https:\/\/www.watermarktheatre.com\/wp-content\/uploads\/2023\/04\/SteelSocial1-300x192.png 300w, https:\/\/www.watermarktheatre.com\/wp-content\/uploads\/2023\/04\/SteelSocial1-768x491.png 768w, https:\/\/www.watermarktheatre.com\/wp-content\/uploads\/2023\/04\/SteelSocial1-1536x982.png 1536w, https:\/\/www.watermarktheatre.com\/wp-content\/uploads\/2023\/04\/SteelSocial1.png 1876w\" sizes=\"auto, (max-width: 1024px) 100vw, 1024px\" \/><\/p>\n","protected":false},"excerpt":{"rendered":"<p>Steel Magnolias de Robert Harling jouera du 27 juin au 26 ao\u00fbt et est r\u00e9alis\u00e9e par Samantha Wilson. Un groupe de Louisianaises se tissent des relations et s\u2019\u00e9changent des comm\u00e9rages &hellip; <a href=\"https:\/\/www.watermarktheatre.com\/fr\/steel-magnolias-2\/\">Continued<\/a><\/p>\n","protected":false},"author":2,"featured_media":0,"parent":0,"menu_order":0,"comment_status":"closed","ping_status":"closed","template":"","meta":{"footnotes":""},"class_list":["post-6035","page","type-page","status-publish","hentry"],"_links":{"self":[{"href":"https:\/\/www.watermarktheatre.com\/fr\/wp-json\/wp\/v2\/pages\/6035","targetHints":{"allow":["GET"]}}],"collection":[{"href":"https:\/\/www.watermarktheatre.com\/fr\/wp-json\/wp\/v2\/pages"}],"about":[{"href":"https:\/\/www.watermarktheatre.com\/fr\/wp-json\/wp\/v2\/types\/page"}],"author":[{"embeddable":true,"href":"https:\/\/www.watermarktheatre.com\/fr\/wp-json\/wp\/v2\/users\/2"}],"replies":[{"embeddable":true,"href":"https:\/\/www.watermarktheatre.com\/fr\/wp-json\/wp\/v2\/comments?post=6035"}],"version-history":[{"count":2,"href":"https:\/\/www.watermarktheatre.com\/fr\/wp-json\/wp\/v2\/pages\/6035\/revisions"}],"predecessor-version":[{"id":6437,"href":"https:\/\/www.watermarktheatre.com\/fr\/wp-json\/wp\/v2\/pages\/6035\/revisions\/6437"}],"wp:attachment":[{"href":"https:\/\/www.watermarktheatre.com\/fr\/wp-json\/wp\/v2\/media?parent=6035"}],"curies":[{"name":"wp","href":"https:\/\/api.w.org\/{rel}","templated":true}]}}