{"id":5891,"date":"2022-05-17T15:59:29","date_gmt":"2022-05-17T18:59:29","guid":{"rendered":"https:\/\/watermarktheatre.com\/paul-rainville\/"},"modified":"2022-05-17T16:01:42","modified_gmt":"2022-05-17T19:01:42","slug":"paul-rainville","status":"publish","type":"page","link":"https:\/\/www.watermarktheatre.com\/fr\/paul-rainville\/","title":{"rendered":"Paul Rainville"},"content":{"rendered":"<p><strong>Morgan dans The Drawer Boy<\/strong><\/p>\n<p><strong>Paul<\/strong>\u00a0a donn\u00e9 des prestations th\u00e9\u00e2trales partout dans le pays, mais c\u2019est son d\u00e9but \u00e0 l\u2019\u00cele. Depuis qu\u2019il s\u2019est \u00e9pris d\u2019une certaine Mademoiselle Wells, dont la famille vient du bout d\u2019Alberton, et qu\u2019il l\u2019a \u00e9pous\u00e9e, Paul ressent une attraction envers la province depuis 40 ou plus. Les visites \u00e0 l\u2019ouest de l\u2019\u00cele, ainsi que chez l\u2019oncle Chris \u00e0 Hunter River, sont les moments marquants de ses \u00e9t\u00e9s\u00a0: les conversations anim\u00e9es, la bonne bouffe et la bonne ch\u00e8re, et la chaleur de la parent\u00e9. Paul a pu voir tous les oncles et les tantes et les cousins et s\u2019\u00e9prendre de cet endroit magique aussi\u00a0: la cousine Gracie dans des spectacles au Watermark; d\u2019excellents repas au Old Mill de la cousine Emily \u00e0 New Glasgow; le spectacle de Clyde River fond\u00e9 par le cousin Ker et un groupe de collaborateurs; des visites aux nombreux merveilleux parents ici \u00e0 l\u2019\u00cele et ailleurs. C\u2019est un honneur d\u2019\u00eatre accueilli dans leur clan sur l\u2019\u00cele rouge et verte.<\/p>\n<p><img loading=\"lazy\" decoding=\"async\" class=\"aligncenter size-medium wp-image-5888\" src=\"http:\/\/watermarktheatre.com\/wp-content\/uploads\/2022\/05\/Paul-Rainville-HEAD-SHOT-240x300.jpg\" alt=\"\" width=\"240\" height=\"300\" srcset=\"https:\/\/www.watermarktheatre.com\/wp-content\/uploads\/2022\/05\/Paul-Rainville-HEAD-SHOT-240x300.jpg 240w, https:\/\/www.watermarktheatre.com\/wp-content\/uploads\/2022\/05\/Paul-Rainville-HEAD-SHOT-819x1024.jpg 819w, https:\/\/www.watermarktheatre.com\/wp-content\/uploads\/2022\/05\/Paul-Rainville-HEAD-SHOT-768x960.jpg 768w, https:\/\/www.watermarktheatre.com\/wp-content\/uploads\/2022\/05\/Paul-Rainville-HEAD-SHOT-1229x1536.jpg 1229w, https:\/\/www.watermarktheatre.com\/wp-content\/uploads\/2022\/05\/Paul-Rainville-HEAD-SHOT-1638x2048.jpg 1638w, https:\/\/www.watermarktheatre.com\/wp-content\/uploads\/2022\/05\/Paul-Rainville-HEAD-SHOT-scaled.jpg 2048w\" sizes=\"auto, (max-width: 240px) 100vw, 240px\" \/><\/p>\n<p>&nbsp;<\/p>\n","protected":false},"excerpt":{"rendered":"<p>Morgan dans The Drawer Boy Paul\u00a0a donn\u00e9 des prestations th\u00e9\u00e2trales partout dans le pays, mais c\u2019est son d\u00e9but \u00e0 l\u2019\u00cele. Depuis qu\u2019il s\u2019est \u00e9pris d\u2019une certaine Mademoiselle Wells, dont la &hellip; <a href=\"https:\/\/www.watermarktheatre.com\/fr\/paul-rainville\/\">Continued<\/a><\/p>\n","protected":false},"author":2,"featured_media":0,"parent":0,"menu_order":0,"comment_status":"closed","ping_status":"closed","template":"","meta":{"footnotes":""},"class_list":["post-5891","page","type-page","status-publish","hentry"],"_links":{"self":[{"href":"https:\/\/www.watermarktheatre.com\/fr\/wp-json\/wp\/v2\/pages\/5891","targetHints":{"allow":["GET"]}}],"collection":[{"href":"https:\/\/www.watermarktheatre.com\/fr\/wp-json\/wp\/v2\/pages"}],"about":[{"href":"https:\/\/www.watermarktheatre.com\/fr\/wp-json\/wp\/v2\/types\/page"}],"author":[{"embeddable":true,"href":"https:\/\/www.watermarktheatre.com\/fr\/wp-json\/wp\/v2\/users\/2"}],"replies":[{"embeddable":true,"href":"https:\/\/www.watermarktheatre.com\/fr\/wp-json\/wp\/v2\/comments?post=5891"}],"version-history":[{"count":1,"href":"https:\/\/www.watermarktheatre.com\/fr\/wp-json\/wp\/v2\/pages\/5891\/revisions"}],"predecessor-version":[{"id":5893,"href":"https:\/\/www.watermarktheatre.com\/fr\/wp-json\/wp\/v2\/pages\/5891\/revisions\/5893"}],"wp:attachment":[{"href":"https:\/\/www.watermarktheatre.com\/fr\/wp-json\/wp\/v2\/media?parent=5891"}],"curies":[{"name":"wp","href":"https:\/\/api.w.org\/{rel}","templated":true}]}}