{"id":5878,"date":"2022-05-17T15:50:40","date_gmt":"2022-05-17T18:50:40","guid":{"rendered":"https:\/\/watermarktheatre.com\/?page_id=5878"},"modified":"2022-05-17T15:51:41","modified_gmt":"2022-05-17T18:51:41","slug":"rahul-gandhi","status":"publish","type":"page","link":"https:\/\/www.watermarktheatre.com\/fr\/rahul-gandhi\/","title":{"rendered":"Rahul Gandhi"},"content":{"rendered":"<p><strong>Miles dans The Drawer Boy<\/strong><\/p>\n<p><strong>Rahul<\/strong>, qui est bilingue, est un acteur, directeur, cr\u00e9ateur et r\u00e9alisateur natif de Montr\u00e9al. Son c\u0153ur reste sur sc\u00e8ne, malgr\u00e9 toutes ses autres activit\u00e9s dans les secteurs du th\u00e9\u00e2tre, du cin\u00e9ma, de la t\u00e9l\u00e9vision et de l\u2019administration des arts.<\/p>\n<p>Il d\u00e9tient le baccalaur\u00e9at en beaux-arts (avec distinction) et le dipl\u00f4me de deuxi\u00e8me cycle en communication de la Concordia University. Parmi ses projets au cin\u00e9ma et \u00e0 la t\u00e9l\u00e9 mentionnons <em>The Bold Type, Best Sellers<\/em>. Au th\u00e9\u00e2tre, soulignons Romeo dans <em>Romeo and Juliet <\/em>au HPC et son parcours au Black Theatre Workshop AMP ensemble.<\/p>\n<p>Sa compagnie, Tantalus, dont il est codirecteur artistique, a mont\u00e9 quatre productions et travaille actuellement sur <em>What Rough Beast <\/em>de Alice Abracen, actuellement remise \u00e0 plus tard, comme pr\u00e9sent\u00e9e dans la s\u00e9rie The Brave New Looks au Centaur Theatre.<\/p>\n<p>Rahul a travaill\u00e9 \u00e0 l\u2019\u00cele pour la premi\u00e8re fois plus t\u00f4t cette ann\u00e9e dans la pi\u00e8ce <em>Lungs <\/em>au Kitbag Theatre, et il se r\u00e9jouit au prospect de monter sur sc\u00e8ne de nouveau au Watermark Theatre dans <em>The Drawer Boy<\/em>.<\/p>\n<p><img loading=\"lazy\" decoding=\"async\" class=\"aligncenter size-medium wp-image-5879\" src=\"http:\/\/watermarktheatre.com\/wp-content\/uploads\/2022\/05\/RahulGandhi_HS2-1-300x200.jpg\" alt=\"\" width=\"300\" height=\"200\" srcset=\"https:\/\/www.watermarktheatre.com\/wp-content\/uploads\/2022\/05\/RahulGandhi_HS2-1-300x200.jpg 300w, https:\/\/www.watermarktheatre.com\/wp-content\/uploads\/2022\/05\/RahulGandhi_HS2-1-1024x681.jpg 1024w, https:\/\/www.watermarktheatre.com\/wp-content\/uploads\/2022\/05\/RahulGandhi_HS2-1-768x511.jpg 768w, https:\/\/www.watermarktheatre.com\/wp-content\/uploads\/2022\/05\/RahulGandhi_HS2-1-1536x1022.jpg 1536w, https:\/\/www.watermarktheatre.com\/wp-content\/uploads\/2022\/05\/RahulGandhi_HS2-1-2048x1363.jpg 2048w\" sizes=\"auto, (max-width: 300px) 100vw, 300px\" \/><\/p>\n","protected":false},"excerpt":{"rendered":"<p>Miles dans The Drawer Boy Rahul, qui est bilingue, est un acteur, directeur, cr\u00e9ateur et r\u00e9alisateur natif de Montr\u00e9al. Son c\u0153ur reste sur sc\u00e8ne, malgr\u00e9 toutes ses autres activit\u00e9s dans &hellip; <a href=\"https:\/\/www.watermarktheatre.com\/fr\/rahul-gandhi\/\">Continued<\/a><\/p>\n","protected":false},"author":2,"featured_media":0,"parent":0,"menu_order":0,"comment_status":"closed","ping_status":"closed","template":"","meta":{"footnotes":""},"class_list":["post-5878","page","type-page","status-publish","hentry"],"_links":{"self":[{"href":"https:\/\/www.watermarktheatre.com\/fr\/wp-json\/wp\/v2\/pages\/5878","targetHints":{"allow":["GET"]}}],"collection":[{"href":"https:\/\/www.watermarktheatre.com\/fr\/wp-json\/wp\/v2\/pages"}],"about":[{"href":"https:\/\/www.watermarktheatre.com\/fr\/wp-json\/wp\/v2\/types\/page"}],"author":[{"embeddable":true,"href":"https:\/\/www.watermarktheatre.com\/fr\/wp-json\/wp\/v2\/users\/2"}],"replies":[{"embeddable":true,"href":"https:\/\/www.watermarktheatre.com\/fr\/wp-json\/wp\/v2\/comments?post=5878"}],"version-history":[{"count":2,"href":"https:\/\/www.watermarktheatre.com\/fr\/wp-json\/wp\/v2\/pages\/5878\/revisions"}],"predecessor-version":[{"id":5883,"href":"https:\/\/www.watermarktheatre.com\/fr\/wp-json\/wp\/v2\/pages\/5878\/revisions\/5883"}],"wp:attachment":[{"href":"https:\/\/www.watermarktheatre.com\/fr\/wp-json\/wp\/v2\/media?parent=5878"}],"curies":[{"name":"wp","href":"https:\/\/api.w.org\/{rel}","templated":true}]}}