{"id":5873,"date":"2022-05-17T11:18:42","date_gmt":"2022-05-17T14:18:42","guid":{"rendered":"https:\/\/watermarktheatre.com\/julia-kim\/"},"modified":"2023-05-06T15:07:53","modified_gmt":"2023-05-06T18:07:53","slug":"julia-kim","status":"publish","type":"page","link":"https:\/\/www.watermarktheatre.com\/fr\/julia-kim\/","title":{"rendered":"Julia Kim"},"content":{"rendered":"<p><strong>Julia Kim \u2013 Costumi\u00e8re\u2013 <em>Steel Magnolias<\/em> \u2013 <em>Gaslight<\/em><\/strong><\/p>\n<p>Julia est sc\u00e9nographe, costumi\u00e8re et conceptrice des projections. Elle a obtenu un BFA (Hons.) en R\u00e9alisation des spectacles de la Toronto Metropolitan University (l\u2019ancienne Ryerson University) en 2015. Elle travaille surtout dans le sud de l\u2019Ontario, pour des th\u00e9\u00e2tres et des corps de danse ind\u00e9pendants, ainsi qu\u2019\u00e0 titre d\u2019adjointe \u00e0 la conception aux Festivals Stratford et Shaw.<\/p>\n<p>En 2020, elle a \u00e9t\u00e9 candidate au prix Pauline McGibbon.<\/p>\n<p><img loading=\"lazy\" decoding=\"async\" class=\"aligncenter size-medium wp-image-6323\" src=\"http:\/\/watermarktheatre.com\/wp-content\/uploads\/2023\/03\/Julia-Kim-Headshot-242x300.jpg\" alt=\"\" width=\"242\" height=\"300\" srcset=\"https:\/\/www.watermarktheatre.com\/wp-content\/uploads\/2023\/03\/Julia-Kim-Headshot-242x300.jpg 242w, https:\/\/www.watermarktheatre.com\/wp-content\/uploads\/2023\/03\/Julia-Kim-Headshot-825x1024.jpg 825w, https:\/\/www.watermarktheatre.com\/wp-content\/uploads\/2023\/03\/Julia-Kim-Headshot-768x954.jpg 768w, https:\/\/www.watermarktheatre.com\/wp-content\/uploads\/2023\/03\/Julia-Kim-Headshot-1237x1536.jpg 1237w, https:\/\/www.watermarktheatre.com\/wp-content\/uploads\/2023\/03\/Julia-Kim-Headshot-1649x2048.jpg 1649w, https:\/\/www.watermarktheatre.com\/wp-content\/uploads\/2023\/03\/Julia-Kim-Headshot.jpg 1920w\" sizes=\"auto, (max-width: 242px) 100vw, 242px\" \/><\/p>\n","protected":false},"excerpt":{"rendered":"<p>Julia Kim \u2013 Costumi\u00e8re\u2013 Steel Magnolias \u2013 Gaslight Julia est sc\u00e9nographe, costumi\u00e8re et conceptrice des projections. Elle a obtenu un BFA (Hons.) en R\u00e9alisation des spectacles de la Toronto Metropolitan &hellip; <a href=\"https:\/\/www.watermarktheatre.com\/fr\/julia-kim\/\">Continued<\/a><\/p>\n","protected":false},"author":2,"featured_media":0,"parent":0,"menu_order":0,"comment_status":"closed","ping_status":"closed","template":"","meta":{"footnotes":""},"class_list":["post-5873","page","type-page","status-publish","hentry"],"_links":{"self":[{"href":"https:\/\/www.watermarktheatre.com\/fr\/wp-json\/wp\/v2\/pages\/5873","targetHints":{"allow":["GET"]}}],"collection":[{"href":"https:\/\/www.watermarktheatre.com\/fr\/wp-json\/wp\/v2\/pages"}],"about":[{"href":"https:\/\/www.watermarktheatre.com\/fr\/wp-json\/wp\/v2\/types\/page"}],"author":[{"embeddable":true,"href":"https:\/\/www.watermarktheatre.com\/fr\/wp-json\/wp\/v2\/users\/2"}],"replies":[{"embeddable":true,"href":"https:\/\/www.watermarktheatre.com\/fr\/wp-json\/wp\/v2\/comments?post=5873"}],"version-history":[{"count":4,"href":"https:\/\/www.watermarktheatre.com\/fr\/wp-json\/wp\/v2\/pages\/5873\/revisions"}],"predecessor-version":[{"id":6446,"href":"https:\/\/www.watermarktheatre.com\/fr\/wp-json\/wp\/v2\/pages\/5873\/revisions\/6446"}],"wp:attachment":[{"href":"https:\/\/www.watermarktheatre.com\/fr\/wp-json\/wp\/v2\/media?parent=5873"}],"curies":[{"name":"wp","href":"https:\/\/api.w.org\/{rel}","templated":true}]}}