{"id":5859,"date":"2022-05-17T11:06:32","date_gmt":"2022-05-17T14:06:32","guid":{"rendered":"https:\/\/watermarktheatre.com\/?page_id=5859"},"modified":"2022-05-17T17:12:25","modified_gmt":"2022-05-17T20:12:25","slug":"rebecca-miller","status":"publish","type":"page","link":"https:\/\/www.watermarktheatre.com\/fr\/rebecca-miller\/","title":{"rendered":"Rebecca Miller"},"content":{"rendered":"<p><strong>Conception de l\u2019\u00e9clairage, The Drawer Boy<\/strong><\/p>\n<p><strong>Rebecca <\/strong>est \u00e9clairagiste et r\u00e9gisseuse. Elle habite Ottawa.<\/p>\n<p>Depuis qu\u2019elle a obtenu son dipl\u00f4me de l\u2019\u00c9cole nationale du th\u00e9\u00e2tre du Canada \u00e0 Montr\u00e9al elle a travaill\u00e9 partout \u00e0 travers le pays.<\/p>\n<p>\u00c9clairagiste au Magnus Theatre\u00a0: <em>The Birds and the Bees; It\u2019s A Wonderful Life, the Radio Play; The Rocky Horror Show; We Will Rock You; Of Human Bondage<\/em>. Des productions choisies\u00a0: Stephenville Theatre Festival; <em>God of Carnage, Top Girls<\/em> *Prix Rideau de la meilleure conception, <em>Henry V<\/em> *candidate au prix Rideau (Third Wall Theatre), le Gala CAPPIES pendant 11 ans, le gala du 40<sup>e<\/sup> anniversaire du Centre national des arts, divers concerts POPS par l\u2019orchestre du Centre national des arts.<\/p>\n<p>Productions choisies comme r\u00e9gisseuse lors de coproductions du th\u00e9\u00e2tre anglais du Centre national des arts et du Citadel Theatre, le Vancouver Playhouse et les Mirvish Productions. Le Shaw Festival \u00e0 Niagara-on-the-Lake, le Stratford Festival, le Prix du Gouverneur g\u00e9n\u00e9ral pour les arts du spectacle et la F\u00eate du Canada sur la Colline parlementaire.<\/p>\n","protected":false},"excerpt":{"rendered":"<p>Conception de l\u2019\u00e9clairage, The Drawer Boy Rebecca est \u00e9clairagiste et r\u00e9gisseuse. Elle habite Ottawa. Depuis qu\u2019elle a obtenu son dipl\u00f4me de l\u2019\u00c9cole nationale du th\u00e9\u00e2tre du Canada \u00e0 Montr\u00e9al elle &hellip; <a href=\"https:\/\/www.watermarktheatre.com\/fr\/rebecca-miller\/\">Continued<\/a><\/p>\n","protected":false},"author":2,"featured_media":0,"parent":0,"menu_order":0,"comment_status":"closed","ping_status":"closed","template":"","meta":{"footnotes":""},"class_list":["post-5859","page","type-page","status-publish","hentry"],"_links":{"self":[{"href":"https:\/\/www.watermarktheatre.com\/fr\/wp-json\/wp\/v2\/pages\/5859","targetHints":{"allow":["GET"]}}],"collection":[{"href":"https:\/\/www.watermarktheatre.com\/fr\/wp-json\/wp\/v2\/pages"}],"about":[{"href":"https:\/\/www.watermarktheatre.com\/fr\/wp-json\/wp\/v2\/types\/page"}],"author":[{"embeddable":true,"href":"https:\/\/www.watermarktheatre.com\/fr\/wp-json\/wp\/v2\/users\/2"}],"replies":[{"embeddable":true,"href":"https:\/\/www.watermarktheatre.com\/fr\/wp-json\/wp\/v2\/comments?post=5859"}],"version-history":[{"count":5,"href":"https:\/\/www.watermarktheatre.com\/fr\/wp-json\/wp\/v2\/pages\/5859\/revisions"}],"predecessor-version":[{"id":5910,"href":"https:\/\/www.watermarktheatre.com\/fr\/wp-json\/wp\/v2\/pages\/5859\/revisions\/5910"}],"wp:attachment":[{"href":"https:\/\/www.watermarktheatre.com\/fr\/wp-json\/wp\/v2\/media?parent=5859"}],"curies":[{"name":"wp","href":"https:\/\/api.w.org\/{rel}","templated":true}]}}