{"id":5850,"date":"2022-05-17T10:54:20","date_gmt":"2022-05-17T13:54:20","guid":{"rendered":"https:\/\/watermarktheatre.com\/mary-vingoe\/"},"modified":"2022-05-17T11:01:02","modified_gmt":"2022-05-17T14:01:02","slug":"mary-vingoe","status":"publish","type":"page","link":"https:\/\/www.watermarktheatre.com\/fr\/mary-vingoe\/","title":{"rendered":"Mary Vingoe"},"content":{"rendered":"<p><b>Metteuse en sc\u00e8ne, The Drawer Boy<\/b><\/p>\n<p>Mary Vingoe est directrice, directrice artistique, directrice de festival, dramaturge, enseignante et actrice, ainsi que directrice artistique fondatrice du Magnetic North Theatre Festival au Centre national des arts du Canada \u00e0 Ottawa, cofondatrice et ancienne directrice artistique du Nightwood Theatre \u00e0 Toronto, cofondatrice et ancienne codirectrice artistique du Ship\u2019s Co. Theatre \u00e0 Parrsboro (Nouvelle-\u00c9cosse) et cofondatrice et ancienne codirectrice artistique de The Eastern Front Theatre \u00e0 Halifax.<\/p>\n<p>Madame Vingoe a dirig\u00e9 des spectacles dans des th\u00e9\u00e2tres des quatre coins du pays. Mentionnons le Centre national des arts du Canada, le Tarragon Theatre, le Royal Manitoba Theatre Centre, le Prairie Theatre Exchange, les Alberta Theatre Projects et le Neptune Theatre. Elle a fait un mandat comme artiste en r\u00e9sidence \u00e0 l\u2019\u00c9cole nationale du th\u00e9\u00e2tre, l\u2019University of Alberta, l\u2019University of British Columbia, la Mount Allison University et la Memorial University. Elle est aussi dramaturge. Sa pi\u00e8ce <em>Refuge<\/em>, publi\u00e9e par le Scirocco Press, a \u00e9t\u00e9 finaliste au Prix Nova Scotia Masterworks et en 2016 elle \u00e9tait de la premi\u00e8re s\u00e9lection au Prix de Gouverneur g\u00e9n\u00e9ral pour les arts du spectacle. Sa nouvelle pi\u00e8ce, <em>Some Blow Flutes<\/em>, \u00e9tait en lice pour le prix Merritt de la meilleure nouvelle pi\u00e8ce de 2019. <em>Some Blow Flutes<\/em> est publi\u00e9e par le Scirocco Press. Elle travaille actuellement avec sa fille, Laura Vingoe-Cram, sur une nouvelle \u0153uvre <em>Gonzalo\u2019s Map<\/em> pour le Keep Good Theatre Company \u00e0 Halifax.<\/p>\n<p>Madame Vingoe est laur\u00e9ate de nombreux prix, dont le Prix Portia White de la Nouvelle-\u00c9cosse pour m\u00e9rite artistique. En 2011, elle est devenue Officier de l\u2019Ordre du Canada pour sa contribution au th\u00e9\u00e2tre canadien.<\/p>\n<p><img loading=\"lazy\" decoding=\"async\" class=\"aligncenter size-medium wp-image-5847\" src=\"http:\/\/watermarktheatre.com\/wp-content\/uploads\/2022\/05\/Vingoe_Mary-224x300.jpg\" alt=\"\" width=\"224\" height=\"300\" srcset=\"https:\/\/www.watermarktheatre.com\/wp-content\/uploads\/2022\/05\/Vingoe_Mary-224x300.jpg 224w, https:\/\/www.watermarktheatre.com\/wp-content\/uploads\/2022\/05\/Vingoe_Mary.jpg 300w\" sizes=\"auto, (max-width: 224px) 100vw, 224px\" \/><\/p>\n","protected":false},"excerpt":{"rendered":"<p>Metteuse en sc\u00e8ne, The Drawer Boy Mary Vingoe est directrice, directrice artistique, directrice de festival, dramaturge, enseignante et actrice, ainsi que directrice artistique fondatrice du Magnetic North Theatre Festival au &hellip; <a href=\"https:\/\/www.watermarktheatre.com\/fr\/mary-vingoe\/\">Continued<\/a><\/p>\n","protected":false},"author":2,"featured_media":0,"parent":0,"menu_order":0,"comment_status":"closed","ping_status":"closed","template":"","meta":{"footnotes":""},"class_list":["post-5850","page","type-page","status-publish","hentry"],"_links":{"self":[{"href":"https:\/\/www.watermarktheatre.com\/fr\/wp-json\/wp\/v2\/pages\/5850","targetHints":{"allow":["GET"]}}],"collection":[{"href":"https:\/\/www.watermarktheatre.com\/fr\/wp-json\/wp\/v2\/pages"}],"about":[{"href":"https:\/\/www.watermarktheatre.com\/fr\/wp-json\/wp\/v2\/types\/page"}],"author":[{"embeddable":true,"href":"https:\/\/www.watermarktheatre.com\/fr\/wp-json\/wp\/v2\/users\/2"}],"replies":[{"embeddable":true,"href":"https:\/\/www.watermarktheatre.com\/fr\/wp-json\/wp\/v2\/comments?post=5850"}],"version-history":[{"count":4,"href":"https:\/\/www.watermarktheatre.com\/fr\/wp-json\/wp\/v2\/pages\/5850\/revisions"}],"predecessor-version":[{"id":5858,"href":"https:\/\/www.watermarktheatre.com\/fr\/wp-json\/wp\/v2\/pages\/5850\/revisions\/5858"}],"wp:attachment":[{"href":"https:\/\/www.watermarktheatre.com\/fr\/wp-json\/wp\/v2\/media?parent=5850"}],"curies":[{"name":"wp","href":"https:\/\/api.w.org\/{rel}","templated":true}]}}