{"id":5833,"date":"2022-05-09T11:10:34","date_gmt":"2022-05-09T14:10:34","guid":{"rendered":"https:\/\/watermarktheatre.com\/wes-babcock\/"},"modified":"2022-05-17T17:09:55","modified_gmt":"2022-05-17T20:09:55","slug":"wes-babcock","status":"publish","type":"page","link":"https:\/\/www.watermarktheatre.com\/fr\/wes-babcock\/","title":{"rendered":"Wes Babcock"},"content":{"rendered":"<p><strong>Ssc\u00e9nariste, Educating Rita et The Drawer Boy<\/strong><\/p>\n<p><strong>Wes <\/strong>est sc\u00e9nariste et \u00e9clairagiste, chef de production et directeur technique, dont la base d\u2019action est Halifax (N.-\u00c9.). Si un article s\u2019allume, soutient un poids ou a besoin d\u2019un horaire, c\u2019est lui l\u2019expert. Parmi les compagnies qui en ont profit\u00e9 nommons le Crow&rsquo;s Theatre, le Talk is Free Theatre, le Neptune Theatre et le Tapestry Opera. Parmi ses projets pr\u00e9f\u00e9r\u00e9s mentionnons <em>The Woodcutter<\/em> (Matchstick, Halifax &#8211; d\u00e9cor, candidat au Prix Merritt), et les premi\u00e8res mondiales de <em>Pleasureville<\/em> (Neptune Theatre, Halifax &#8211; d\u00e9cor), <em>Scavenger\u2019s Daughter<\/em> et <em>Four Sisters<\/em> (Paradigm, Toronto &#8211; TD), et <em>The Little Prince Reimagined<\/em> (Puzzle Piece, Toronto &#8211; \u00e9clairage). Wes est tr\u00e8s excit\u00e9 de faire son d\u00e9but sur l\u2019\u00cele cet \u00e9t\u00e9 au Watermark Theatre.<\/p>\n<p>Wes est membre fondateur de whatbywhen (WxW). Avec Crystal Lee, il construit des mod\u00e8les de gestion durable de la production et de la direction technique par la praxis.<\/p>\n<p>Il est fondateur et coconservateur de Dark Day Monday, une s\u00e9rie mensuelle de prestations \u00e0 Toronto par des artistes qui franchissent les limites et d\u00e9fient les attentes. @darkdaymonday www.darkdaymonday.com. wesbabcock.com.<\/p>\n<p><img loading=\"lazy\" decoding=\"async\" class=\"aligncenter size-medium wp-image-5767\" src=\"http:\/\/watermarktheatre.com\/wp-content\/uploads\/2022\/05\/Wes-Babcock6-200x300.jpg\" alt=\"\" width=\"200\" height=\"300\" srcset=\"https:\/\/www.watermarktheatre.com\/wp-content\/uploads\/2022\/05\/Wes-Babcock6-200x300.jpg 200w, https:\/\/www.watermarktheatre.com\/wp-content\/uploads\/2022\/05\/Wes-Babcock6-684x1024.jpg 684w, https:\/\/www.watermarktheatre.com\/wp-content\/uploads\/2022\/05\/Wes-Babcock6-768x1150.jpg 768w, https:\/\/www.watermarktheatre.com\/wp-content\/uploads\/2022\/05\/Wes-Babcock6-1026x1536.jpg 1026w, https:\/\/www.watermarktheatre.com\/wp-content\/uploads\/2022\/05\/Wes-Babcock6-1368x2048.jpg 1368w, https:\/\/www.watermarktheatre.com\/wp-content\/uploads\/2022\/05\/Wes-Babcock6-scaled.jpg 1710w\" sizes=\"auto, (max-width: 200px) 100vw, 200px\" \/><\/p>\n","protected":false},"excerpt":{"rendered":"<p>Ssc\u00e9nariste, Educating Rita et The Drawer Boy Wes est sc\u00e9nariste et \u00e9clairagiste, chef de production et directeur technique, dont la base d\u2019action est Halifax (N.-\u00c9.). Si un article s\u2019allume, soutient &hellip; <a href=\"https:\/\/www.watermarktheatre.com\/fr\/wes-babcock\/\">Continued<\/a><\/p>\n","protected":false},"author":2,"featured_media":0,"parent":0,"menu_order":0,"comment_status":"closed","ping_status":"closed","template":"","meta":{"footnotes":""},"class_list":["post-5833","page","type-page","status-publish","hentry"],"_links":{"self":[{"href":"https:\/\/www.watermarktheatre.com\/fr\/wp-json\/wp\/v2\/pages\/5833","targetHints":{"allow":["GET"]}}],"collection":[{"href":"https:\/\/www.watermarktheatre.com\/fr\/wp-json\/wp\/v2\/pages"}],"about":[{"href":"https:\/\/www.watermarktheatre.com\/fr\/wp-json\/wp\/v2\/types\/page"}],"author":[{"embeddable":true,"href":"https:\/\/www.watermarktheatre.com\/fr\/wp-json\/wp\/v2\/users\/2"}],"replies":[{"embeddable":true,"href":"https:\/\/www.watermarktheatre.com\/fr\/wp-json\/wp\/v2\/comments?post=5833"}],"version-history":[{"count":2,"href":"https:\/\/www.watermarktheatre.com\/fr\/wp-json\/wp\/v2\/pages\/5833\/revisions"}],"predecessor-version":[{"id":5907,"href":"https:\/\/www.watermarktheatre.com\/fr\/wp-json\/wp\/v2\/pages\/5833\/revisions\/5907"}],"wp:attachment":[{"href":"https:\/\/www.watermarktheatre.com\/fr\/wp-json\/wp\/v2\/media?parent=5833"}],"curies":[{"name":"wp","href":"https:\/\/api.w.org\/{rel}","templated":true}]}}