{"id":5829,"date":"2022-05-09T11:15:16","date_gmt":"2022-05-09T14:15:16","guid":{"rendered":"https:\/\/watermarktheatre.com\/vickie-marston\/"},"modified":"2022-05-11T11:59:38","modified_gmt":"2022-05-11T14:59:38","slug":"vickie-marston","status":"publish","type":"page","link":"https:\/\/www.watermarktheatre.com\/fr\/vickie-marston\/","title":{"rendered":"Vickie Marston"},"content":{"rendered":"<p><strong>Costumi\u00e8re, Educating Rita<\/strong><\/p>\n<p><strong>Vickie Marston &#8211; <\/strong>Sc\u00e9nographe et costumi\u00e8re\u00a0: sc\u00e9nographe au Neptune Theatre\u00a0: <em>Hockey Mom, Hockey Dad, Marion Bridge, Alice in Pantolan<\/em>d; sc\u00e9nographe au KAZAN Theatre Productions\u00a0: <em>Communion, His Greatness, I Animal, The Realistic Jones<\/em>; sc\u00e9nographe au Valley Summer Theatre\u00a0: <em>The Gin Game, Driving Miss Daisy, Vigil, Educating Rita; <\/em>sc\u00e9nographe au Ship\u2019s Company\u00a0: <em>Fishing For<\/em> <em>Frank, The Net, Maritime Way of Life; <\/em>sc\u00e9nographe au Gros Morne Theatre Festival\u00a0: <em>Beauty Queen of Leenane<\/em> (sc\u00e9nographie et costumes), <em>Proud<\/em> (sc\u00e9nographie et costumes),<em> Outside Mullingar<\/em> (sc\u00e9nographie et costumes), <em>Loved Our Fathers <\/em>(sc\u00e9nographie); Theatre @ Grenfell MUN : Sc\u00e9nographe\u00a0: <em>In the Next Room, A Lie of the Mind, Romeo &amp; Juliet, Under Milkwood<\/em>. Costumes\u00a0: <em>Henry IV, The Wolves, Cherry Orchard, Uncle Vanya<\/em>. Sc\u00e9nographie et costumes\u00a0: <em>Cymbeline, The Sea, Ring Round The Moon.<\/em><\/p>\n<p>Prix Merritt en sc\u00e9nographie\u00a0: <em>The Net.<\/em> Candidate au Prix Merritt en sc\u00e9nographie\u00a0: <em>Vigil et His Greatness.<\/em><\/p>\n<p><img loading=\"lazy\" decoding=\"async\" class=\"aligncenter size-medium wp-image-5775\" src=\"http:\/\/watermarktheatre.com\/wp-content\/uploads\/2022\/05\/Vickie-Marston-243x300.jpg\" alt=\"\" width=\"243\" height=\"300\" srcset=\"https:\/\/www.watermarktheatre.com\/wp-content\/uploads\/2022\/05\/Vickie-Marston-243x300.jpg 243w, https:\/\/www.watermarktheatre.com\/wp-content\/uploads\/2022\/05\/Vickie-Marston-768x947.jpg 768w, https:\/\/www.watermarktheatre.com\/wp-content\/uploads\/2022\/05\/Vickie-Marston.jpg 825w\" sizes=\"auto, (max-width: 243px) 100vw, 243px\" \/><\/p>\n","protected":false},"excerpt":{"rendered":"<p>Costumi\u00e8re, Educating Rita Vickie Marston &#8211; Sc\u00e9nographe et costumi\u00e8re\u00a0: sc\u00e9nographe au Neptune Theatre\u00a0: Hockey Mom, Hockey Dad, Marion Bridge, Alice in Pantoland; sc\u00e9nographe au KAZAN Theatre Productions\u00a0: Communion, His Greatness, &hellip; <a href=\"https:\/\/www.watermarktheatre.com\/fr\/vickie-marston\/\">Continued<\/a><\/p>\n","protected":false},"author":2,"featured_media":0,"parent":0,"menu_order":0,"comment_status":"closed","ping_status":"closed","template":"","meta":{"footnotes":""},"class_list":["post-5829","page","type-page","status-publish","hentry"],"_links":{"self":[{"href":"https:\/\/www.watermarktheatre.com\/fr\/wp-json\/wp\/v2\/pages\/5829","targetHints":{"allow":["GET"]}}],"collection":[{"href":"https:\/\/www.watermarktheatre.com\/fr\/wp-json\/wp\/v2\/pages"}],"about":[{"href":"https:\/\/www.watermarktheatre.com\/fr\/wp-json\/wp\/v2\/types\/page"}],"author":[{"embeddable":true,"href":"https:\/\/www.watermarktheatre.com\/fr\/wp-json\/wp\/v2\/users\/2"}],"replies":[{"embeddable":true,"href":"https:\/\/www.watermarktheatre.com\/fr\/wp-json\/wp\/v2\/comments?post=5829"}],"version-history":[{"count":2,"href":"https:\/\/www.watermarktheatre.com\/fr\/wp-json\/wp\/v2\/pages\/5829\/revisions"}],"predecessor-version":[{"id":5831,"href":"https:\/\/www.watermarktheatre.com\/fr\/wp-json\/wp\/v2\/pages\/5829\/revisions\/5831"}],"wp:attachment":[{"href":"https:\/\/www.watermarktheatre.com\/fr\/wp-json\/wp\/v2\/media?parent=5829"}],"curies":[{"name":"wp","href":"https:\/\/api.w.org\/{rel}","templated":true}]}}