{"id":5818,"date":"2022-05-09T11:24:58","date_gmt":"2022-05-09T14:24:58","guid":{"rendered":"https:\/\/watermarktheatre.com\/rejean-cournoyer\/"},"modified":"2022-05-11T11:55:54","modified_gmt":"2022-05-11T14:55:54","slug":"rejean-cournoyer","status":"publish","type":"page","link":"https:\/\/www.watermarktheatre.com\/fr\/rejean-cournoyer\/","title":{"rendered":"R\u00e9jean Cournoyer"},"content":{"rendered":"<p><strong>Frank dans Educating Rita<\/strong><\/p>\n<p>Parmi les r\u00e9alisations de <strong>R\u00e9jean Cournoyer, <\/strong>notons\u00a0: <em>Piaf\/Dietrich<\/em> (Mirvish); <em>Evangeline, Anne of Green Gables<sup>MD<\/sup><\/em> (Charlottetown); <em>Peter and the Starcatcher<\/em> (WCT); <em>A Misfortune <\/em>(NSTF); <em>The Music of Jacques Brel, A Christmas Carol, Next to Normal, The Sound of Music, Pride and Prejudice, Sweeney Todd, Beauty and the Beast<\/em> (Citadel); <em>L\u2019Homme de la Mancha<\/em> (Unith\u00e9atre); <em>Les Mis\u00e9rables, White Christmas<\/em> (Artsclub); <em>Tuesdays with Morrie<\/em> (\u00e0 l\u2019international); <em>Little Shop of Horrors, P\u00e9lagie<\/em> (CanStage\/candidat au Prix Dora); <em>A Few Good Men, Oliver!<\/em> (Neptune).<\/p>\n<p>Cin\u00e9ma\/t\u00e9l\u00e9vision : <em>October 1970<\/em> (CBC); <em>Rideau Hall<\/em> (Topsail); <em>The Event<\/em> (E-Motion Pictures \u2013 Prix Actra). R\u00e9jean a grandi en Nouvelle-\u00c9cosse, \u00e0 l\u2019\u00cele-du-Prince-\u00c9douard et au Qu\u00e9bec.<\/p>\n<p>.<\/p>\n<p><img loading=\"lazy\" decoding=\"async\" class=\"aligncenter size-medium wp-image-5785\" src=\"http:\/\/watermarktheatre.com\/wp-content\/uploads\/2022\/05\/Rejean-Animated-234x300.jpeg\" alt=\"\" width=\"234\" height=\"300\" srcset=\"https:\/\/www.watermarktheatre.com\/wp-content\/uploads\/2022\/05\/Rejean-Animated-234x300.jpeg 234w, https:\/\/www.watermarktheatre.com\/wp-content\/uploads\/2022\/05\/Rejean-Animated.jpeg 555w\" sizes=\"auto, (max-width: 234px) 100vw, 234px\" \/><\/p>\n","protected":false},"excerpt":{"rendered":"<p>Frank dans Educating Rita Parmi les r\u00e9alisations de R\u00e9jean Cournoyer, notons\u00a0: Piaf\/Dietrich (Mirvish); Evangeline, Anne of Green GablesMD (Charlottetown); Peter and the Starcatcher (WCT); A Misfortune (NSTF); The Music of &hellip; <a href=\"https:\/\/www.watermarktheatre.com\/fr\/rejean-cournoyer\/\">Continued<\/a><\/p>\n","protected":false},"author":2,"featured_media":0,"parent":0,"menu_order":0,"comment_status":"closed","ping_status":"closed","template":"","meta":{"footnotes":""},"class_list":["post-5818","page","type-page","status-publish","hentry"],"_links":{"self":[{"href":"https:\/\/www.watermarktheatre.com\/fr\/wp-json\/wp\/v2\/pages\/5818","targetHints":{"allow":["GET"]}}],"collection":[{"href":"https:\/\/www.watermarktheatre.com\/fr\/wp-json\/wp\/v2\/pages"}],"about":[{"href":"https:\/\/www.watermarktheatre.com\/fr\/wp-json\/wp\/v2\/types\/page"}],"author":[{"embeddable":true,"href":"https:\/\/www.watermarktheatre.com\/fr\/wp-json\/wp\/v2\/users\/2"}],"replies":[{"embeddable":true,"href":"https:\/\/www.watermarktheatre.com\/fr\/wp-json\/wp\/v2\/comments?post=5818"}],"version-history":[{"count":2,"href":"https:\/\/www.watermarktheatre.com\/fr\/wp-json\/wp\/v2\/pages\/5818\/revisions"}],"predecessor-version":[{"id":5827,"href":"https:\/\/www.watermarktheatre.com\/fr\/wp-json\/wp\/v2\/pages\/5818\/revisions\/5827"}],"wp:attachment":[{"href":"https:\/\/www.watermarktheatre.com\/fr\/wp-json\/wp\/v2\/media?parent=5818"}],"curies":[{"name":"wp","href":"https:\/\/api.w.org\/{rel}","templated":true}]}}