{"id":5815,"date":"2022-05-09T11:12:39","date_gmt":"2022-05-09T14:12:39","guid":{"rendered":"https:\/\/watermarktheatre.com\/dorrie-deutschendorf\/"},"modified":"2022-07-04T06:51:01","modified_gmt":"2022-07-04T09:51:01","slug":"dorrie-deutschendorf","status":"publish","type":"page","link":"https:\/\/www.watermarktheatre.com\/fr\/dorrie-deutschendorf\/","title":{"rendered":"Dorrie Deutschendorf"},"content":{"rendered":"<p><strong>Conception de l\u2019\u00e9clairage, Educating Rita<\/strong><\/p>\n<p><strong>Dorrie<\/strong> est l\u2019oiseau rare du monde du th\u00e9\u00e2tre et de la danse. Depuis plus de 25 ans, elle est \u00e9clairagiste, danseuse, chorographe, enseignante de danse, r\u00e9gisseuse et technicienne en th\u00e9\u00e2tre. Comme elle a travaill\u00e9 sur sc\u00e8ne et en coulisse, elle a su cr\u00e9er des visions uniques propices pour plus de 30 artistes et directeurs du monde de la danse dans la r\u00e9gion d\u2019Edmonton, comme Usha Gupta et Kate Ryan. Cette saison, Dorrie continuera \u00e0 appuyer les spectacles en personne comme directrice technique\/\u00e9clairagiste et r\u00e9gisseuse pour la Brian Webb Dance Company et Ballet Edmonton.<\/p>\n<p><img loading=\"lazy\" decoding=\"async\" class=\"aligncenter size-medium wp-image-5944\" src=\"http:\/\/watermarktheatre.com\/wp-content\/uploads\/2022\/07\/Dorrie-Headshot-249x300.jpg\" alt=\"\" width=\"249\" height=\"300\" srcset=\"https:\/\/www.watermarktheatre.com\/wp-content\/uploads\/2022\/07\/Dorrie-Headshot-249x300.jpg 249w, https:\/\/www.watermarktheatre.com\/wp-content\/uploads\/2022\/07\/Dorrie-Headshot-849x1024.jpg 849w, https:\/\/www.watermarktheatre.com\/wp-content\/uploads\/2022\/07\/Dorrie-Headshot-768x926.jpg 768w, https:\/\/www.watermarktheatre.com\/wp-content\/uploads\/2022\/07\/Dorrie-Headshot-1273x1536.jpg 1273w, https:\/\/www.watermarktheatre.com\/wp-content\/uploads\/2022\/07\/Dorrie-Headshot-1698x2048.jpg 1698w, https:\/\/www.watermarktheatre.com\/wp-content\/uploads\/2022\/07\/Dorrie-Headshot.jpg 1901w\" sizes=\"auto, (max-width: 249px) 100vw, 249px\" \/><\/p>\n","protected":false},"excerpt":{"rendered":"<p>Conception de l\u2019\u00e9clairage, Educating Rita Dorrie est l\u2019oiseau rare du monde du th\u00e9\u00e2tre et de la danse. Depuis plus de 25 ans, elle est \u00e9clairagiste, danseuse, chorographe, enseignante de danse, &hellip; <a href=\"https:\/\/www.watermarktheatre.com\/fr\/dorrie-deutschendorf\/\">Continued<\/a><\/p>\n","protected":false},"author":2,"featured_media":0,"parent":0,"menu_order":0,"comment_status":"closed","ping_status":"closed","template":"","meta":{"footnotes":""},"class_list":["post-5815","page","type-page","status-publish","hentry"],"_links":{"self":[{"href":"https:\/\/www.watermarktheatre.com\/fr\/wp-json\/wp\/v2\/pages\/5815","targetHints":{"allow":["GET"]}}],"collection":[{"href":"https:\/\/www.watermarktheatre.com\/fr\/wp-json\/wp\/v2\/pages"}],"about":[{"href":"https:\/\/www.watermarktheatre.com\/fr\/wp-json\/wp\/v2\/types\/page"}],"author":[{"embeddable":true,"href":"https:\/\/www.watermarktheatre.com\/fr\/wp-json\/wp\/v2\/users\/2"}],"replies":[{"embeddable":true,"href":"https:\/\/www.watermarktheatre.com\/fr\/wp-json\/wp\/v2\/comments?post=5815"}],"version-history":[{"count":4,"href":"https:\/\/www.watermarktheatre.com\/fr\/wp-json\/wp\/v2\/pages\/5815\/revisions"}],"predecessor-version":[{"id":5948,"href":"https:\/\/www.watermarktheatre.com\/fr\/wp-json\/wp\/v2\/pages\/5815\/revisions\/5948"}],"wp:attachment":[{"href":"https:\/\/www.watermarktheatre.com\/fr\/wp-json\/wp\/v2\/media?parent=5815"}],"curies":[{"name":"wp","href":"https:\/\/api.w.org\/{rel}","templated":true}]}}