{"id":5809,"date":"2022-05-09T11:22:54","date_gmt":"2022-05-09T14:22:54","guid":{"rendered":"https:\/\/watermarktheatre.com\/naomi-ngebulana\/"},"modified":"2022-05-11T11:34:30","modified_gmt":"2022-05-11T14:34:30","slug":"naomi-ngebulana","status":"publish","type":"page","link":"https:\/\/www.watermarktheatre.com\/fr\/naomi-ngebulana\/","title":{"rendered":"Naomi Ngebulana"},"content":{"rendered":"<p><strong>Rita dans Educating Rita<\/strong><\/p>\n<p><strong>Naomi Ngebulana<\/strong> a habit\u00e9 de multiples villes en de multiples pays, et sa base d\u2019action actuelle est Toronto.<\/p>\n<p>Elle a commenc\u00e9 sa carri\u00e8re dans des spectacles communautaires \u00e0 Calgary, puis elle a d\u00e9m\u00e9nag\u00e9 \u00e0 Toronto \u00ab\u00a0pour la culture\u00a0\u00bb. Elle a fini en Angleterre, o\u00f9 elle a obtenu la ma\u00eetrise en beaux-arts de la Guildford School of Acting en 2020. Elle attend terriblement patiemment la r\u00e9ouverture des th\u00e9\u00e2tres et elle a h\u00e2te \u00e0 faire son d\u00e9but professionnel dans le r\u00f4le de Rita. En plus de vivre ses r\u00eaves, elle est instructrice agr\u00e9\u00e9e de yoga. Vous la trouverez soit assise sur son tapis, soit en train de manger de la cr\u00e8me glac\u00e9e Haagen Dazs, la sorte \u00e0 la vanille avec des amandes enrob\u00e9es de chocolat<\/p>\n<p><img loading=\"lazy\" decoding=\"async\" class=\"aligncenter size-medium wp-image-5780\" src=\"http:\/\/watermarktheatre.com\/wp-content\/uploads\/2022\/05\/Ngebulana-Naomi-1-210x300.jpg\" alt=\"\" width=\"210\" height=\"300\" srcset=\"https:\/\/www.watermarktheatre.com\/wp-content\/uploads\/2022\/05\/Ngebulana-Naomi-1-210x300.jpg 210w, https:\/\/www.watermarktheatre.com\/wp-content\/uploads\/2022\/05\/Ngebulana-Naomi-1-718x1024.jpg 718w, https:\/\/www.watermarktheatre.com\/wp-content\/uploads\/2022\/05\/Ngebulana-Naomi-1.jpg 750w\" sizes=\"auto, (max-width: 210px) 100vw, 210px\" \/><\/p>\n","protected":false},"excerpt":{"rendered":"<p>Rita dans Educating Rita Naomi Ngebulana a habit\u00e9 de multiples villes en de multiples pays, et sa base d\u2019action actuelle est Toronto. Elle a commenc\u00e9 sa carri\u00e8re dans des spectacles &hellip; <a href=\"https:\/\/www.watermarktheatre.com\/fr\/naomi-ngebulana\/\">Continued<\/a><\/p>\n","protected":false},"author":2,"featured_media":0,"parent":0,"menu_order":0,"comment_status":"closed","ping_status":"closed","template":"","meta":{"footnotes":""},"class_list":["post-5809","page","type-page","status-publish","hentry"],"_links":{"self":[{"href":"https:\/\/www.watermarktheatre.com\/fr\/wp-json\/wp\/v2\/pages\/5809","targetHints":{"allow":["GET"]}}],"collection":[{"href":"https:\/\/www.watermarktheatre.com\/fr\/wp-json\/wp\/v2\/pages"}],"about":[{"href":"https:\/\/www.watermarktheatre.com\/fr\/wp-json\/wp\/v2\/types\/page"}],"author":[{"embeddable":true,"href":"https:\/\/www.watermarktheatre.com\/fr\/wp-json\/wp\/v2\/users\/2"}],"replies":[{"embeddable":true,"href":"https:\/\/www.watermarktheatre.com\/fr\/wp-json\/wp\/v2\/comments?post=5809"}],"version-history":[{"count":3,"href":"https:\/\/www.watermarktheatre.com\/fr\/wp-json\/wp\/v2\/pages\/5809\/revisions"}],"predecessor-version":[{"id":5812,"href":"https:\/\/www.watermarktheatre.com\/fr\/wp-json\/wp\/v2\/pages\/5809\/revisions\/5812"}],"wp:attachment":[{"href":"https:\/\/www.watermarktheatre.com\/fr\/wp-json\/wp\/v2\/media?parent=5809"}],"curies":[{"name":"wp","href":"https:\/\/api.w.org\/{rel}","templated":true}]}}