{"id":5802,"date":"2022-02-09T11:39:46","date_gmt":"2022-02-09T15:39:46","guid":{"rendered":"https:\/\/watermarktheatre.com\/a-christmas-carol\/"},"modified":"2022-05-11T11:21:25","modified_gmt":"2022-05-11T14:21:25","slug":"a-christmas-carol","status":"publish","type":"page","link":"https:\/\/www.watermarktheatre.com\/fr\/a-christmas-carol\/","title":{"rendered":"A Christmas Carol"},"content":{"rendered":"<p>C\u2019est la Veille de No\u00ebl. Tout Londres est allum\u00e9 de la joie et de la bonhomie de la saison, mais l\u2019avare Ebenezer Scrooge devient de plus en plus vil. C\u2019est un usurier sans c\u0153ur, qui aime mieux compter ses pi\u00e8ces de monnaie que s\u2019occuper de ses semblables, et il d\u00e9teste No\u00ebl et tout ce que signifie la f\u00eate. La visite opportune des fant\u00f4mes de No\u00ebl du pass\u00e9, du pr\u00e9sent et de l\u2019avenir changera-t-elle sa cupidit\u00e9 avant qu\u2019il ne soit trop tard? Deux acteurs nous pr\u00e9sentent Scrooge, Bob Cratchit, Tiny Tim et tout en groupe de personnages extraordinaires comme vous ne les avez jamais vus auparavant dans ce r\u00e9cit festif de l\u2019histoire classique de Charles Dickens.<\/p>\n<p><img loading=\"lazy\" decoding=\"async\" class=\"aligncenter wp-image-5706 size-large\" src=\"http:\/\/watermarktheatre.com\/wp-content\/uploads\/2022\/04\/WatermarkSocial_christmas2022-02-1024x512.png\" alt=\"\" width=\"1024\" height=\"512\" srcset=\"https:\/\/www.watermarktheatre.com\/wp-content\/uploads\/2022\/04\/WatermarkSocial_christmas2022-02-1024x512.png 1024w, https:\/\/www.watermarktheatre.com\/wp-content\/uploads\/2022\/04\/WatermarkSocial_christmas2022-02-300x150.png 300w, https:\/\/www.watermarktheatre.com\/wp-content\/uploads\/2022\/04\/WatermarkSocial_christmas2022-02-768x384.png 768w, https:\/\/www.watermarktheatre.com\/wp-content\/uploads\/2022\/04\/WatermarkSocial_christmas2022-02-1536x769.png 1536w, https:\/\/www.watermarktheatre.com\/wp-content\/uploads\/2022\/04\/WatermarkSocial_christmas2022-02-2048x1025.png 2048w\" sizes=\"auto, (max-width: 1024px) 100vw, 1024px\" \/><\/p>\n","protected":false},"excerpt":{"rendered":"<p>C\u2019est la Veille de No\u00ebl. Tout Londres est allum\u00e9 de la joie et de la bonhomie de la saison, mais l\u2019avare Ebenezer Scrooge devient de plus en plus vil. C\u2019est &hellip; <a href=\"https:\/\/www.watermarktheatre.com\/fr\/a-christmas-carol\/\">Continued<\/a><\/p>\n","protected":false},"author":2,"featured_media":0,"parent":0,"menu_order":0,"comment_status":"closed","ping_status":"closed","template":"","meta":{"footnotes":""},"class_list":["post-5802","page","type-page","status-publish","hentry"],"_links":{"self":[{"href":"https:\/\/www.watermarktheatre.com\/fr\/wp-json\/wp\/v2\/pages\/5802","targetHints":{"allow":["GET"]}}],"collection":[{"href":"https:\/\/www.watermarktheatre.com\/fr\/wp-json\/wp\/v2\/pages"}],"about":[{"href":"https:\/\/www.watermarktheatre.com\/fr\/wp-json\/wp\/v2\/types\/page"}],"author":[{"embeddable":true,"href":"https:\/\/www.watermarktheatre.com\/fr\/wp-json\/wp\/v2\/users\/2"}],"replies":[{"embeddable":true,"href":"https:\/\/www.watermarktheatre.com\/fr\/wp-json\/wp\/v2\/comments?post=5802"}],"version-history":[{"count":1,"href":"https:\/\/www.watermarktheatre.com\/fr\/wp-json\/wp\/v2\/pages\/5802\/revisions"}],"predecessor-version":[{"id":5803,"href":"https:\/\/www.watermarktheatre.com\/fr\/wp-json\/wp\/v2\/pages\/5802\/revisions\/5803"}],"wp:attachment":[{"href":"https:\/\/www.watermarktheatre.com\/fr\/wp-json\/wp\/v2\/media?parent=5802"}],"curies":[{"name":"wp","href":"https:\/\/api.w.org\/{rel}","templated":true}]}}