{"id":5704,"date":"2022-02-09T11:37:53","date_gmt":"2022-02-09T15:37:53","guid":{"rendered":"https:\/\/watermarktheatre.com\/beneath-springhill-the-maurice-ruddick-story-by-beau-dixon\/"},"modified":"2022-10-10T11:38:01","modified_gmt":"2022-10-10T14:38:01","slug":"beneath-springhill-the-maurice-ruddick-story-by-beau-dixon","status":"publish","type":"page","link":"https:\/\/www.watermarktheatre.com\/fr\/beneath-springhill-the-maurice-ruddick-story-by-beau-dixon\/","title":{"rendered":"Beneath Springhill: The Maurice Ruddick Story by Beau Dixon"},"content":{"rendered":"<p><strong><em>Beneath Springhill: The Maurice Ruddick Story<\/em><\/strong> de Beau Dixon se jouera du 30 novembre au 10 d\u00e9cembre. Elle raconte la vie de Maurice Ruddick, un Afro-Canadien et un des survivants du d\u00e9sastre historique survenu en 1958 dans la mine de charbon de Springhill en Nouvelle-\u00c9cosse. Ce spectacle solo, cr\u00e9\u00e9 et jou\u00e9 par Beau Dixon, rappelle l\u2019histoire de sept mineurs pris \u00e0 un mille sous une petite ville mini\u00e8re, l\u2019effet de la trag\u00e9die sur leur communaut\u00e9 canadienne rurale et les tensions raciales ayant fait surface en cons\u00e9quence.<\/p>\n<p>** This production is proudly supported by the PEI Events Innovation Fund and the Destination Management Fund<\/p>\n<p>&nbsp;<\/p>\n<p><img loading=\"lazy\" decoding=\"async\" class=\"aligncenter wp-image-5975 size-large\" src=\"http:\/\/watermarktheatre.com\/wp-content\/uploads\/2022\/10\/WatermarkPosters_2022-beneath-newdates-08-1024x654.png\" alt=\"\" width=\"1024\" height=\"654\" srcset=\"https:\/\/www.watermarktheatre.com\/wp-content\/uploads\/2022\/10\/WatermarkPosters_2022-beneath-newdates-08-1024x654.png 1024w, https:\/\/www.watermarktheatre.com\/wp-content\/uploads\/2022\/10\/WatermarkPosters_2022-beneath-newdates-08-300x192.png 300w, https:\/\/www.watermarktheatre.com\/wp-content\/uploads\/2022\/10\/WatermarkPosters_2022-beneath-newdates-08-768x491.png 768w, https:\/\/www.watermarktheatre.com\/wp-content\/uploads\/2022\/10\/WatermarkPosters_2022-beneath-newdates-08-1536x982.png 1536w, https:\/\/www.watermarktheatre.com\/wp-content\/uploads\/2022\/10\/WatermarkPosters_2022-beneath-newdates-08.png 1876w\" sizes=\"auto, (max-width: 1024px) 100vw, 1024px\" \/><\/p>\n","protected":false},"excerpt":{"rendered":"<p>Beneath Springhill: The Maurice Ruddick Story de Beau Dixon se jouera du 30 novembre au 10 d\u00e9cembre. Elle raconte la vie de Maurice Ruddick, un Afro-Canadien et un des survivants &hellip; <a href=\"https:\/\/www.watermarktheatre.com\/fr\/beneath-springhill-the-maurice-ruddick-story-by-beau-dixon\/\">Continued<\/a><\/p>\n","protected":false},"author":2,"featured_media":0,"parent":0,"menu_order":0,"comment_status":"closed","ping_status":"closed","template":"","meta":{"footnotes":""},"class_list":["post-5704","page","type-page","status-publish","hentry"],"_links":{"self":[{"href":"https:\/\/www.watermarktheatre.com\/fr\/wp-json\/wp\/v2\/pages\/5704","targetHints":{"allow":["GET"]}}],"collection":[{"href":"https:\/\/www.watermarktheatre.com\/fr\/wp-json\/wp\/v2\/pages"}],"about":[{"href":"https:\/\/www.watermarktheatre.com\/fr\/wp-json\/wp\/v2\/types\/page"}],"author":[{"embeddable":true,"href":"https:\/\/www.watermarktheatre.com\/fr\/wp-json\/wp\/v2\/users\/2"}],"replies":[{"embeddable":true,"href":"https:\/\/www.watermarktheatre.com\/fr\/wp-json\/wp\/v2\/comments?post=5704"}],"version-history":[{"count":6,"href":"https:\/\/www.watermarktheatre.com\/fr\/wp-json\/wp\/v2\/pages\/5704\/revisions"}],"predecessor-version":[{"id":5979,"href":"https:\/\/www.watermarktheatre.com\/fr\/wp-json\/wp\/v2\/pages\/5704\/revisions\/5979"}],"wp:attachment":[{"href":"https:\/\/www.watermarktheatre.com\/fr\/wp-json\/wp\/v2\/media?parent=5704"}],"curies":[{"name":"wp","href":"https:\/\/api.w.org\/{rel}","templated":true}]}}