{"id":5701,"date":"2022-02-09T11:36:31","date_gmt":"2022-02-09T15:36:31","guid":{"rendered":"https:\/\/watermarktheatre.com\/the-drawer-boy-by-michael-healey\/"},"modified":"2022-05-11T12:12:09","modified_gmt":"2022-05-11T15:12:09","slug":"the-drawer-boy-by-michael-healey","status":"publish","type":"page","link":"https:\/\/www.watermarktheatre.com\/fr\/the-drawer-boy-by-michael-healey\/","title":{"rendered":"The Drawer Boy by Michael Healey"},"content":{"rendered":"<p>Une pi\u00e8ce classique canadienne, <strong><em>The Drawer Boy <\/em><\/strong>de Michael Healey, jouera du 9 ao\u00fbt au 3 septembre. Un jeune acteur citadin habite chez deux agriculteurs pour r\u00e9colter des histoires sur la vie rurale. Les vies des agriculteurs sont chang\u00e9es pour toujours quand l\u2019art essaie d\u2019imiter la vie et l\u2019on franchit la barri\u00e8re entre la v\u00e9rit\u00e9 et la fiction. Cette pi\u00e8ce hilariante, surprenante et infiniment \u00e9mouvante a remport\u00e9 le Prix litt\u00e9raire du Gouverneur g\u00e9n\u00e9ral de 1999 dans la cat\u00e9gorie du th\u00e9\u00e2tre.<\/p>\n<p><img loading=\"lazy\" decoding=\"async\" class=\"aligncenter wp-image-5698 size-large\" src=\"http:\/\/watermarktheatre.com\/wp-content\/uploads\/2022\/04\/WatermarkDrawer_2022-social-05-1024x662.jpg\" alt=\"\" width=\"1024\" height=\"662\" srcset=\"https:\/\/www.watermarktheatre.com\/wp-content\/uploads\/2022\/04\/WatermarkDrawer_2022-social-05-1024x662.jpg 1024w, https:\/\/www.watermarktheatre.com\/wp-content\/uploads\/2022\/04\/WatermarkDrawer_2022-social-05-300x194.jpg 300w, https:\/\/www.watermarktheatre.com\/wp-content\/uploads\/2022\/04\/WatermarkDrawer_2022-social-05-768x497.jpg 768w, https:\/\/www.watermarktheatre.com\/wp-content\/uploads\/2022\/04\/WatermarkDrawer_2022-social-05-1536x993.jpg 1536w, https:\/\/www.watermarktheatre.com\/wp-content\/uploads\/2022\/04\/WatermarkDrawer_2022-social-05.jpg 1913w\" sizes=\"auto, (max-width: 1024px) 100vw, 1024px\" \/><\/p>\n","protected":false},"excerpt":{"rendered":"<p>Une pi\u00e8ce classique canadienne, The Drawer Boy de Michael Healey, jouera du 9 ao\u00fbt au 3 septembre. Un jeune acteur citadin habite chez deux agriculteurs pour r\u00e9colter des histoires sur &hellip; <a href=\"https:\/\/www.watermarktheatre.com\/fr\/the-drawer-boy-by-michael-healey\/\">Continued<\/a><\/p>\n","protected":false},"author":2,"featured_media":0,"parent":0,"menu_order":0,"comment_status":"closed","ping_status":"closed","template":"","meta":{"footnotes":""},"class_list":["post-5701","page","type-page","status-publish","hentry"],"_links":{"self":[{"href":"https:\/\/www.watermarktheatre.com\/fr\/wp-json\/wp\/v2\/pages\/5701","targetHints":{"allow":["GET"]}}],"collection":[{"href":"https:\/\/www.watermarktheatre.com\/fr\/wp-json\/wp\/v2\/pages"}],"about":[{"href":"https:\/\/www.watermarktheatre.com\/fr\/wp-json\/wp\/v2\/types\/page"}],"author":[{"embeddable":true,"href":"https:\/\/www.watermarktheatre.com\/fr\/wp-json\/wp\/v2\/users\/2"}],"replies":[{"embeddable":true,"href":"https:\/\/www.watermarktheatre.com\/fr\/wp-json\/wp\/v2\/comments?post=5701"}],"version-history":[{"count":3,"href":"https:\/\/www.watermarktheatre.com\/fr\/wp-json\/wp\/v2\/pages\/5701\/revisions"}],"predecessor-version":[{"id":5842,"href":"https:\/\/www.watermarktheatre.com\/fr\/wp-json\/wp\/v2\/pages\/5701\/revisions\/5842"}],"wp:attachment":[{"href":"https:\/\/www.watermarktheatre.com\/fr\/wp-json\/wp\/v2\/media?parent=5701"}],"curies":[{"name":"wp","href":"https:\/\/api.w.org\/{rel}","templated":true}]}}